{"id":758889,"date":"2025-08-28T08:18:33","date_gmt":"2025-08-28T05:18:33","guid":{"rendered":"https:\/\/roveyayinevi.com.tr\/index.php\/urun\/goc-cigliklari\/"},"modified":"2026-04-16T03:11:49","modified_gmt":"2026-04-16T00:11:49","slug":"goc-cigliklari","status":"publish","type":"product","link":"https:\/\/roveyayinevi.com.tr\/index.php\/urun\/goc-cigliklari\/","title":{"rendered":"G\u00f6\u00e7 \u00c7\u0131\u011fl\u0131klar\u0131"},"content":{"rendered":"<p>Sonra tenha bir yer arad\u0131m B\u00fct\u00fcn tenhalar kederliydi Bir liman kente s\u0131\u011f\u0131nd\u0131m Eski bir mahzen kokusunu and\u0131r\u0131yordu Kabahatli bir \u00e7ocuk gibiydim   Ka\u00e7 \u015fiir ka\u00e7 kere d\u00fc\u015ft\u00fc g\u00f6zlerimden Kitaplar\u0131 a\u015fk\u0131 m\u0131sralar\u0131 Ka\u00e7 poyraza savurmu\u015ftu zaman B\u00fct\u00fcn vakitlerin Sevdas\u0131zl\u0131\u011f\u0131yla yo\u011frulmu\u015ftum \u00c7ok vakit ge\u00e7mi\u015fti \u00c7ocuklu\u011fumun g\u00fcl\u00fc\u015f\u00fcnde kalm\u0131\u015ft\u0131 hasretli\u011fim   Harcan\u0131p uzun senelere Puslu al\u0131ngan y\u00fcreklerin S\u0131nav\u0131ndan s\u00fcz\u00fclm\u00fc\u015ft\u00fcm Iss\u0131z k\u0131yalara s\u0131\u011f\u0131nm\u0131\u015f g\u00f6zya\u015f\u0131m G\u00f6r\u00fcnmekten korkarcas\u0131na Me\u011fer ben ne \u00e7ok \u00f6zlemi\u015fim seni Annem <\/p>\n","protected":false},"excerpt":{"rendered":"<p>Sonra tenha bir yer arad\u0131m B\u00fct\u00fcn tenhalar kederliydi Bir liman kente s\u0131\u011f\u0131nd\u0131m Eski bir mahzen kokusunu and\u0131r\u0131yordu Kabahatli bir \u00e7ocuk gibiydim Ka\u00e7 \u015fiir ka\u00e7 kere d\u00fc\u015ft\u00fc<span class=\"excerpt-hellip\"> [\u2026]<\/span><\/p>\n","protected":false},"featured_media":0,"template":"","meta":{"_monsterinsights_skip_tracking":false,"_monsterinsights_sitenote_active":false,"_monsterinsights_sitenote_note":"","_monsterinsights_sitenote_category":0},"product_brand":[],"product_cat":[12291,12509],"product_tag":[],"class_list":{"0":"post-758889","1":"product","2":"type-product","3":"status-publish","5":"product_cat-edebiyat","6":"product_cat-siir","7":"pa_cilt-ciltsiz","8":"pa_tur-kitap","9":"pa_yayinevi-imla-yayinevi","10":"pa_yazar-gulsum-coskun","12":"first","13":"instock","14":"sale","15":"shipping-taxable","16":"purchasable","17":"product-type-simple"},"_links":{"self":[{"href":"https:\/\/roveyayinevi.com.tr\/index.php\/wp-json\/wp\/v2\/product\/758889","targetHints":{"allow":["GET"]}}],"collection":[{"href":"https:\/\/roveyayinevi.com.tr\/index.php\/wp-json\/wp\/v2\/product"}],"about":[{"href":"https:\/\/roveyayinevi.com.tr\/index.php\/wp-json\/wp\/v2\/types\/product"}],"wp:attachment":[{"href":"https:\/\/roveyayinevi.com.tr\/index.php\/wp-json\/wp\/v2\/media?parent=758889"}],"wp:term":[{"taxonomy":"product_brand","embeddable":true,"href":"https:\/\/roveyayinevi.com.tr\/index.php\/wp-json\/wp\/v2\/product_brand?post=758889"},{"taxonomy":"product_cat","embeddable":true,"href":"https:\/\/roveyayinevi.com.tr\/index.php\/wp-json\/wp\/v2\/product_cat?post=758889"},{"taxonomy":"product_tag","embeddable":true,"href":"https:\/\/roveyayinevi.com.tr\/index.php\/wp-json\/wp\/v2\/product_tag?post=758889"}],"curies":[{"name":"wp","href":"https:\/\/api.w.org\/{rel}","templated":true}]}}