{"id":758887,"date":"2025-08-28T08:18:29","date_gmt":"2025-08-28T05:18:29","guid":{"rendered":"https:\/\/roveyayinevi.com.tr\/index.php\/urun\/anne-sofyanin-gezi-listesi\/"},"modified":"2026-04-16T03:11:49","modified_gmt":"2026-04-16T00:11:49","slug":"anne-sofyanin-gezi-listesi","status":"publish","type":"product","link":"https:\/\/roveyayinevi.com.tr\/index.php\/urun\/anne-sofyanin-gezi-listesi\/","title":{"rendered":"Anne Sofya&#8217;n\u0131n Gezi Listesi"},"content":{"rendered":"<p>Bu kitap; \u00e7ocuklar\u0131 azarlayan, onlar\u0131 yaramaz, huysuz, \u015f\u0131mar\u0131k diye etiketleyen \u015fik\u00e2yet\u00e7i yeti\u015fkinler ile \u00e7ocuklar\u0131n\u0131 \u00e7ok seven, kalbi mutlulukla ats\u0131n isteyen annelerin hik\u00e2yesidir. Anne Sofya, obur bir gezi severdi. \u00c7ocuklar\u0131yla beraber s\u00fcrekli yeni yerler ke\u015ffetmek isterdi. Okyanusun alt\u0131nda, \u00e7\u00f6l\u00fcn \u00fcst\u00fcnde, g\u00f6ky\u00fcz\u00fcn\u00fcn \u015feffafl\u0131\u011f\u0131nda ya da yery\u00fcz\u00fcn\u00fcn betonlar\u0131 aras\u0131nda\u2026 Bu kez gezi listesinde bir orman vard\u0131. Ormanda ise \u00e7ok tuhaf \u015feyler oluyordu. Bakal\u0131m, bu maceran\u0131n sonu nas\u0131l bitecekti? Merak ediyorsan sayfalar\u0131 \u00e7evir. Haydi! <\/p>\n","protected":false},"excerpt":{"rendered":"<p>Bu kitap; \u00e7ocuklar\u0131 azarlayan, onlar\u0131 yaramaz, huysuz, \u015f\u0131mar\u0131k diye etiketleyen \u015fik\u00e2yet\u00e7i yeti\u015fkinler ile \u00e7ocuklar\u0131n\u0131 \u00e7ok seven, kalbi mutlulukla ats\u0131n isteyen annelerin hik\u00e2yesidir. Anne Sofya, obur bir<span class=\"excerpt-hellip\"> [\u2026]<\/span><\/p>\n","protected":false},"featured_media":0,"template":"","meta":{"_monsterinsights_skip_tracking":false,"_monsterinsights_sitenote_active":false,"_monsterinsights_sitenote_note":"","_monsterinsights_sitenote_category":0},"product_brand":[],"product_cat":[12274,12518],"product_tag":[],"class_list":{"0":"post-758887","1":"product","2":"type-product","3":"status-publish","5":"product_cat-cocuk-ve-genclik-kitaplari","6":"product_cat-okul-oncesi-kitaplar","7":"pa_cilt-ciltsiz","8":"pa_tur-kitap","9":"pa_yayinevi-cinaralti-yayinlari","10":"pa_yazar-buse-aybuke-erdogan","12":"first","13":"instock","14":"sale","15":"shipping-taxable","16":"purchasable","17":"product-type-simple"},"_links":{"self":[{"href":"https:\/\/roveyayinevi.com.tr\/index.php\/wp-json\/wp\/v2\/product\/758887","targetHints":{"allow":["GET"]}}],"collection":[{"href":"https:\/\/roveyayinevi.com.tr\/index.php\/wp-json\/wp\/v2\/product"}],"about":[{"href":"https:\/\/roveyayinevi.com.tr\/index.php\/wp-json\/wp\/v2\/types\/product"}],"wp:attachment":[{"href":"https:\/\/roveyayinevi.com.tr\/index.php\/wp-json\/wp\/v2\/media?parent=758887"}],"wp:term":[{"taxonomy":"product_brand","embeddable":true,"href":"https:\/\/roveyayinevi.com.tr\/index.php\/wp-json\/wp\/v2\/product_brand?post=758887"},{"taxonomy":"product_cat","embeddable":true,"href":"https:\/\/roveyayinevi.com.tr\/index.php\/wp-json\/wp\/v2\/product_cat?post=758887"},{"taxonomy":"product_tag","embeddable":true,"href":"https:\/\/roveyayinevi.com.tr\/index.php\/wp-json\/wp\/v2\/product_tag?post=758887"}],"curies":[{"name":"wp","href":"https:\/\/api.w.org\/{rel}","templated":true}]}}