{"id":758886,"date":"2025-08-28T08:18:28","date_gmt":"2025-08-28T05:18:28","guid":{"rendered":"https:\/\/roveyayinevi.com.tr\/index.php\/urun\/kirazin-akilli-kumbaralari\/"},"modified":"2026-04-16T03:11:49","modified_gmt":"2026-04-16T00:11:49","slug":"kirazin-akilli-kumbaralari","status":"publish","type":"product","link":"https:\/\/roveyayinevi.com.tr\/index.php\/urun\/kirazin-akilli-kumbaralari\/","title":{"rendered":"Kiraz&#8217;\u0131n Ak\u0131ll\u0131 Kumbaralar\u0131"},"content":{"rendered":"<p>Yumurta, et, bal\u0131k ve tavuk\u2026 \u00c7esit \u00e7esit sebzeler\u2026 Birbirinden g\u00fczel meyveler\u2026 Mis gibi s\u00fct, leziz mi leziz peynirler\u2026 \u00c7\u0131t\u0131r \u00e7\u0131t\u0131r kuruyemi\u015fler&#8230; Kiraz ve ak\u0131ll\u0131 kumbaralar\u0131 ile tan\u0131\u015fmaya, onlardan sa\u011fl\u0131kl\u0131 beslenme \u00f6nerileri almaya haz\u0131r m\u0131s\u0131n\u0131z? *** Sevgili anneler\/babalar\u2026 Uzman diyetisyen kontrol\u00fcnde haz\u0131rlanan bu kitap, \u00e7ocuklar\u0131m\u0131za sa\u011fl\u0131kl\u0131 beslenme al\u0131\u015fkanl\u0131\u011f\u0131 kazand\u0131rmay\u0131 ama\u00e7l\u0131yor. <\/p>\n","protected":false},"excerpt":{"rendered":"<p>Yumurta, et, bal\u0131k ve tavuk\u2026 \u00c7esit \u00e7esit sebzeler\u2026 Birbirinden g\u00fczel meyveler\u2026 Mis gibi s\u00fct, leziz mi leziz peynirler\u2026 \u00c7\u0131t\u0131r \u00e7\u0131t\u0131r kuruyemi\u015fler&#8230; Kiraz ve ak\u0131ll\u0131 kumbaralar\u0131 ile<span class=\"excerpt-hellip\"> [\u2026]<\/span><\/p>\n","protected":false},"featured_media":0,"template":"","meta":{"_monsterinsights_skip_tracking":false,"_monsterinsights_sitenote_active":false,"_monsterinsights_sitenote_note":"","_monsterinsights_sitenote_category":0},"product_brand":[],"product_cat":[12274,12518],"product_tag":[],"class_list":{"0":"post-758886","1":"product","2":"type-product","3":"status-publish","5":"product_cat-cocuk-ve-genclik-kitaplari","6":"product_cat-okul-oncesi-kitaplar","7":"pa_cilt-ciltsiz","8":"pa_tur-kitap","9":"pa_yayinevi-cinaralti-yayinlari","10":"pa_yazar-ilknur-isik","12":"first","13":"instock","14":"sale","15":"shipping-taxable","16":"purchasable","17":"product-type-simple"},"_links":{"self":[{"href":"https:\/\/roveyayinevi.com.tr\/index.php\/wp-json\/wp\/v2\/product\/758886","targetHints":{"allow":["GET"]}}],"collection":[{"href":"https:\/\/roveyayinevi.com.tr\/index.php\/wp-json\/wp\/v2\/product"}],"about":[{"href":"https:\/\/roveyayinevi.com.tr\/index.php\/wp-json\/wp\/v2\/types\/product"}],"wp:attachment":[{"href":"https:\/\/roveyayinevi.com.tr\/index.php\/wp-json\/wp\/v2\/media?parent=758886"}],"wp:term":[{"taxonomy":"product_brand","embeddable":true,"href":"https:\/\/roveyayinevi.com.tr\/index.php\/wp-json\/wp\/v2\/product_brand?post=758886"},{"taxonomy":"product_cat","embeddable":true,"href":"https:\/\/roveyayinevi.com.tr\/index.php\/wp-json\/wp\/v2\/product_cat?post=758886"},{"taxonomy":"product_tag","embeddable":true,"href":"https:\/\/roveyayinevi.com.tr\/index.php\/wp-json\/wp\/v2\/product_tag?post=758886"}],"curies":[{"name":"wp","href":"https:\/\/api.w.org\/{rel}","templated":true}]}}