{"id":758885,"date":"2025-08-28T08:18:26","date_gmt":"2025-08-28T05:18:26","guid":{"rendered":"https:\/\/roveyayinevi.com.tr\/index.php\/urun\/mira-ve-izcimikler\/"},"modified":"2026-04-16T03:11:49","modified_gmt":"2026-04-16T00:11:49","slug":"mira-ve-izcimikler","status":"publish","type":"product","link":"https:\/\/roveyayinevi.com.tr\/index.php\/urun\/mira-ve-izcimikler\/","title":{"rendered":"Mira ve \u0130zcimikler"},"content":{"rendered":"<p>Mira, ke\u015ffetmeyi ve hayal etmeyi \u00e7ok seven bir k\u0131zd\u0131. Baz\u0131lar\u0131 onun biraz sakar biraz da da\u011f\u0131n\u0131k oldu\u011funu s\u00f6ylerdi. Ama alakas\u0131 bile yoktu. Sadece biraz fazlaca merakl\u0131yd\u0131. O etraf\u0131ndaki her \u015feyi merak ediyor, ilgin\u00e7 bir \u015feyler bulmak i\u00e7in her yeri didik didik kar\u0131\u015ft\u0131r\u0131yordu. O sabah yine her zamanki saatlerde uyanm\u0131\u015ft\u0131. A\u015fa\u011f\u0131 yukar\u0131 06.45\u2019te\u2026 \u201cBug\u00fcn ke\u015ffetmem gereken \u00e7oook \u015fey var.\u201d diyerek kikirdedi. <\/p>\n","protected":false},"excerpt":{"rendered":"<p>Mira, ke\u015ffetmeyi ve hayal etmeyi \u00e7ok seven bir k\u0131zd\u0131. Baz\u0131lar\u0131 onun biraz sakar biraz da da\u011f\u0131n\u0131k oldu\u011funu s\u00f6ylerdi. Ama alakas\u0131 bile yoktu. Sadece biraz fazlaca merakl\u0131yd\u0131.<span class=\"excerpt-hellip\"> [\u2026]<\/span><\/p>\n","protected":false},"featured_media":0,"template":"","meta":{"_monsterinsights_skip_tracking":false,"_monsterinsights_sitenote_active":false,"_monsterinsights_sitenote_note":"","_monsterinsights_sitenote_category":0},"product_brand":[],"product_cat":[12274,12518],"product_tag":[],"class_list":{"0":"post-758885","1":"product","2":"type-product","3":"status-publish","5":"product_cat-cocuk-ve-genclik-kitaplari","6":"product_cat-okul-oncesi-kitaplar","7":"pa_cilt-ciltsiz","8":"pa_tur-kitap","9":"pa_yayinevi-cinaralti-yayinlari","10":"pa_yazar-ayse-can-yagmur","12":"first","13":"instock","14":"sale","15":"shipping-taxable","16":"purchasable","17":"product-type-simple"},"_links":{"self":[{"href":"https:\/\/roveyayinevi.com.tr\/index.php\/wp-json\/wp\/v2\/product\/758885","targetHints":{"allow":["GET"]}}],"collection":[{"href":"https:\/\/roveyayinevi.com.tr\/index.php\/wp-json\/wp\/v2\/product"}],"about":[{"href":"https:\/\/roveyayinevi.com.tr\/index.php\/wp-json\/wp\/v2\/types\/product"}],"wp:attachment":[{"href":"https:\/\/roveyayinevi.com.tr\/index.php\/wp-json\/wp\/v2\/media?parent=758885"}],"wp:term":[{"taxonomy":"product_brand","embeddable":true,"href":"https:\/\/roveyayinevi.com.tr\/index.php\/wp-json\/wp\/v2\/product_brand?post=758885"},{"taxonomy":"product_cat","embeddable":true,"href":"https:\/\/roveyayinevi.com.tr\/index.php\/wp-json\/wp\/v2\/product_cat?post=758885"},{"taxonomy":"product_tag","embeddable":true,"href":"https:\/\/roveyayinevi.com.tr\/index.php\/wp-json\/wp\/v2\/product_tag?post=758885"}],"curies":[{"name":"wp","href":"https:\/\/api.w.org\/{rel}","templated":true}]}}