{"id":758883,"date":"2025-08-28T08:18:23","date_gmt":"2025-08-28T05:18:23","guid":{"rendered":"https:\/\/roveyayinevi.com.tr\/index.php\/urun\/gonul-firtinasi\/"},"modified":"2026-01-30T03:49:41","modified_gmt":"2026-01-30T00:49:41","slug":"gonul-firtinasi","status":"publish","type":"product","link":"https:\/\/roveyayinevi.com.tr\/index.php\/urun\/gonul-firtinasi\/","title":{"rendered":"G\u00f6n\u00fcl F\u0131rt\u0131nas\u0131"},"content":{"rendered":"<p>G\u00fcnlerim uzun sensiz ve yaln\u0131z, Ge\u00e7miyor zaman hissiz ve duygusuz. Sanma ki ya\u015f\u0131yorum, sanma ki sensiz, Ya\u015fanm\u0131yor a\u015fks\u0131z ve duygusuz.   Ne yediklerimde tat var, Ne g\u00fcld\u00fcklerimde komiklik var. Ya\u015famaksa ya\u015famaya \u00e7al\u0131\u015fan var, Mutlu oldu\u011fumu sananlar var.   Mutluluk \u00e7ok uzaklarda, Gelmeyecek g\u00fczel g\u00fcnler. Ne g\u00f6ky\u00fcz\u00fcndeki ku\u015flarda, Ne de a\u00e7an \u00e7i\u00e7eklerde.   Bende giden koca bir \u00f6m\u00fcr var, De\u011ferimi bilmeyen namertler var. Ac\u0131may\u0131n bana, arkamda yaralar var, Hep s\u0131rt\u0131mdan vuran kalle\u015fler var. <\/p>\n","protected":false},"excerpt":{"rendered":"<p>G\u00fcnlerim uzun sensiz ve yaln\u0131z, Ge\u00e7miyor zaman hissiz ve duygusuz. Sanma ki ya\u015f\u0131yorum, sanma ki sensiz, Ya\u015fanm\u0131yor a\u015fks\u0131z ve duygusuz. Ne yediklerimde tat var, Ne g\u00fcld\u00fcklerimde<span class=\"excerpt-hellip\"> [\u2026]<\/span><\/p>\n","protected":false},"featured_media":0,"template":"","meta":{"_monsterinsights_skip_tracking":false,"_monsterinsights_sitenote_active":false,"_monsterinsights_sitenote_note":"","_monsterinsights_sitenote_category":0},"product_brand":[],"product_cat":[12291,12509],"product_tag":[],"class_list":{"0":"post-758883","1":"product","2":"type-product","3":"status-publish","5":"product_cat-edebiyat","6":"product_cat-siir","7":"pa_cilt-ciltsiz","8":"pa_tur-kitap","9":"pa_yayinevi-vova-yayinlari","10":"pa_yazar-ali-kose","12":"first","13":"instock","14":"sale","15":"shipping-taxable","16":"purchasable","17":"product-type-simple"},"_links":{"self":[{"href":"https:\/\/roveyayinevi.com.tr\/index.php\/wp-json\/wp\/v2\/product\/758883","targetHints":{"allow":["GET"]}}],"collection":[{"href":"https:\/\/roveyayinevi.com.tr\/index.php\/wp-json\/wp\/v2\/product"}],"about":[{"href":"https:\/\/roveyayinevi.com.tr\/index.php\/wp-json\/wp\/v2\/types\/product"}],"wp:attachment":[{"href":"https:\/\/roveyayinevi.com.tr\/index.php\/wp-json\/wp\/v2\/media?parent=758883"}],"wp:term":[{"taxonomy":"product_brand","embeddable":true,"href":"https:\/\/roveyayinevi.com.tr\/index.php\/wp-json\/wp\/v2\/product_brand?post=758883"},{"taxonomy":"product_cat","embeddable":true,"href":"https:\/\/roveyayinevi.com.tr\/index.php\/wp-json\/wp\/v2\/product_cat?post=758883"},{"taxonomy":"product_tag","embeddable":true,"href":"https:\/\/roveyayinevi.com.tr\/index.php\/wp-json\/wp\/v2\/product_tag?post=758883"}],"curies":[{"name":"wp","href":"https:\/\/api.w.org\/{rel}","templated":true}]}}