{"id":758882,"date":"2025-08-28T08:18:21","date_gmt":"2025-08-28T05:18:21","guid":{"rendered":"https:\/\/roveyayinevi.com.tr\/index.php\/urun\/gunes-dustu\/"},"modified":"2026-01-30T03:49:41","modified_gmt":"2026-01-30T00:49:41","slug":"gunes-dustu","status":"publish","type":"product","link":"https:\/\/roveyayinevi.com.tr\/index.php\/urun\/gunes-dustu\/","title":{"rendered":"G\u00fcne\u015f D\u00fc\u015ft\u00fc"},"content":{"rendered":"<p>De\u011ferli okurlar, \u015eu an elinizde tuttu\u011funuz kitap M.\u00d6 5000 ile 6000 y\u0131llar\u0131 aras\u0131nda ya\u015fam\u0131\u015f Ta\u015f Devri insanlar\u0131n\u0131n ya\u015famlar\u0131n\u0131 anlatan bir macera kitab\u0131 serisinin birincisidir. Ak\u0131c\u0131 bir macera olmas\u0131na kar\u015f\u0131n i\u00e7inde dilbilim ile ilgili, ilginizi \u00e7ekece\u011fini d\u00fc\u015f\u00fcnd\u00fc\u011f\u00fcm k\u0131s\u0131mlar\u0131 da g\u00f6receksiniz. \u0130nsanl\u0131\u011f\u0131n en b\u00fcy\u00fck ve en \u00f6nemli bulu\u015fu dilin temel \u00f6geleri olan s\u00f6zc\u00fcklerin nas\u0131l bulundu\u011funu ya da bulunabilece\u011fini okuyup, sizlerin de bu konu \u00fczerinde d\u00fc\u015f\u00fcnece\u011finizi ve \u00fcretim yapabilece\u011finize eminim. Kitapta belirtilen ki\u015filer hi\u00e7bir \u0131rk\u0131 temsil etmemektedir, sadece insand\u0131rlar. \u015eimdiden iyi okumalar diler, sayg\u0131lar\u0131m\u0131 sunar\u0131m. <\/p>\n","protected":false},"excerpt":{"rendered":"<p>De\u011ferli okurlar, \u015eu an elinizde tuttu\u011funuz kitap M.\u00d6 5000 ile 6000 y\u0131llar\u0131 aras\u0131nda ya\u015fam\u0131\u015f Ta\u015f Devri insanlar\u0131n\u0131n ya\u015famlar\u0131n\u0131 anlatan bir macera kitab\u0131 serisinin birincisidir. Ak\u0131c\u0131 bir<span class=\"excerpt-hellip\"> [\u2026]<\/span><\/p>\n","protected":false},"featured_media":0,"template":"","meta":{"_monsterinsights_skip_tracking":false,"_monsterinsights_sitenote_active":false,"_monsterinsights_sitenote_note":"","_monsterinsights_sitenote_category":0},"product_brand":[],"product_cat":[12291,12711],"product_tag":[],"class_list":{"0":"post-758882","1":"product","2":"type-product","3":"status-publish","5":"product_cat-edebiyat","6":"product_cat-roman-oyku","7":"pa_cilt-ciltsiz","8":"pa_tur-kitap","9":"pa_yayinevi-vova-yayinlari","10":"pa_yazar-huseyin-yazgac","12":"first","13":"instock","14":"sale","15":"shipping-taxable","16":"purchasable","17":"product-type-simple"},"_links":{"self":[{"href":"https:\/\/roveyayinevi.com.tr\/index.php\/wp-json\/wp\/v2\/product\/758882","targetHints":{"allow":["GET"]}}],"collection":[{"href":"https:\/\/roveyayinevi.com.tr\/index.php\/wp-json\/wp\/v2\/product"}],"about":[{"href":"https:\/\/roveyayinevi.com.tr\/index.php\/wp-json\/wp\/v2\/types\/product"}],"wp:attachment":[{"href":"https:\/\/roveyayinevi.com.tr\/index.php\/wp-json\/wp\/v2\/media?parent=758882"}],"wp:term":[{"taxonomy":"product_brand","embeddable":true,"href":"https:\/\/roveyayinevi.com.tr\/index.php\/wp-json\/wp\/v2\/product_brand?post=758882"},{"taxonomy":"product_cat","embeddable":true,"href":"https:\/\/roveyayinevi.com.tr\/index.php\/wp-json\/wp\/v2\/product_cat?post=758882"},{"taxonomy":"product_tag","embeddable":true,"href":"https:\/\/roveyayinevi.com.tr\/index.php\/wp-json\/wp\/v2\/product_tag?post=758882"}],"curies":[{"name":"wp","href":"https:\/\/api.w.org\/{rel}","templated":true}]}}