{"id":758875,"date":"2025-08-28T08:18:09","date_gmt":"2025-08-28T05:18:09","guid":{"rendered":"https:\/\/roveyayinevi.com.tr\/index.php\/urun\/dikkat-gelistirici-zeka-oyunu-resfebe-ramazana-ozel-kirk-hadis\/"},"modified":"2026-01-28T03:47:53","modified_gmt":"2026-01-28T00:47:53","slug":"dikkat-gelistirici-zeka-oyunu-resfebe-ramazana-ozel-kirk-hadis","status":"publish","type":"product","link":"https:\/\/roveyayinevi.com.tr\/index.php\/urun\/dikkat-gelistirici-zeka-oyunu-resfebe-ramazana-ozel-kirk-hadis\/","title":{"rendered":"Dikkat Geli\u015ftirici Zeka Oyunu Resfebe Ramazan\u2019a \u00d6zel K\u0131rk Hadis"},"content":{"rendered":"<p>Ramazan geldi ho\u015f geldi. Hem de bereketiyle geldi. Haydi t\u00fcm aile toplan\u0131n! \u015eifreleri \u00e7\u00f6z\u00fcn, Ramazan ay\u0131yla ilgili k\u0131rk hadisi tamamlay\u0131n! Ama hadisleri kitab\u0131n sat\u0131rlar\u0131nda b\u0131rakmay\u0131n. Ailece ya\u015famaya niyet ederek Peygamberimizin s\u00fcnnetlerini bug\u00fcne ta\u015f\u0131y\u0131n! <\/p>\n","protected":false},"excerpt":{"rendered":"<p>Ramazan geldi ho\u015f geldi. Hem de bereketiyle geldi. Haydi t\u00fcm aile toplan\u0131n! \u015eifreleri \u00e7\u00f6z\u00fcn, Ramazan ay\u0131yla ilgili k\u0131rk hadisi tamamlay\u0131n! Ama hadisleri kitab\u0131n sat\u0131rlar\u0131nda b\u0131rakmay\u0131n. Ailece<span class=\"excerpt-hellip\"> [\u2026]<\/span><\/p>\n","protected":false},"featured_media":0,"template":"","meta":{"_monsterinsights_skip_tracking":false,"_monsterinsights_sitenote_active":false,"_monsterinsights_sitenote_note":"","_monsterinsights_sitenote_category":0},"product_brand":[],"product_cat":[12274,15842],"product_tag":[],"class_list":{"0":"post-758875","1":"product","2":"type-product","3":"status-publish","5":"product_cat-cocuk-ve-genclik-kitaplari","6":"product_cat-egitici-kitaplar","7":"pa_cilt-ciltsiz","8":"pa_tur-kitap","9":"pa_yayinevi-aile-yayinlari","10":"pa_yazar-ayse-cetintas","12":"first","13":"instock","14":"sale","15":"shipping-taxable","16":"purchasable","17":"product-type-simple"},"_links":{"self":[{"href":"https:\/\/roveyayinevi.com.tr\/index.php\/wp-json\/wp\/v2\/product\/758875","targetHints":{"allow":["GET"]}}],"collection":[{"href":"https:\/\/roveyayinevi.com.tr\/index.php\/wp-json\/wp\/v2\/product"}],"about":[{"href":"https:\/\/roveyayinevi.com.tr\/index.php\/wp-json\/wp\/v2\/types\/product"}],"wp:attachment":[{"href":"https:\/\/roveyayinevi.com.tr\/index.php\/wp-json\/wp\/v2\/media?parent=758875"}],"wp:term":[{"taxonomy":"product_brand","embeddable":true,"href":"https:\/\/roveyayinevi.com.tr\/index.php\/wp-json\/wp\/v2\/product_brand?post=758875"},{"taxonomy":"product_cat","embeddable":true,"href":"https:\/\/roveyayinevi.com.tr\/index.php\/wp-json\/wp\/v2\/product_cat?post=758875"},{"taxonomy":"product_tag","embeddable":true,"href":"https:\/\/roveyayinevi.com.tr\/index.php\/wp-json\/wp\/v2\/product_tag?post=758875"}],"curies":[{"name":"wp","href":"https:\/\/api.w.org\/{rel}","templated":true}]}}