{"id":758874,"date":"2025-08-28T08:18:07","date_gmt":"2025-08-28T05:18:07","guid":{"rendered":"https:\/\/roveyayinevi.com.tr\/index.php\/urun\/ailece-ramazan-muhabbetleri\/"},"modified":"2026-01-28T03:47:53","modified_gmt":"2026-01-28T00:47:53","slug":"ailece-ramazan-muhabbetleri","status":"publish","type":"product","link":"https:\/\/roveyayinevi.com.tr\/index.php\/urun\/ailece-ramazan-muhabbetleri\/","title":{"rendered":"Ailece Ramazan Muhabbetleri"},"content":{"rendered":"<p>Ramazan ay\u0131 her y\u0131l takvimimize geliyor ama iklimimize ne kadar giriyor? Bu kitap \u201cailece\u201d Ramazan ay\u0131n\u0131n kadrini k\u0131ymetini bilelim diye geliyor! Oru\u00e7, teravih, imsak, sahur&#8230; Ramazan ay\u0131nda s\u0131k\u00e7a duydu\u011fumuz bu kelimeler ne anlama geliyor? Her g\u00fcne bir etkinlik, bir dua ve tefekk\u00fcr fikirleriyle ailemize Ramazan muhabbetleri geliyor! Hatice K\u00fcbra Tongar\u2019\u0131n kaleminden 7\u2019den 77\u2019ye herkese Ramazan e\u011flencesi! 77 ya\u015f \u00fcst\u00fc i\u00e7in g\u00f6zl\u00fck gerekebilir. <\/p>\n","protected":false},"excerpt":{"rendered":"<p>Ramazan ay\u0131 her y\u0131l takvimimize geliyor ama iklimimize ne kadar giriyor? Bu kitap \u201cailece\u201d Ramazan ay\u0131n\u0131n kadrini k\u0131ymetini bilelim diye geliyor! Oru\u00e7, teravih, imsak, sahur&#8230; Ramazan<span class=\"excerpt-hellip\"> [\u2026]<\/span><\/p>\n","protected":false},"featured_media":0,"template":"","meta":{"_monsterinsights_skip_tracking":false,"_monsterinsights_sitenote_active":false,"_monsterinsights_sitenote_note":"","_monsterinsights_sitenote_category":0},"product_brand":[],"product_cat":[12274,18802],"product_tag":[],"class_list":{"0":"post-758874","1":"product","2":"type-product","3":"status-publish","5":"product_cat-cocuk-ve-genclik-kitaplari","6":"product_cat-din-egitimi","7":"pa_cilt-ciltsiz","8":"pa_tur-kitap","9":"pa_yayinevi-aile-yayinlari","10":"pa_yazar-hatice-kubra-tongar","12":"first","13":"instock","14":"sale","15":"shipping-taxable","16":"purchasable","17":"product-type-simple"},"_links":{"self":[{"href":"https:\/\/roveyayinevi.com.tr\/index.php\/wp-json\/wp\/v2\/product\/758874","targetHints":{"allow":["GET"]}}],"collection":[{"href":"https:\/\/roveyayinevi.com.tr\/index.php\/wp-json\/wp\/v2\/product"}],"about":[{"href":"https:\/\/roveyayinevi.com.tr\/index.php\/wp-json\/wp\/v2\/types\/product"}],"wp:attachment":[{"href":"https:\/\/roveyayinevi.com.tr\/index.php\/wp-json\/wp\/v2\/media?parent=758874"}],"wp:term":[{"taxonomy":"product_brand","embeddable":true,"href":"https:\/\/roveyayinevi.com.tr\/index.php\/wp-json\/wp\/v2\/product_brand?post=758874"},{"taxonomy":"product_cat","embeddable":true,"href":"https:\/\/roveyayinevi.com.tr\/index.php\/wp-json\/wp\/v2\/product_cat?post=758874"},{"taxonomy":"product_tag","embeddable":true,"href":"https:\/\/roveyayinevi.com.tr\/index.php\/wp-json\/wp\/v2\/product_tag?post=758874"}],"curies":[{"name":"wp","href":"https:\/\/api.w.org\/{rel}","templated":true}]}}