{"id":758873,"date":"2025-08-28T08:18:06","date_gmt":"2025-08-28T05:18:06","guid":{"rendered":"https:\/\/roveyayinevi.com.tr\/index.php\/urun\/ramazan-vakti-sunnetleri\/"},"modified":"2026-01-28T03:47:53","modified_gmt":"2026-01-28T00:47:53","slug":"ramazan-vakti-sunnetleri","status":"publish","type":"product","link":"https:\/\/roveyayinevi.com.tr\/index.php\/urun\/ramazan-vakti-sunnetleri\/","title":{"rendered":"Ramazan Vakti S\u00fcnnetleri"},"content":{"rendered":"<p>Peygamberimizin g\u00fcn i\u00e7inde yapt\u0131\u011f\u0131 ve bizlere \u00f6rnek olan b\u00fct\u00fcn davran\u0131\u015flar\u0131na s\u00fcnnet denir. S\u00fcnnetleri bilirsek onlar\u0131 uygulayabiliriz. Bu sayede her h\u00e2limizle ayn\u0131 Peygamberimize benzeriz. Bu kitapta sana Ramazan vakti s\u00fcnnetlerini anlatt\u0131m. B\u00f6ylece Ramazan ay\u0131n\u0131n her bir g\u00fcn\u00fcnde Peygamberimize benzeyebilecek, ayn\u0131 O\u2019nun gibi davranabileceksin. Kemerini s\u0131k\u0131 ba\u011fla, Ramazan ay\u0131na haz\u0131rlan\u0131yoruz. <\/p>\n","protected":false},"excerpt":{"rendered":"<p>Peygamberimizin g\u00fcn i\u00e7inde yapt\u0131\u011f\u0131 ve bizlere \u00f6rnek olan b\u00fct\u00fcn davran\u0131\u015flar\u0131na s\u00fcnnet denir. S\u00fcnnetleri bilirsek onlar\u0131 uygulayabiliriz. Bu sayede her h\u00e2limizle ayn\u0131 Peygamberimize benzeriz. Bu kitapta sana<span class=\"excerpt-hellip\"> [\u2026]<\/span><\/p>\n","protected":false},"featured_media":0,"template":"","meta":{"_monsterinsights_skip_tracking":false,"_monsterinsights_sitenote_active":false,"_monsterinsights_sitenote_note":"","_monsterinsights_sitenote_category":0},"product_brand":[],"product_cat":[12274,18802],"product_tag":[],"class_list":{"0":"post-758873","1":"product","2":"type-product","3":"status-publish","5":"product_cat-cocuk-ve-genclik-kitaplari","6":"product_cat-din-egitimi","7":"pa_cilt-ciltsiz","8":"pa_tur-kitap","9":"pa_yayinevi-aile-yayinlari","10":"pa_yazar-hatice-kubra-tongar","12":"first","13":"instock","14":"sale","15":"shipping-taxable","16":"purchasable","17":"product-type-simple"},"_links":{"self":[{"href":"https:\/\/roveyayinevi.com.tr\/index.php\/wp-json\/wp\/v2\/product\/758873","targetHints":{"allow":["GET"]}}],"collection":[{"href":"https:\/\/roveyayinevi.com.tr\/index.php\/wp-json\/wp\/v2\/product"}],"about":[{"href":"https:\/\/roveyayinevi.com.tr\/index.php\/wp-json\/wp\/v2\/types\/product"}],"wp:attachment":[{"href":"https:\/\/roveyayinevi.com.tr\/index.php\/wp-json\/wp\/v2\/media?parent=758873"}],"wp:term":[{"taxonomy":"product_brand","embeddable":true,"href":"https:\/\/roveyayinevi.com.tr\/index.php\/wp-json\/wp\/v2\/product_brand?post=758873"},{"taxonomy":"product_cat","embeddable":true,"href":"https:\/\/roveyayinevi.com.tr\/index.php\/wp-json\/wp\/v2\/product_cat?post=758873"},{"taxonomy":"product_tag","embeddable":true,"href":"https:\/\/roveyayinevi.com.tr\/index.php\/wp-json\/wp\/v2\/product_tag?post=758873"}],"curies":[{"name":"wp","href":"https:\/\/api.w.org\/{rel}","templated":true}]}}