{"id":758872,"date":"2025-08-28T08:18:03","date_gmt":"2025-08-28T05:18:03","guid":{"rendered":"https:\/\/roveyayinevi.com.tr\/index.php\/urun\/leviathan-2\/"},"modified":"2026-04-16T03:11:49","modified_gmt":"2026-04-16T00:11:49","slug":"leviathan-2","status":"publish","type":"product","link":"https:\/\/roveyayinevi.com.tr\/index.php\/urun\/leviathan-2\/","title":{"rendered":"Leviathan 2"},"content":{"rendered":"<p>KARANLI\u011eIN KALB\u0130NDE YATAN NED\u0130R?   \u0130NSAN MI, CANAVAR MI?   Leviathan\u2019daki tu\u0308m yeti\u015fkinler \u00f6ld\u00fc\u0308! \u0130ki \u00f6\u011frenci ise yard\u0131ma kimsenin gelmeyece\u011fini biliyor. Ortak bir \u00e7\u00f6z\u00fcm bulmak ad\u0131na arkada\u015flar\u0131na haber verecekler mi? Yoksa ya\u015famlar\u0131n\u0131 s\u00fcrd\u00fcrmek i\u00e7in tek umutlar\u0131 olan hibernasyon cihaz\u0131n\u0131 m\u0131 bulmaya \u00e7al\u0131\u015facaklar?   Futaba, Kazuma\u2019y\u0131 sessiz kalmaya ikna ediyor. Ancak Kazuma\u2019n\u0131n bir gaf\u0131 y\u00fcz\u00fcnden, herkes \u00fcz\u00fcc\u00fc\u0308 ger\u00e7e\u011fi \u00f6\u011freniyor!   Art\u0131k hi\u00e7bir \u015fey hayatta kalanlar\u0131n birbirini \u00f6ld\u00fcrmesini engelleyemez!   Uzay bo\u015flu\u011fu her \u015feyi sarm\u0131\u015fken \u00f6l\u00fcm ve ya\u015fam aras\u0131ndaki girdapta insanl\u0131\u011f\u0131m\u0131z\u0131 nas\u0131l koruyabiliriz?   Leviathan bizi deh\u015fetin kol gezdi\u011fi bu ortamda cehennemin sonuna do\u011fru bir yolculu\u011fa \u00e7\u0131kar\u0131yor. <\/p>\n","protected":false},"excerpt":{"rendered":"<p>KARANLI\u011eIN KALB\u0130NDE YATAN NED\u0130R? \u0130NSAN MI, CANAVAR MI? Leviathan\u2019daki tu\u0308m yeti\u015fkinler \u00f6ld\u00fc\u0308! \u0130ki \u00f6\u011frenci ise yard\u0131ma kimsenin gelmeyece\u011fini biliyor. Ortak bir \u00e7\u00f6z\u00fcm bulmak ad\u0131na arkada\u015flar\u0131na haber<span class=\"excerpt-hellip\"> [\u2026]<\/span><\/p>\n","protected":false},"featured_media":0,"template":"","meta":{"_monsterinsights_skip_tracking":false,"_monsterinsights_sitenote_active":false,"_monsterinsights_sitenote_note":"","_monsterinsights_sitenote_category":0},"product_brand":[],"product_cat":[12416,12291],"product_tag":[],"class_list":{"0":"post-758872","1":"product","2":"type-product","3":"status-publish","5":"product_cat-cizgi-roman","6":"product_cat-edebiyat","7":"pa_cilt-ciltsiz","8":"pa_tur-kitap","9":"pa_yayinevi-athica-yayinlari","10":"pa_yazar-shiro-kuroi","12":"first","13":"instock","14":"sale","15":"shipping-taxable","16":"purchasable","17":"product-type-simple"},"_links":{"self":[{"href":"https:\/\/roveyayinevi.com.tr\/index.php\/wp-json\/wp\/v2\/product\/758872","targetHints":{"allow":["GET"]}}],"collection":[{"href":"https:\/\/roveyayinevi.com.tr\/index.php\/wp-json\/wp\/v2\/product"}],"about":[{"href":"https:\/\/roveyayinevi.com.tr\/index.php\/wp-json\/wp\/v2\/types\/product"}],"wp:attachment":[{"href":"https:\/\/roveyayinevi.com.tr\/index.php\/wp-json\/wp\/v2\/media?parent=758872"}],"wp:term":[{"taxonomy":"product_brand","embeddable":true,"href":"https:\/\/roveyayinevi.com.tr\/index.php\/wp-json\/wp\/v2\/product_brand?post=758872"},{"taxonomy":"product_cat","embeddable":true,"href":"https:\/\/roveyayinevi.com.tr\/index.php\/wp-json\/wp\/v2\/product_cat?post=758872"},{"taxonomy":"product_tag","embeddable":true,"href":"https:\/\/roveyayinevi.com.tr\/index.php\/wp-json\/wp\/v2\/product_tag?post=758872"}],"curies":[{"name":"wp","href":"https:\/\/api.w.org\/{rel}","templated":true}]}}