{"id":758869,"date":"2025-08-28T08:17:58","date_gmt":"2025-08-28T05:17:58","guid":{"rendered":"https:\/\/roveyayinevi.com.tr\/index.php\/urun\/pazarlamada-guncel-yaklasimlar-2\/"},"modified":"2025-10-05T22:31:23","modified_gmt":"2025-10-05T19:31:23","slug":"pazarlamada-guncel-yaklasimlar-2","status":"publish","type":"product","link":"https:\/\/roveyayinevi.com.tr\/index.php\/urun\/pazarlamada-guncel-yaklasimlar-2\/","title":{"rendered":"Pazarlamada G\u00fcncel Yakla\u015f\u0131mlar 2"},"content":{"rendered":"<p>\u0130\u00e7indekiler :\u00b7 B\u0130R\u0130NC\u0130 B\u00d6L\u00dcM V\u0130DEO PAZARLAMA\u00b7 \u0130K\u0130NC\u0130 B\u00d6L\u00dcM V\u0130RAL PAZARLAMA\u00b7 \u00dc\u00c7\u00dcNC\u00dc B\u00d6L\u00dcM RETRO PAZARLAMA\u00b7 D\u00d6RD\u00dcNC\u00dc B\u00d6L\u00dcM \u0130LL\u00dcZYON PAZARLAMA\u00b7 BE\u015e\u0130NC\u0130 B\u00d6L\u00dcM ET\u0130K PAZARLAMA\u00b7 ALTINCI B\u00d6L\u00dcM PAZARLAMADA MA\u011eAZA ATMOSFER\u0130\u00b7 YED\u0130NC\u0130 B\u00d6L\u00dcM \u00c7OK KANALLI PAZARLAMA\u00b7 SEK\u0130Z\u0130NC\u0130 B\u00d6L\u00dcM \u0130\u00c7SEL PAZARLAMA\u00b7 DOKUZUNCU B\u00d6L\u00dcM D\u0130J\u0130TAL PAZARLAMA\u00b7 ONUNCU B\u00d6L\u00dcM K\u0130\u015e\u0130SEL PAZARLAMA \u00b7 ONB\u0130R\u0130NC\u0130 B\u00d6L\u00dcM PAZARLAMA DENET\u0130M\u0130<\/p>\n","protected":false},"excerpt":{"rendered":"<p>\u0130\u00e7indekiler :\u00b7 B\u0130R\u0130NC\u0130 B\u00d6L\u00dcM V\u0130DEO PAZARLAMA\u00b7 \u0130K\u0130NC\u0130 B\u00d6L\u00dcM V\u0130RAL PAZARLAMA\u00b7 \u00dc\u00c7\u00dcNC\u00dc B\u00d6L\u00dcM RETRO PAZARLAMA\u00b7 D\u00d6RD\u00dcNC\u00dc B\u00d6L\u00dcM \u0130LL\u00dcZYON PAZARLAMA\u00b7 BE\u015e\u0130NC\u0130 B\u00d6L\u00dcM ET\u0130K PAZARLAMA\u00b7 ALTINCI B\u00d6L\u00dcM PAZARLAMADA MA\u011eAZA<span class=\"excerpt-hellip\"> [\u2026]<\/span><\/p>\n","protected":false},"featured_media":0,"template":"","meta":{"_monsterinsights_skip_tracking":false,"_monsterinsights_sitenote_active":false,"_monsterinsights_sitenote_note":"","_monsterinsights_sitenote_category":0},"product_brand":[],"product_cat":[13043],"product_tag":[],"class_list":{"0":"post-758869","1":"product","2":"type-product","3":"status-publish","5":"product_cat-ekonomi","6":"pa_cilt-ciltsiz","7":"pa_tur-kitap","8":"pa_yayinevi-gazi-kitabevi","9":"pa_yazar-kolektif","11":"first","12":"instock","13":"sale","14":"shipping-taxable","15":"purchasable","16":"product-type-simple"},"_links":{"self":[{"href":"https:\/\/roveyayinevi.com.tr\/index.php\/wp-json\/wp\/v2\/product\/758869","targetHints":{"allow":["GET"]}}],"collection":[{"href":"https:\/\/roveyayinevi.com.tr\/index.php\/wp-json\/wp\/v2\/product"}],"about":[{"href":"https:\/\/roveyayinevi.com.tr\/index.php\/wp-json\/wp\/v2\/types\/product"}],"wp:attachment":[{"href":"https:\/\/roveyayinevi.com.tr\/index.php\/wp-json\/wp\/v2\/media?parent=758869"}],"wp:term":[{"taxonomy":"product_brand","embeddable":true,"href":"https:\/\/roveyayinevi.com.tr\/index.php\/wp-json\/wp\/v2\/product_brand?post=758869"},{"taxonomy":"product_cat","embeddable":true,"href":"https:\/\/roveyayinevi.com.tr\/index.php\/wp-json\/wp\/v2\/product_cat?post=758869"},{"taxonomy":"product_tag","embeddable":true,"href":"https:\/\/roveyayinevi.com.tr\/index.php\/wp-json\/wp\/v2\/product_tag?post=758869"}],"curies":[{"name":"wp","href":"https:\/\/api.w.org\/{rel}","templated":true}]}}