{"id":758868,"date":"2025-08-28T08:17:57","date_gmt":"2025-08-28T05:17:57","guid":{"rendered":"https:\/\/roveyayinevi.com.tr\/index.php\/urun\/irkci-solculuk-k-urdistan\/"},"modified":"2026-04-16T03:11:48","modified_gmt":"2026-04-16T00:11:48","slug":"irkci-solculuk-k-urdistan","status":"publish","type":"product","link":"https:\/\/roveyayinevi.com.tr\/index.php\/urun\/irkci-solculuk-k-urdistan\/","title":{"rendered":"Irk\u00e7\u0131 Solculuk K-urd\u0131stan"},"content":{"rendered":"<p>T\u00fcrkiye&#8217;de \u201cK\u00fcrt \u00c7at\u0131\u015fma\u201d kavram\u0131na b\u00fct\u00fcnc\u00fcl yakla\u015f\u0131lmal\u0131d\u0131r. T\u00fcrkiye&#8217;de \u00e7at\u0131\u015fma d\u00f6n\u00fc\u015f\u00fcm\u00fc t\u00fcm siyasi akt\u00f6rler, ulusal ve uluslararas\u0131 ekonomik g\u00fc\u00e7ler, siyasi akt\u00f6rler ve t\u00fcm toplumsal katmanlarla birlikte olu\u015fturulmal\u0131d\u0131r. Bu s\u00fcrece \u00f6ncelikle yap\u0131land\u0131rmac\u0131l\u0131kla ba\u015flamak gerekir.   Bu \u00e7at\u0131\u015fma d\u00f6n\u00fc\u015f\u00fcm\u00fcn\u00fcn ger\u00e7ekle\u015fmesi i\u00e7in haklar\u0131n\u0131 savunan K\u00fcrtlerin liderlikleri, y\u00f6netimleri, \u00f6rg\u00fctleri, siyasi partileri, sivil toplum olu\u015fumlar\u0131, i\u015f \u00e7evreleri ve t\u00fcm toplumsal katmanlar\u0131 birlikte hareket etmelidir. \u015eiddet sarmal\u0131ndaki t\u00fcm uygulamalar\u0131n \u00c7at\u0131\u015fma D\u00f6n\u00fc\u015f\u00fcm a\u015famalar\u0131na ba\u011fl\u0131 kalarak kal\u0131c\u0131 olarak sonland\u0131r\u0131lmas\u0131 zorunludur. K\u00fcrtlerin hak ve hukuklar\u0131n\u0131n, Cumhuriyetin yeni Y\u00fczy\u0131l\u0131nda, anayasal olarak ve uygulamalarda teminat alt\u0131na al\u0131nmas\u0131 \u00fclkemiz T\u00fcrkiye\u2019nin Yeni Y\u00fczy\u0131l\u2019daki varolu\u015funu belirleyecektir.   <\/p>\n","protected":false},"excerpt":{"rendered":"<p>T\u00fcrkiye&#8217;de \u201cK\u00fcrt \u00c7at\u0131\u015fma\u201d kavram\u0131na b\u00fct\u00fcnc\u00fcl yakla\u015f\u0131lmal\u0131d\u0131r. T\u00fcrkiye&#8217;de \u00e7at\u0131\u015fma d\u00f6n\u00fc\u015f\u00fcm\u00fc t\u00fcm siyasi akt\u00f6rler, ulusal ve uluslararas\u0131 ekonomik g\u00fc\u00e7ler, siyasi akt\u00f6rler ve t\u00fcm toplumsal katmanlarla birlikte olu\u015fturulmal\u0131d\u0131r. Bu<span class=\"excerpt-hellip\"> [\u2026]<\/span><\/p>\n","protected":false},"featured_media":0,"template":"","meta":{"_monsterinsights_skip_tracking":false,"_monsterinsights_sitenote_active":false,"_monsterinsights_sitenote_note":"","_monsterinsights_sitenote_category":0},"product_brand":[],"product_cat":[13590,12337],"product_tag":[],"class_list":{"0":"post-758868","1":"product","2":"type-product","3":"status-publish","5":"product_cat-arastirma-inceleme-politika-siyaset","6":"product_cat-politika-siyaset","7":"pa_cilt-ciltsiz","8":"pa_tur-kitap","9":"pa_yayinevi-kirmizi-ada-yayinlari","10":"pa_yazar-necdet-sakar","12":"first","13":"instock","14":"sale","15":"shipping-taxable","16":"purchasable","17":"product-type-simple"},"_links":{"self":[{"href":"https:\/\/roveyayinevi.com.tr\/index.php\/wp-json\/wp\/v2\/product\/758868","targetHints":{"allow":["GET"]}}],"collection":[{"href":"https:\/\/roveyayinevi.com.tr\/index.php\/wp-json\/wp\/v2\/product"}],"about":[{"href":"https:\/\/roveyayinevi.com.tr\/index.php\/wp-json\/wp\/v2\/types\/product"}],"wp:attachment":[{"href":"https:\/\/roveyayinevi.com.tr\/index.php\/wp-json\/wp\/v2\/media?parent=758868"}],"wp:term":[{"taxonomy":"product_brand","embeddable":true,"href":"https:\/\/roveyayinevi.com.tr\/index.php\/wp-json\/wp\/v2\/product_brand?post=758868"},{"taxonomy":"product_cat","embeddable":true,"href":"https:\/\/roveyayinevi.com.tr\/index.php\/wp-json\/wp\/v2\/product_cat?post=758868"},{"taxonomy":"product_tag","embeddable":true,"href":"https:\/\/roveyayinevi.com.tr\/index.php\/wp-json\/wp\/v2\/product_tag?post=758868"}],"curies":[{"name":"wp","href":"https:\/\/api.w.org\/{rel}","templated":true}]}}