{"id":758860,"date":"2025-08-28T08:17:45","date_gmt":"2025-08-28T05:17:45","guid":{"rendered":"https:\/\/roveyayinevi.com.tr\/index.php\/urun\/felsefe-dukkani\/"},"modified":"2026-01-25T03:46:48","modified_gmt":"2026-01-25T00:46:48","slug":"felsefe-dukkani","status":"publish","type":"product","link":"https:\/\/roveyayinevi.com.tr\/index.php\/urun\/felsefe-dukkani\/","title":{"rendered":"Felsefe Du\u0308kkan\u0131"},"content":{"rendered":"<p>G\u00fcn\u00fcn birinde, tan\u0131d\u0131k d\u00fckk\u00e2nlar\u0131n \u00f6n\u00fcnden ge\u00e7erken daha \u00f6nce hi\u00e7 g\u00f6rmedi\u011finiz bir d\u00fckk\u00e2n\u0131n g\u00f6z\u00fcn\u00fcze \u00e7arpt\u0131\u011f\u0131n\u0131 hayal edin. Asl\u0131nda, g\u00f6rd\u00fc\u011f\u00fcn\u00fcz bu d\u00fckk\u00e2n\u0131n daha d\u00fcn orada olmad\u0131\u011f\u0131ndan eminsiniz. Biraz daha ara\u015ft\u0131rd\u0131\u011f\u0131n\u0131zda bunun s\u0131radan bir d\u00fckk\u00e2n olmad\u0131\u011f\u0131n\u0131 ke\u015ffediyorsunuz. D\u00fckk\u00e2n,zihninizi d\u00fc\u015f\u00fcnceli ve uyan\u0131k tutacak hik\u00e2yeler, \u015fiirler,etkinlikler,d\u00fc\u015f\u00fcnce deneyleri,e\u011flenceli felsefi fikirler, bulmacalar, problemlerle dolu\u2026 Ba\u015flang\u0131\u00e7 Sorusu: Bu d\u00fckk\u00e2na girer miydiniz? Geli\u015ftirici Sorular: \u2022    D\u00fc\u015f\u00fcnmeye zaman ay\u0131rarak ne kaybedersiniz? \u2022    D\u00fc\u015f\u00fcnmeye zaman ay\u0131rarak ne kazan\u0131rs\u0131n\u0131z? \u2022    D\u00fc\u015f\u00fcnmek nedir? (Ana Soru) \u2022    D\u00fc\u015f\u00fcnmek iyi midir? Neyle iyi gider? \u2013   Gruplar i\u00e7in okullarda veya \u00fcniversitelerde, okuma\/tart\u0131\u015fma gruplar\u0131nda vs. \u2013   Yaln\u0131z okuyucular i\u00e7in seyahatlerde, uyku \u00f6ncesi, tuvalette! Kaynak: Atina pazar yerinde dola\u015fan Sokrates Felsefi Ba\u015fvuru: Platon\u2019dan Sokrates\u2019in Savunmas\u0131 ve Devlet (I. Kitap) Bu kitap yeti\u015fkinler ve \u00e7ocuklar i\u00e7in uygundur. <\/p>\n","protected":false},"excerpt":{"rendered":"<p>G\u00fcn\u00fcn birinde, tan\u0131d\u0131k d\u00fckk\u00e2nlar\u0131n \u00f6n\u00fcnden ge\u00e7erken daha \u00f6nce hi\u00e7 g\u00f6rmedi\u011finiz bir d\u00fckk\u00e2n\u0131n g\u00f6z\u00fcn\u00fcze \u00e7arpt\u0131\u011f\u0131n\u0131 hayal edin. Asl\u0131nda, g\u00f6rd\u00fc\u011f\u00fcn\u00fcz bu d\u00fckk\u00e2n\u0131n daha d\u00fcn orada olmad\u0131\u011f\u0131ndan eminsiniz. Biraz<span class=\"excerpt-hellip\"> [\u2026]<\/span><\/p>\n","protected":false},"featured_media":0,"template":"","meta":{"_monsterinsights_skip_tracking":false,"_monsterinsights_sitenote_active":false,"_monsterinsights_sitenote_note":"","_monsterinsights_sitenote_category":0},"product_brand":[],"product_cat":[12388],"product_tag":[],"class_list":{"0":"post-758860","1":"product","2":"type-product","3":"status-publish","5":"product_cat-felsefe","6":"pa_cilt-ciltsiz","7":"pa_tur-kitap","8":"pa_yayinevi-say-yayinlari","9":"pa_yazar-peter-worley","11":"first","12":"instock","13":"sale","14":"shipping-taxable","15":"purchasable","16":"product-type-simple"},"_links":{"self":[{"href":"https:\/\/roveyayinevi.com.tr\/index.php\/wp-json\/wp\/v2\/product\/758860","targetHints":{"allow":["GET"]}}],"collection":[{"href":"https:\/\/roveyayinevi.com.tr\/index.php\/wp-json\/wp\/v2\/product"}],"about":[{"href":"https:\/\/roveyayinevi.com.tr\/index.php\/wp-json\/wp\/v2\/types\/product"}],"wp:attachment":[{"href":"https:\/\/roveyayinevi.com.tr\/index.php\/wp-json\/wp\/v2\/media?parent=758860"}],"wp:term":[{"taxonomy":"product_brand","embeddable":true,"href":"https:\/\/roveyayinevi.com.tr\/index.php\/wp-json\/wp\/v2\/product_brand?post=758860"},{"taxonomy":"product_cat","embeddable":true,"href":"https:\/\/roveyayinevi.com.tr\/index.php\/wp-json\/wp\/v2\/product_cat?post=758860"},{"taxonomy":"product_tag","embeddable":true,"href":"https:\/\/roveyayinevi.com.tr\/index.php\/wp-json\/wp\/v2\/product_tag?post=758860"}],"curies":[{"name":"wp","href":"https:\/\/api.w.org\/{rel}","templated":true}]}}