{"id":758859,"date":"2025-08-28T08:17:44","date_gmt":"2025-08-28T05:17:44","guid":{"rendered":"https:\/\/roveyayinevi.com.tr\/index.php\/urun\/bir-solukta-sosyoloji\/"},"modified":"2026-04-16T03:11:48","modified_gmt":"2026-04-16T00:11:48","slug":"bir-solukta-sosyoloji","status":"publish","type":"product","link":"https:\/\/roveyayinevi.com.tr\/index.php\/urun\/bir-solukta-sosyoloji\/","title":{"rendered":"Bir Solukta Sosyoloji"},"content":{"rendered":"<p>Sosyoloji her ge\u00e7en g\u00fcn artan zorluklar\u0131n \u00fcstesinden gelmemize ve toplumlar\u0131m\u0131z\u0131 ve daha geni\u015f anlamda d\u00fcnyay\u0131 daha iyi hale getirmemize nas\u0131l yard\u0131mc\u0131 olabilir? Bu k\u00fc\u00e7\u00fck kitap, toplumlar\u0131n nas\u0131l i\u015fledi\u011fini ve d\u00fcnyada neler olup bitti\u011fini anlaman\u0131za yard\u0131mc\u0131 olmak i\u00e7in sosyolojinin b\u00fcy\u00fck fikirlerini bir araya getiriyor. Bir Solukta Sosyoloji, modern sosyolojinin k\u00f6kenleri ve geli\u015fimi ile Durkheim, Marx ve Weber gibi \u00f6nemli fig\u00fcrlerin etkisi; i\u015flevselcilikten feminizme kadar ba\u015fl\u0131ca sosyolojik ekoller; e\u015fitsizlik, s\u0131n\u0131f, su\u00e7, toplumsal cinsiyet ve \u0131rk dahil olmak \u00fczere sosyolojinin temel konular\u0131na ilham verici bir giri\u015f sunuyor. <\/p>\n","protected":false},"excerpt":{"rendered":"<p>Sosyoloji her ge\u00e7en g\u00fcn artan zorluklar\u0131n \u00fcstesinden gelmemize ve toplumlar\u0131m\u0131z\u0131 ve daha geni\u015f anlamda d\u00fcnyay\u0131 daha iyi hale getirmemize nas\u0131l yard\u0131mc\u0131 olabilir? Bu k\u00fc\u00e7\u00fck kitap, toplumlar\u0131n<span class=\"excerpt-hellip\"> [\u2026]<\/span><\/p>\n","protected":false},"featured_media":0,"template":"","meta":{"_monsterinsights_skip_tracking":false,"_monsterinsights_sitenote_active":false,"_monsterinsights_sitenote_note":"","_monsterinsights_sitenote_category":0},"product_brand":[],"product_cat":[12324],"product_tag":[],"class_list":{"0":"post-758859","1":"product","2":"type-product","3":"status-publish","5":"product_cat-sosyoloji","6":"pa_cilt-ciltsiz","7":"pa_tur-kitap","8":"pa_yayinevi-say-yayinlari","9":"pa_yazar-rasha-barrage","11":"first","12":"instock","13":"sale","14":"shipping-taxable","15":"purchasable","16":"product-type-simple"},"_links":{"self":[{"href":"https:\/\/roveyayinevi.com.tr\/index.php\/wp-json\/wp\/v2\/product\/758859","targetHints":{"allow":["GET"]}}],"collection":[{"href":"https:\/\/roveyayinevi.com.tr\/index.php\/wp-json\/wp\/v2\/product"}],"about":[{"href":"https:\/\/roveyayinevi.com.tr\/index.php\/wp-json\/wp\/v2\/types\/product"}],"wp:attachment":[{"href":"https:\/\/roveyayinevi.com.tr\/index.php\/wp-json\/wp\/v2\/media?parent=758859"}],"wp:term":[{"taxonomy":"product_brand","embeddable":true,"href":"https:\/\/roveyayinevi.com.tr\/index.php\/wp-json\/wp\/v2\/product_brand?post=758859"},{"taxonomy":"product_cat","embeddable":true,"href":"https:\/\/roveyayinevi.com.tr\/index.php\/wp-json\/wp\/v2\/product_cat?post=758859"},{"taxonomy":"product_tag","embeddable":true,"href":"https:\/\/roveyayinevi.com.tr\/index.php\/wp-json\/wp\/v2\/product_tag?post=758859"}],"curies":[{"name":"wp","href":"https:\/\/api.w.org\/{rel}","templated":true}]}}