{"id":758858,"date":"2025-08-28T08:17:43","date_gmt":"2025-08-28T05:17:43","guid":{"rendered":"https:\/\/roveyayinevi.com.tr\/index.php\/urun\/ataturkun-kamusal-ekonomi-politikasi\/"},"modified":"2026-04-16T03:11:48","modified_gmt":"2026-04-16T00:11:48","slug":"ataturkun-kamusal-ekonomi-politikasi","status":"publish","type":"product","link":"https:\/\/roveyayinevi.com.tr\/index.php\/urun\/ataturkun-kamusal-ekonomi-politikasi\/","title":{"rendered":"Atat\u00fcrk\u2019\u00fcn Kamusal Ekonomi Politikas\u0131"},"content":{"rendered":"<p>A\u00e7\u0131klama: \u201cK\u0131l\u0131\u00e7 ile zafer kazananlar, sabanla zafer kazananlara yenilmeye mahk\u00fbmdurlar. K\u0131l\u0131\u00e7 kullanan kol yorulur, sonunda k\u0131l\u0131c\u0131 k\u0131n\u0131na koyar ve belki o k\u0131l\u0131\u00e7 o k\u0131nda k\u00fcflenmeye, paslanmaya mahk\u00fbm olur. Ancak saban kullanan kol g\u00fcn ge\u00e7tik\u00e7e daha \u00e7ok g\u00fc\u00e7lenir ve daha \u00e7ok g\u00fc\u00e7lendik\u00e7e daha \u00e7ok topra\u011fa sahip olur\u2026 Siyasi ve askeri zaferler, ne kadar b\u00fcy\u00fck olursa olsun, ekonomik zaferlerle ta\u00e7land\u0131r\u0131lmazsa kazan\u0131lacak ba\u015far\u0131lar ya\u015fayamaz.\u201d Cumhuriyet hen\u00fcz kurulmadan toplanan T\u00fcrkiye \u0130ktisat Kongresi\u2019nde Atat\u00fcrk\u2019\u00fcn s\u00f6yledi\u011fi bu s\u00f6zler, T\u00fcrkiye Cumhuriyeti\u2019nin yeni politikas\u0131 i\u00e7in yol g\u00f6steriyordu. Gen\u00e7 Cumhuriyet \u00fcretime dayal\u0131 b\u00fcy\u00fcmeyi hedefleyen, kendi kendine yetebilen, d\u0131\u015fa ba\u011f\u0131ml\u0131l\u0131ktan kurtulmu\u015f bir kalk\u0131nma hamlesiyle geli\u015fecekti. Devlet\u00e7ilik, kamuculuk, karma ekonomi gibi ilkeler e\u015fli\u011finde h\u0131zl\u0131 bir at\u0131l\u0131m yapan T\u00fcrkiye Cumhuriyeti\u2019nin bu ba\u015far\u0131s\u0131n\u0131n temelindeki yakla\u015f\u0131mlar \u00f6nemlidir. Mehmet Alev Co\u015fkun, bu b\u00fcy\u00fck at\u0131l\u0131m\u0131 T\u00fcrkiye ekonomisinin tarihsel geli\u015fimi \u00e7er\u00e7evesinde, bilimsel belge ve verilere dayanarak inceliyor. Daha sonra T\u00fcrkiye\u2019de \u201c\u00f6zelle\u015ftirme\u201d ad\u0131 alt\u0131nda yap\u0131lan K\u0130T sat\u0131\u015flar\u0131n\u0131 ve haks\u0131z elde edilen rant\u0131 merce\u011fe al\u0131yor ve ulusalc\u0131 ekonomi modeline ili\u015fkin ger\u00e7ekleri ortaya koyuyor.<\/p>\n","protected":false},"excerpt":{"rendered":"<p>A\u00e7\u0131klama: \u201cK\u0131l\u0131\u00e7 ile zafer kazananlar, sabanla zafer kazananlara yenilmeye mahk\u00fbmdurlar. K\u0131l\u0131\u00e7 kullanan kol yorulur, sonunda k\u0131l\u0131c\u0131 k\u0131n\u0131na koyar ve belki o k\u0131l\u0131\u00e7 o k\u0131nda k\u00fcflenmeye, paslanmaya<span class=\"excerpt-hellip\"> [\u2026]<\/span><\/p>\n","protected":false},"featured_media":0,"template":"","meta":{"_monsterinsights_skip_tracking":false,"_monsterinsights_sitenote_active":false,"_monsterinsights_sitenote_note":"","_monsterinsights_sitenote_category":0},"product_brand":[],"product_cat":[12530,12304],"product_tag":[],"class_list":{"0":"post-758858","1":"product","2":"type-product","3":"status-publish","5":"product_cat-mustafa-kemal-ataturk","6":"product_cat-tarih","7":"pa_cilt-ciltsiz","8":"pa_tur-kitap","9":"pa_yayinevi-cumhuriyet-kitaplari","10":"pa_yazar-mehmet-alev-coskun","12":"first","13":"instock","14":"sale","15":"shipping-taxable","16":"purchasable","17":"product-type-simple"},"_links":{"self":[{"href":"https:\/\/roveyayinevi.com.tr\/index.php\/wp-json\/wp\/v2\/product\/758858","targetHints":{"allow":["GET"]}}],"collection":[{"href":"https:\/\/roveyayinevi.com.tr\/index.php\/wp-json\/wp\/v2\/product"}],"about":[{"href":"https:\/\/roveyayinevi.com.tr\/index.php\/wp-json\/wp\/v2\/types\/product"}],"wp:attachment":[{"href":"https:\/\/roveyayinevi.com.tr\/index.php\/wp-json\/wp\/v2\/media?parent=758858"}],"wp:term":[{"taxonomy":"product_brand","embeddable":true,"href":"https:\/\/roveyayinevi.com.tr\/index.php\/wp-json\/wp\/v2\/product_brand?post=758858"},{"taxonomy":"product_cat","embeddable":true,"href":"https:\/\/roveyayinevi.com.tr\/index.php\/wp-json\/wp\/v2\/product_cat?post=758858"},{"taxonomy":"product_tag","embeddable":true,"href":"https:\/\/roveyayinevi.com.tr\/index.php\/wp-json\/wp\/v2\/product_tag?post=758858"}],"curies":[{"name":"wp","href":"https:\/\/api.w.org\/{rel}","templated":true}]}}