{"id":758855,"date":"2025-08-28T08:17:38","date_gmt":"2025-08-28T05:17:38","guid":{"rendered":"https:\/\/roveyayinevi.com.tr\/index.php\/urun\/etige-giris-2\/"},"modified":"2026-04-16T03:11:48","modified_gmt":"2026-04-16T00:11:48","slug":"etige-giris-2","status":"publish","type":"product","link":"https:\/\/roveyayinevi.com.tr\/index.php\/urun\/etige-giris-2\/","title":{"rendered":"Eti\u011fe Giri\u015f"},"content":{"rendered":"<p>Eti\u011fe Giri\u015f kitab\u0131, yaln\u0131z etik dersini alan \u00f6\u011frenciler i\u00e7in de\u011fil, \u201cEtik Nedir?\u201d sorusuna yan\u0131t arayan, de\u011fer ve etik konular\u0131nda bilgi sahibi olmak isteyen herkes i\u00e7in yaz\u0131lm\u0131\u015f; kitapta g\u00fcn\u00fcm\u00fcz eti\u011finin \u00f6ne \u00e7\u0131kan teorik ve pratik sorunlar\u0131 ele al\u0131nm\u0131\u015ft\u0131r.   G\u00fcn\u00fcm\u00fcz eti\u011finin g\u00f6relilik-evrensellik, \u00f6znellik-nesnellik, duygu-ak\u0131l \u00e7at\u0131\u015fmas\u0131 gibi bilgisel sorunlar\u0131n\u0131 ele alan birinci b\u00f6l\u00fcmden sonra, ikinci b\u00f6l\u00fcmde Kant Eti\u011fi, Faydac\u0131l\u0131k, De\u011ferler Eti\u011fi, Analitik Etik, Erdem Eti\u011fi, Ku\u00e7uradi Eti\u011fi gibi etik kuramlar\u0131 \u00fczerinde durulmu\u015f; \u00fc\u00e7\u00fcnc\u00fc b\u00f6l\u00fcmde ise  geleneksel eti\u011fin evrenselcilik iddialar\u0131n\u0131 ele\u015ftiren ya da onlar\u0131 insanmerkezci bulan kimi etik g\u00f6r\u00fc\u015flere yer verilmi\u015ftir. Kitab\u0131n son b\u00f6l\u00fcm\u00fcnde ise \u0131rk\u00e7\u0131l\u0131k, \u015fiddet, yoksulluk, ekolojik sorunlar, feminizm, m\u00fcltecilik gibi g\u00fcn\u00fcm\u00fcz pratik etik sorunlar\u0131 ele al\u0131nm\u0131\u015ft\u0131r. <\/p>\n","protected":false},"excerpt":{"rendered":"<p>Eti\u011fe Giri\u015f kitab\u0131, yaln\u0131z etik dersini alan \u00f6\u011frenciler i\u00e7in de\u011fil, \u201cEtik Nedir?\u201d sorusuna yan\u0131t arayan, de\u011fer ve etik konular\u0131nda bilgi sahibi olmak isteyen herkes i\u00e7in yaz\u0131lm\u0131\u015f;<span class=\"excerpt-hellip\"> [\u2026]<\/span><\/p>\n","protected":false},"featured_media":0,"template":"","meta":{"_monsterinsights_skip_tracking":false,"_monsterinsights_sitenote_active":false,"_monsterinsights_sitenote_note":"","_monsterinsights_sitenote_category":0},"product_brand":[],"product_cat":[12388],"product_tag":[],"class_list":{"0":"post-758855","1":"product","2":"type-product","3":"status-publish","5":"product_cat-felsefe","6":"pa_cilt-ciltsiz","7":"pa_tur-kitap","8":"pa_yayinevi-bilgesu-yayincilik","9":"pa_yazar-harun-tepe","11":"first","12":"instock","13":"sale","14":"shipping-taxable","15":"purchasable","16":"product-type-simple"},"_links":{"self":[{"href":"https:\/\/roveyayinevi.com.tr\/index.php\/wp-json\/wp\/v2\/product\/758855","targetHints":{"allow":["GET"]}}],"collection":[{"href":"https:\/\/roveyayinevi.com.tr\/index.php\/wp-json\/wp\/v2\/product"}],"about":[{"href":"https:\/\/roveyayinevi.com.tr\/index.php\/wp-json\/wp\/v2\/types\/product"}],"wp:attachment":[{"href":"https:\/\/roveyayinevi.com.tr\/index.php\/wp-json\/wp\/v2\/media?parent=758855"}],"wp:term":[{"taxonomy":"product_brand","embeddable":true,"href":"https:\/\/roveyayinevi.com.tr\/index.php\/wp-json\/wp\/v2\/product_brand?post=758855"},{"taxonomy":"product_cat","embeddable":true,"href":"https:\/\/roveyayinevi.com.tr\/index.php\/wp-json\/wp\/v2\/product_cat?post=758855"},{"taxonomy":"product_tag","embeddable":true,"href":"https:\/\/roveyayinevi.com.tr\/index.php\/wp-json\/wp\/v2\/product_tag?post=758855"}],"curies":[{"name":"wp","href":"https:\/\/api.w.org\/{rel}","templated":true}]}}