{"id":758851,"date":"2025-08-28T08:17:28","date_gmt":"2025-08-28T05:17:28","guid":{"rendered":"https:\/\/roveyayinevi.com.tr\/index.php\/urun\/gun-batimi\/"},"modified":"2026-04-16T03:11:48","modified_gmt":"2026-04-16T00:11:48","slug":"gun-batimi","status":"publish","type":"product","link":"https:\/\/roveyayinevi.com.tr\/index.php\/urun\/gun-batimi\/","title":{"rendered":"G\u00fcn Bat\u0131m\u0131"},"content":{"rendered":"<p>Dolunay Karaca dostlar\u0131ndan biri olan Can&#8217;\u0131n tavsiyesiyle yeni bir ba\u015flang\u0131\u00e7 yapmaya karar verir ve New York&#8217;a ta\u015f\u0131n\u0131r. Ailesini ve dostlar\u0131n\u0131 geride b\u0131rakmak her ne kadar zor olsa da ya\u015fanm\u0131\u015fl\u0131klar\u0131na yeni bir sayfa a\u00e7maya ve yeni bir \u015fehirde kendisinin ba\u015fka bir versiyonunu denemeye haz\u0131rd\u0131r. New York&#8217;taki yeni ba\u015flang\u0131\u00e7 ona Aras Akay&#8217;\u0131 getirir.   Belki de Dolunay, Aras&#8217;a yeni bir ba\u015flang\u0131\u00e7 getirecektir. Birbirlerinin hayatlar\u0131na dokunduklar\u0131 andan itibaren yeni m\u00fccadeleler do\u011furan bu iki ki\u015fi \u00f6nce birbirlerini tan\u0131mak i\u00e7in emek vermek zorundad\u0131rlar.   Her \u015fey s\u0131rayla\u2026   Aralar\u0131nda kurduklar\u0131 ba\u011f a\u015fka d\u00f6n\u00fc\u015fene kadar \u00e7ok defa s\u0131nanacak, y\u0131pranacak ve yap\u0131lanacakt\u0131r. Kurulan ba\u011f derin, e\u015fsiz ve g\u00fc\u00e7l\u00fc olacakt\u0131r.<\/p>\n","protected":false},"excerpt":{"rendered":"<p>Dolunay Karaca dostlar\u0131ndan biri olan Can&#8217;\u0131n tavsiyesiyle yeni bir ba\u015flang\u0131\u00e7 yapmaya karar verir ve New York&#8217;a ta\u015f\u0131n\u0131r. Ailesini ve dostlar\u0131n\u0131 geride b\u0131rakmak her ne kadar zor<span class=\"excerpt-hellip\"> [\u2026]<\/span><\/p>\n","protected":false},"featured_media":0,"template":"","meta":{"_monsterinsights_skip_tracking":false,"_monsterinsights_sitenote_active":false,"_monsterinsights_sitenote_note":"","_monsterinsights_sitenote_category":0},"product_brand":[],"product_cat":[12291,12711],"product_tag":[],"class_list":{"0":"post-758851","1":"product","2":"type-product","3":"status-publish","5":"product_cat-edebiyat","6":"product_cat-roman-oyku","7":"pa_cilt-ciltsiz","8":"pa_tur-kitap","9":"pa_yayinevi-perseus","10":"pa_yazar-sevval-sasmaz","12":"first","13":"instock","14":"sale","15":"shipping-taxable","16":"purchasable","17":"product-type-simple"},"_links":{"self":[{"href":"https:\/\/roveyayinevi.com.tr\/index.php\/wp-json\/wp\/v2\/product\/758851","targetHints":{"allow":["GET"]}}],"collection":[{"href":"https:\/\/roveyayinevi.com.tr\/index.php\/wp-json\/wp\/v2\/product"}],"about":[{"href":"https:\/\/roveyayinevi.com.tr\/index.php\/wp-json\/wp\/v2\/types\/product"}],"wp:attachment":[{"href":"https:\/\/roveyayinevi.com.tr\/index.php\/wp-json\/wp\/v2\/media?parent=758851"}],"wp:term":[{"taxonomy":"product_brand","embeddable":true,"href":"https:\/\/roveyayinevi.com.tr\/index.php\/wp-json\/wp\/v2\/product_brand?post=758851"},{"taxonomy":"product_cat","embeddable":true,"href":"https:\/\/roveyayinevi.com.tr\/index.php\/wp-json\/wp\/v2\/product_cat?post=758851"},{"taxonomy":"product_tag","embeddable":true,"href":"https:\/\/roveyayinevi.com.tr\/index.php\/wp-json\/wp\/v2\/product_tag?post=758851"}],"curies":[{"name":"wp","href":"https:\/\/api.w.org\/{rel}","templated":true}]}}