{"id":758848,"date":"2025-08-28T08:17:23","date_gmt":"2025-08-28T05:17:23","guid":{"rendered":"https:\/\/roveyayinevi.com.tr\/index.php\/urun\/kalbimin-her-parcasi\/"},"modified":"2026-04-16T03:11:48","modified_gmt":"2026-04-16T00:11:48","slug":"kalbimin-her-parcasi","status":"publish","type":"product","link":"https:\/\/roveyayinevi.com.tr\/index.php\/urun\/kalbimin-her-parcasi\/","title":{"rendered":"Kalbimin Her Par\u00e7as\u0131"},"content":{"rendered":"<p>Bu b\u00fcy\u00fck bir yaland\u0131. \u015eimdiye kadar s\u00f6yledi\u011fi en b\u00fcy\u00fck yalan. S\u00f6zlerinin t\u00fcyler \u00fcrpertici t\u0131n\u0131s\u0131 zihninde titre\u015firken g\u00f6zlerinin ard\u0131ndaki k\u0131z\u0131n \u2013ger\u00e7e\u011fi bilen k\u0131z\u0131n\u2013 \u00e7\u0131\u011fl\u0131klar\u0131 yalan\u0131n\u0131n yank\u0131s\u0131na kar\u0131\u015ft\u0131.   \u201cNoah\u2019ya \u00e2\u015f\u0131k m\u0131s\u0131n, Mercedes?\u201d diye sordu Cora. \u201cDemek istedi\u011fim\u2026 Onu sevdi\u011fini biliyorum. Y\u0131llard\u0131r arkada\u015fs\u0131n\u0131z. Hepimiz arkada\u015f\u0131z. Ama ona \u00e2\u015f\u0131k m\u0131s\u0131n?\u201d   Kar\u015f\u0131s\u0131ndaki ba\u015fka biri olsayd\u0131 \u2013herhangi biri\u2013 g\u00f6\u011fs\u00fcn\u00fc \u015fi\u015firir, kollar\u0131n\u0131 kavu\u015fturur ve duygular\u0131n\u0131 a\u00e7\u0131k a\u00e7\u0131k s\u00f6ylerdi. Noah\u2019y\u0131 sahiplenirdi. Ama kar\u015f\u0131s\u0131ndaki Cora\u2019yd\u0131. Cesur, g\u00fczel, yaral\u0131 Cora. Ve Cora da Noah\u2019ya \u00e2\u015f\u0131kt\u0131.   Bu y\u00fczden Mercedes yalan s\u00f6yledi. Ve bu yalanla birlikte onu kaybetti. Bu yalanla birlikte kaderini m\u00fch\u00fcrledi.   En iyi arkada\u015f, nedime, vaftiz anne, her \u015feyi bir arada tutan tutkald\u0131 o. \u0130yi g\u00fcnde ve k\u00f6t\u00fc g\u00fcnde, ini\u015flerde ve \u00e7\u0131k\u0131\u015flarda, en \u00f6nemli anlarda ve en k\u00fc\u00e7\u00fck \u015feylerde hep oradayd\u0131. Her \u015fey parampar\u00e7a oldu\u011funda da oradayd\u0131.   Bu, adam\u0131 kapamayan k\u0131z\u0131n hik\u00e2yesi.     \u201cAmy Harmon\u2019a ve insan\u0131n kalbini k\u0131ran, kalbini sar\u0131p iyile\u015ftiren, \u00e7arp\u0131c\u0131, d\u00fc\u015f\u00fcnd\u00fcren s\u00f6zc\u00fcklerine lanet olsun! Kitab\u0131 elimden b\u0131rakamad\u0131\u011f\u0131m i\u00e7in uykusuz kald\u0131\u011f\u0131m gecelere lanet olsun! Kalbimi, ruhumu \u00e7alan bu karakterlere lanet olsun!\u201d \u2014Donna, The Romance Cover   \u201cBu sadece bir a\u015fk roman\u0131 de\u011fil. Arkada\u015fl\u0131\u011fa ve aileye dair sa\u011flam bir hik\u00e2ye ama tahmin edilemez ters k\u00f6\u015felerle, bomba gibi ke\u015fiflerle, insan\u0131 b\u00fcy\u00fcleyen karakterler ve insan\u0131n ruhunu s\u0131zlatan duygusal bir belirsizlikle \u00f6r\u00fclm\u00fc\u015f.\u201d \u2014Jessica Sotelo, Angie and Jessica\u2019s Dreamy Reads   \u201cKalbimin Her Par\u00e7as\u0131 her f\u0131rsata tutunmak, risk almak ve kalbinizi a\u015fka a\u00e7arak hayat\u0131 en iyi \u015fekilde ya\u015famak istemenize neden olacak UNUTULMAZ ve DUYGUSAL bir hik\u00e2ye.\u201d \u2014Karen McVino, Bookalicious Babes Blog   \u201c5 \u00fczerinden 6 y\u0131ld\u0131z! Kesinlikle ola\u011fan\u00fcst\u00fc. A\u00e7\u0131k ara bu y\u0131l okudu\u011fum EN \u0130Y\u0130 kitap. \u00d6yle pi\u015fmanl\u0131klarla ve cesaret \u00f6rnekleriyle dolu bir hik\u00e2ye ki d\u00fc\u015f\u00fcncelerimi do\u011fru d\u00fczg\u00fcn toplayam\u0131yorum bile. \u0130\u00e7inde her \u015fey var!\u201d \u2014Angie McKeon, Angie\u2019s Dreamy Reads <\/p>\n","protected":false},"excerpt":{"rendered":"<p>Bu b\u00fcy\u00fck bir yaland\u0131. \u015eimdiye kadar s\u00f6yledi\u011fi en b\u00fcy\u00fck yalan. S\u00f6zlerinin t\u00fcyler \u00fcrpertici t\u0131n\u0131s\u0131 zihninde titre\u015firken g\u00f6zlerinin ard\u0131ndaki k\u0131z\u0131n \u2013ger\u00e7e\u011fi bilen k\u0131z\u0131n\u2013 \u00e7\u0131\u011fl\u0131klar\u0131 yalan\u0131n\u0131n yank\u0131s\u0131na kar\u0131\u015ft\u0131.<span class=\"excerpt-hellip\"> [\u2026]<\/span><\/p>\n","protected":false},"featured_media":0,"template":"","meta":{"_monsterinsights_skip_tracking":false,"_monsterinsights_sitenote_active":false,"_monsterinsights_sitenote_note":"","_monsterinsights_sitenote_category":0},"product_brand":[],"product_cat":[12291,12711],"product_tag":[],"class_list":{"0":"post-758848","1":"product","2":"type-product","3":"status-publish","5":"product_cat-edebiyat","6":"product_cat-roman-oyku","7":"pa_cilt-ciltsiz","8":"pa_tur-kitap","9":"pa_yayinevi-yabanci-yayinevi","10":"pa_yazar-amy-harmon","12":"first","13":"instock","14":"sale","15":"shipping-taxable","16":"purchasable","17":"product-type-simple"},"_links":{"self":[{"href":"https:\/\/roveyayinevi.com.tr\/index.php\/wp-json\/wp\/v2\/product\/758848","targetHints":{"allow":["GET"]}}],"collection":[{"href":"https:\/\/roveyayinevi.com.tr\/index.php\/wp-json\/wp\/v2\/product"}],"about":[{"href":"https:\/\/roveyayinevi.com.tr\/index.php\/wp-json\/wp\/v2\/types\/product"}],"wp:attachment":[{"href":"https:\/\/roveyayinevi.com.tr\/index.php\/wp-json\/wp\/v2\/media?parent=758848"}],"wp:term":[{"taxonomy":"product_brand","embeddable":true,"href":"https:\/\/roveyayinevi.com.tr\/index.php\/wp-json\/wp\/v2\/product_brand?post=758848"},{"taxonomy":"product_cat","embeddable":true,"href":"https:\/\/roveyayinevi.com.tr\/index.php\/wp-json\/wp\/v2\/product_cat?post=758848"},{"taxonomy":"product_tag","embeddable":true,"href":"https:\/\/roveyayinevi.com.tr\/index.php\/wp-json\/wp\/v2\/product_tag?post=758848"}],"curies":[{"name":"wp","href":"https:\/\/api.w.org\/{rel}","templated":true}]}}