{"id":758847,"date":"2025-08-28T08:17:22","date_gmt":"2025-08-28T05:17:22","guid":{"rendered":"https:\/\/roveyayinevi.com.tr\/index.php\/urun\/kalemlere-sor\/"},"modified":"2026-04-16T03:11:48","modified_gmt":"2026-04-16T00:11:48","slug":"kalemlere-sor","status":"publish","type":"product","link":"https:\/\/roveyayinevi.com.tr\/index.php\/urun\/kalemlere-sor\/","title":{"rendered":"Kalemlere Sor"},"content":{"rendered":"<p>Ben turab\u0131m savrulmaya geldim A\u015fk oduna yanmaya geldim Ayaklar alt\u0131nda ezilmeye geldim Ben a\u015fk\u0131n u\u011fruna serden ge\u00e7tim Verdi\u011fin bu can\u0131 sana vermeye geldim\u2026 <\/p>\n","protected":false},"excerpt":{"rendered":"<p>Ben turab\u0131m savrulmaya geldim A\u015fk oduna yanmaya geldim Ayaklar alt\u0131nda ezilmeye geldim Ben a\u015fk\u0131n u\u011fruna serden ge\u00e7tim Verdi\u011fin bu can\u0131 sana vermeye geldim\u2026<\/p>\n","protected":false},"featured_media":0,"template":"","meta":{"_monsterinsights_skip_tracking":false,"_monsterinsights_sitenote_active":false,"_monsterinsights_sitenote_note":"","_monsterinsights_sitenote_category":0},"product_brand":[],"product_cat":[12291,12509],"product_tag":[],"class_list":{"0":"post-758847","1":"product","2":"type-product","3":"status-publish","5":"product_cat-edebiyat","6":"product_cat-siir","7":"pa_cilt-ciltsiz","8":"pa_tur-kitap","9":"pa_yayinevi-kuytu-yayinlari","10":"pa_yazar-zeliha-akcal-keser","12":"first","13":"instock","14":"sale","15":"shipping-taxable","16":"purchasable","17":"product-type-simple"},"_links":{"self":[{"href":"https:\/\/roveyayinevi.com.tr\/index.php\/wp-json\/wp\/v2\/product\/758847","targetHints":{"allow":["GET"]}}],"collection":[{"href":"https:\/\/roveyayinevi.com.tr\/index.php\/wp-json\/wp\/v2\/product"}],"about":[{"href":"https:\/\/roveyayinevi.com.tr\/index.php\/wp-json\/wp\/v2\/types\/product"}],"wp:attachment":[{"href":"https:\/\/roveyayinevi.com.tr\/index.php\/wp-json\/wp\/v2\/media?parent=758847"}],"wp:term":[{"taxonomy":"product_brand","embeddable":true,"href":"https:\/\/roveyayinevi.com.tr\/index.php\/wp-json\/wp\/v2\/product_brand?post=758847"},{"taxonomy":"product_cat","embeddable":true,"href":"https:\/\/roveyayinevi.com.tr\/index.php\/wp-json\/wp\/v2\/product_cat?post=758847"},{"taxonomy":"product_tag","embeddable":true,"href":"https:\/\/roveyayinevi.com.tr\/index.php\/wp-json\/wp\/v2\/product_tag?post=758847"}],"curies":[{"name":"wp","href":"https:\/\/api.w.org\/{rel}","templated":true}]}}