{"id":758845,"date":"2025-08-28T08:17:18","date_gmt":"2025-08-28T05:17:18","guid":{"rendered":"https:\/\/roveyayinevi.com.tr\/index.php\/urun\/tarihe-dusulen-notlar-1\/"},"modified":"2025-10-11T09:58:40","modified_gmt":"2025-10-11T06:58:40","slug":"tarihe-dusulen-notlar-1","status":"publish","type":"product","link":"https:\/\/roveyayinevi.com.tr\/index.php\/urun\/tarihe-dusulen-notlar-1\/","title":{"rendered":"Tarihe D\u00fc\u015f\u00fclen Notlar -1"},"content":{"rendered":"<p>\u0130nsan ya\u015fad\u0131\u011f\u0131 an\u0131n tan\u0131\u011f\u0131d\u0131r. Fark\u0131nda olmasa da gelecek ku\u015faklar i\u00e7in g\u00f6revini yerine getirir. Bu d\u00fcnyada ilelebet P\u00e2yidar olacak olan \u0130sl\u00e2m\u2019d\u0131r. O davay\u0131 benimsemi\u015f olan toplumun \u201cK\u0131z\u0131l Elma\u2019s\u0131d\u0131r.\u201d \u201cCihangirlik \u00fclk\u00fcs\u00fcd\u00fcr.\u201d Milleti \u0130sl\u00e2m&#8217;\u0131n \u201cCih\u00e2d A\u015fk\u0131d\u0131r.\u201d Yery\u00fcz\u00fc, \u00fclk\u00fcs\u00fcn\u00fc kazanm\u0131\u015f toplumu ve bu toplumun liderini beklemektedir&#8230; Gayretimiz; E\u011fitim, Ekonomi, Savunma, Hukuk ve K\u00fclt\u00fcr ba\u015fta olmak \u00fczere t\u00fcm alanlarda, Tam Ba\u011f\u0131ms\u0131z bir T\u00fcrkiye\u2019nin in\u015fas\u0131nda bir tu\u011fla olabilmektir. <\/p>\n","protected":false},"excerpt":{"rendered":"<p>\u0130nsan ya\u015fad\u0131\u011f\u0131 an\u0131n tan\u0131\u011f\u0131d\u0131r. Fark\u0131nda olmasa da gelecek ku\u015faklar i\u00e7in g\u00f6revini yerine getirir. Bu d\u00fcnyada ilelebet P\u00e2yidar olacak olan \u0130sl\u00e2m\u2019d\u0131r. O davay\u0131 benimsemi\u015f olan toplumun \u201cK\u0131z\u0131l<span class=\"excerpt-hellip\"> [\u2026]<\/span><\/p>\n","protected":false},"featured_media":0,"template":"","meta":{"_monsterinsights_skip_tracking":false,"_monsterinsights_sitenote_active":false,"_monsterinsights_sitenote_note":"","_monsterinsights_sitenote_category":0},"product_brand":[],"product_cat":[12777,12291],"product_tag":[],"class_list":{"0":"post-758845","1":"product","2":"type-product","3":"status-publish","5":"product_cat-deneme","6":"product_cat-edebiyat","7":"pa_cilt-ciltsiz","8":"pa_tur-kitap","9":"pa_yayinevi-gulnar-yayinlari","10":"pa_yazar-muhammed-isik","12":"first","13":"instock","14":"sale","15":"shipping-taxable","16":"purchasable","17":"product-type-simple"},"_links":{"self":[{"href":"https:\/\/roveyayinevi.com.tr\/index.php\/wp-json\/wp\/v2\/product\/758845","targetHints":{"allow":["GET"]}}],"collection":[{"href":"https:\/\/roveyayinevi.com.tr\/index.php\/wp-json\/wp\/v2\/product"}],"about":[{"href":"https:\/\/roveyayinevi.com.tr\/index.php\/wp-json\/wp\/v2\/types\/product"}],"wp:attachment":[{"href":"https:\/\/roveyayinevi.com.tr\/index.php\/wp-json\/wp\/v2\/media?parent=758845"}],"wp:term":[{"taxonomy":"product_brand","embeddable":true,"href":"https:\/\/roveyayinevi.com.tr\/index.php\/wp-json\/wp\/v2\/product_brand?post=758845"},{"taxonomy":"product_cat","embeddable":true,"href":"https:\/\/roveyayinevi.com.tr\/index.php\/wp-json\/wp\/v2\/product_cat?post=758845"},{"taxonomy":"product_tag","embeddable":true,"href":"https:\/\/roveyayinevi.com.tr\/index.php\/wp-json\/wp\/v2\/product_tag?post=758845"}],"curies":[{"name":"wp","href":"https:\/\/api.w.org\/{rel}","templated":true}]}}