{"id":758844,"date":"2025-08-28T08:17:16","date_gmt":"2025-08-28T05:17:16","guid":{"rendered":"https:\/\/roveyayinevi.com.tr\/index.php\/urun\/ben-yazar-suat-dervis\/"},"modified":"2026-04-16T03:11:48","modified_gmt":"2026-04-16T00:11:48","slug":"ben-yazar-suat-dervis","status":"publish","type":"product","link":"https:\/\/roveyayinevi.com.tr\/index.php\/urun\/ben-yazar-suat-dervis\/","title":{"rendered":"\u201cBen Yazar Suat Dervi\u015f\u201d"},"content":{"rendered":"<p>Onlarca roman, y\u00fczlerce \u00f6yk\u00fc, binlerce yaz\u0131&#8230;  M\u00fccadeleyle ve durmadan yazarak ge\u00e7irdi\u011fi \u00f6mr\u00fcnde hak etti\u011fi ilgiyi g\u00f6rememi\u015f bir ayd\u0131n, devrimci bir kad\u0131n. T\u00fcrk edebiyat\u0131n\u0131n, T\u00fcrk bas\u0131n tarihinin en etkili, en \u00fcretken kalemlerinden biri.     Yazar Suat Dervi\u015f.    Son y\u0131llarda kendisi ve eserleri \u00fczerine yap\u0131lan \u00e7al\u0131\u015fmalarla \u00e2deta \u201cke\u015ffedilen bir yazar\u201d oldu Dervi\u015f. B\u0131rakt\u0131\u011f\u0131 u\u00e7suz bucaks\u0131z k\u00fclliyat, tespit edilen m\u00fcstear adlar\u0131 ve bu adlarla yay\u0131mlad\u0131\u011f\u0131 eserleri sayesinde her y\u0131l geni\u015fleyip yeniden ele al\u0131n\u0131yor. K\u00e2\u015fifler, yirminci y\u00fczy\u0131l\u0131n haf\u0131zas\u0131na, kad\u0131nl\u0131\u011fa, erkekli\u011fe ve topluma; a\u015fka, \u00f6l\u00fcme, \u00e7aresizli\u011fe ve yaln\u0131zl\u0131\u011fa dair anlatt\u0131\u011f\u0131 e\u015fsiz hik\u00e2yelerle onun d\u00fcn\u00fc bug\u00fcne denk k\u0131labilen bir \u201cy\u0131ld\u0131z\u201d oldu\u011funu belgeliyor. Bu kitap, 2022\u2019de ger\u00e7ekle\u015fen \u00d6l\u00fcm\u00fcn\u00fcn 50. Y\u0131l\u0131nda Suat Dervi\u015f etkinliklerinin co\u015fkulu birikimiyle haz\u0131rland\u0131. Akademisyenler ve ara\u015ft\u0131rmac\u0131lar taraf\u0131ndan Dervi\u015f\u2019in yazar kimli\u011fiyle eserleri farkl\u0131, yenilik\u00e7i temellerde de\u011ferlendirilerek onun Almanya d\u00f6nemine, bilinmeyen yap\u0131tlar\u0131na ve m\u00fcstear adlar\u0131na dair yeni bulgular payla\u015f\u0131ld\u0131.     I\u015f\u0131\u011f\u0131 hi\u00e7 s\u00f6nmeyecek, ke\u015ffi uzun y\u0131llar s\u00fcrecek Suat Dervi\u015f\u2019in aziz hat\u0131ras\u0131na&#8230;    \u201cAcaba bana verilen hangi unvana ac\u0131yorlar? Ben ne kontesim, ne d\u00fc\u015fes, ne krali\u00e7e, ne profes\u00f6r, ne meclisi idare azas\u0131 ne de saylav\u0131m.  Ben muharririm.\u201d  <\/p>\n","protected":false},"excerpt":{"rendered":"<p>Onlarca roman, y\u00fczlerce \u00f6yk\u00fc, binlerce yaz\u0131&#8230; M\u00fccadeleyle ve durmadan yazarak ge\u00e7irdi\u011fi \u00f6mr\u00fcnde hak etti\u011fi ilgiyi g\u00f6rememi\u015f bir ayd\u0131n, devrimci bir kad\u0131n. T\u00fcrk edebiyat\u0131n\u0131n, T\u00fcrk bas\u0131n tarihinin<span class=\"excerpt-hellip\"> [\u2026]<\/span><\/p>\n","protected":false},"featured_media":0,"template":"","meta":{"_monsterinsights_skip_tracking":false,"_monsterinsights_sitenote_active":false,"_monsterinsights_sitenote_note":"","_monsterinsights_sitenote_category":0},"product_brand":[],"product_cat":[13072,12291],"product_tag":[],"class_list":{"0":"post-758844","1":"product","2":"type-product","3":"status-publish","5":"product_cat-arastirma-inceleme-referans","6":"product_cat-edebiyat","7":"pa_cilt-ciltsiz","8":"pa_tur-kitap","9":"pa_yayinevi-ithaki-yayinlari","10":"pa_yazar-seval-sahin","12":"first","13":"instock","14":"sale","15":"shipping-taxable","16":"purchasable","17":"product-type-simple"},"_links":{"self":[{"href":"https:\/\/roveyayinevi.com.tr\/index.php\/wp-json\/wp\/v2\/product\/758844","targetHints":{"allow":["GET"]}}],"collection":[{"href":"https:\/\/roveyayinevi.com.tr\/index.php\/wp-json\/wp\/v2\/product"}],"about":[{"href":"https:\/\/roveyayinevi.com.tr\/index.php\/wp-json\/wp\/v2\/types\/product"}],"wp:attachment":[{"href":"https:\/\/roveyayinevi.com.tr\/index.php\/wp-json\/wp\/v2\/media?parent=758844"}],"wp:term":[{"taxonomy":"product_brand","embeddable":true,"href":"https:\/\/roveyayinevi.com.tr\/index.php\/wp-json\/wp\/v2\/product_brand?post=758844"},{"taxonomy":"product_cat","embeddable":true,"href":"https:\/\/roveyayinevi.com.tr\/index.php\/wp-json\/wp\/v2\/product_cat?post=758844"},{"taxonomy":"product_tag","embeddable":true,"href":"https:\/\/roveyayinevi.com.tr\/index.php\/wp-json\/wp\/v2\/product_tag?post=758844"}],"curies":[{"name":"wp","href":"https:\/\/api.w.org\/{rel}","templated":true}]}}