{"id":758843,"date":"2025-08-28T08:17:13","date_gmt":"2025-08-28T05:17:13","guid":{"rendered":"https:\/\/roveyayinevi.com.tr\/index.php\/urun\/dune-film-kapagi\/"},"modified":"2026-04-16T03:11:48","modified_gmt":"2026-04-16T00:11:48","slug":"dune-film-kapagi","status":"publish","type":"product","link":"https:\/\/roveyayinevi.com.tr\/index.php\/urun\/dune-film-kapagi\/","title":{"rendered":"Dune (Film Kapa\u011f\u0131)"},"content":{"rendered":"<p>\u201cY\u00fcz\u00fcklerin Efendisi d\u0131\u015f\u0131nda bu kitapla k\u0131yaslanacak ba\u015fka bir kitap yok.\u201d \u2014Arthur C. Clarke   Dune ad\u0131yla bilinen Arrakis gezegeni, evrende baharat ad\u0131 verilen uyu\u015fturucu maddenin \u00e7\u0131kar\u0131ld\u0131\u011f\u0131 tek gezegendi. Bir \u00e7\u00f6l gezegeni olan Dune\u2019u, Padi\u015fah \u0130mparator\u2019un iste\u011fi \u00fczerine Harkonnen Hanedan\u0131 yerine Atreides Hanedan\u0131\u2019n\u0131n y\u00f6netmeye ba\u015flayacak olmas\u0131 ise t\u00fcm de\u011fi\u015fimlerin milad\u0131yd\u0131.   Baharat\u0131n sa\u011flad\u0131\u011f\u0131 gelece\u011fi g\u00f6rme g\u00fcc\u00fcne herkesten daha \u00e7ok ihtiya\u00e7 duyan Uzay Loncas\u0131\u2019n\u0131n s\u00f6z\u00fcnden \u00e7\u0131kamayan Padi\u015fah\u2019\u0131n, g\u00fc\u00e7 delisi Harkonnenlar\u0131n ve \u00f6ng\u00f6r\u00fc g\u00fcc\u00fcne ra\u011fmen Lonca\u2019n\u0131n bile geli\u015fini fark edemedi\u011fi bir de\u011fi\u015fken vard\u0131: Atreides Hanedan\u0131\u2019n\u0131n gen\u00e7 varisi Paul Atreides.   O, hem y\u0131llard\u0131r beklenen kurtar\u0131c\u0131yd\u0131 hem de yap\u0131lan t\u00fcm planlar\u0131n d\u00fc\u011f\u00fcm oldu\u011fu yeg\u00e2ne insan. Uzun y\u0131llar \u00fczerinde \u00e7al\u0131\u015f\u0131lan genetik deneylerin sonucu da olabilirdi, Fremen denen \u00e7\u00f6l kavminin mesihi de. <\/p>\n","protected":false},"excerpt":{"rendered":"<p>\u201cY\u00fcz\u00fcklerin Efendisi d\u0131\u015f\u0131nda bu kitapla k\u0131yaslanacak ba\u015fka bir kitap yok.\u201d \u2014Arthur C. Clarke Dune ad\u0131yla bilinen Arrakis gezegeni, evrende baharat ad\u0131 verilen uyu\u015fturucu maddenin \u00e7\u0131kar\u0131ld\u0131\u011f\u0131 tek<span class=\"excerpt-hellip\"> [\u2026]<\/span><\/p>\n","protected":false},"featured_media":0,"template":"","meta":{"_monsterinsights_skip_tracking":false,"_monsterinsights_sitenote_active":false,"_monsterinsights_sitenote_note":"","_monsterinsights_sitenote_category":0},"product_brand":[],"product_cat":[12540,12291],"product_tag":[],"class_list":{"0":"post-758843","1":"product","2":"type-product","3":"status-publish","5":"product_cat-bilim-kurgu","6":"product_cat-edebiyat","7":"pa_cilt-ciltsiz","8":"pa_tur-kitap","9":"pa_yayinevi-ithaki-yayinlari","10":"pa_yazar-frank-herbert","12":"first","13":"instock","14":"sale","15":"shipping-taxable","16":"purchasable","17":"product-type-simple"},"_links":{"self":[{"href":"https:\/\/roveyayinevi.com.tr\/index.php\/wp-json\/wp\/v2\/product\/758843","targetHints":{"allow":["GET"]}}],"collection":[{"href":"https:\/\/roveyayinevi.com.tr\/index.php\/wp-json\/wp\/v2\/product"}],"about":[{"href":"https:\/\/roveyayinevi.com.tr\/index.php\/wp-json\/wp\/v2\/types\/product"}],"wp:attachment":[{"href":"https:\/\/roveyayinevi.com.tr\/index.php\/wp-json\/wp\/v2\/media?parent=758843"}],"wp:term":[{"taxonomy":"product_brand","embeddable":true,"href":"https:\/\/roveyayinevi.com.tr\/index.php\/wp-json\/wp\/v2\/product_brand?post=758843"},{"taxonomy":"product_cat","embeddable":true,"href":"https:\/\/roveyayinevi.com.tr\/index.php\/wp-json\/wp\/v2\/product_cat?post=758843"},{"taxonomy":"product_tag","embeddable":true,"href":"https:\/\/roveyayinevi.com.tr\/index.php\/wp-json\/wp\/v2\/product_tag?post=758843"}],"curies":[{"name":"wp","href":"https:\/\/api.w.org\/{rel}","templated":true}]}}