{"id":758842,"date":"2025-08-28T08:17:11","date_gmt":"2025-08-28T05:17:11","guid":{"rendered":"https:\/\/roveyayinevi.com.tr\/index.php\/urun\/ihtiyatsiz-adam\/"},"modified":"2026-04-16T03:11:48","modified_gmt":"2026-04-16T00:11:48","slug":"ihtiyatsiz-adam","status":"publish","type":"product","link":"https:\/\/roveyayinevi.com.tr\/index.php\/urun\/ihtiyatsiz-adam\/","title":{"rendered":"\u0130htiyats\u0131z Adam"},"content":{"rendered":"<p>G\u0131rg\u0131r, D\u0131g\u0131l, Pi\u015fmi\u015f Kelle, Limon ve Leman gibi T\u00fcrkiye\u2019nin en \u00f6nemli mizah dergilerinde yer alm\u0131\u015f, kendinden sonraki nesle ilham olmu\u015f bir \u00e7izer Kemal Aratan. \u0130htiyats\u0131z Adam ise y\u0131llara meydan okuyan bir alb\u00fcm. \u0130nce detaylar ve imalarla dolu \u00e7izimlerde zeki \u0130htiyats\u0131z, Teflon Parmakyiyen\u2019den Nezleli M\u00fczmin\u2019e, haydutlar\u0131n hepsine kan kusturup maceradan maceraya ko\u015fuyor. <\/p>\n","protected":false},"excerpt":{"rendered":"<p>G\u0131rg\u0131r, D\u0131g\u0131l, Pi\u015fmi\u015f Kelle, Limon ve Leman gibi T\u00fcrkiye\u2019nin en \u00f6nemli mizah dergilerinde yer alm\u0131\u015f, kendinden sonraki nesle ilham olmu\u015f bir \u00e7izer Kemal Aratan. \u0130htiyats\u0131z Adam<span class=\"excerpt-hellip\"> [\u2026]<\/span><\/p>\n","protected":false},"featured_media":0,"template":"","meta":{"_monsterinsights_skip_tracking":false,"_monsterinsights_sitenote_active":false,"_monsterinsights_sitenote_note":"","_monsterinsights_sitenote_category":0},"product_brand":[],"product_cat":[12416,12291],"product_tag":[],"class_list":{"0":"post-758842","1":"product","2":"type-product","3":"status-publish","5":"product_cat-cizgi-roman","6":"product_cat-edebiyat","7":"pa_cilt-ciltsiz","8":"pa_tur-kitap","9":"pa_yayinevi-ithaki-yayinlari","10":"pa_yazar-kemal-aratan","12":"first","13":"instock","14":"sale","15":"shipping-taxable","16":"purchasable","17":"product-type-simple"},"_links":{"self":[{"href":"https:\/\/roveyayinevi.com.tr\/index.php\/wp-json\/wp\/v2\/product\/758842","targetHints":{"allow":["GET"]}}],"collection":[{"href":"https:\/\/roveyayinevi.com.tr\/index.php\/wp-json\/wp\/v2\/product"}],"about":[{"href":"https:\/\/roveyayinevi.com.tr\/index.php\/wp-json\/wp\/v2\/types\/product"}],"wp:attachment":[{"href":"https:\/\/roveyayinevi.com.tr\/index.php\/wp-json\/wp\/v2\/media?parent=758842"}],"wp:term":[{"taxonomy":"product_brand","embeddable":true,"href":"https:\/\/roveyayinevi.com.tr\/index.php\/wp-json\/wp\/v2\/product_brand?post=758842"},{"taxonomy":"product_cat","embeddable":true,"href":"https:\/\/roveyayinevi.com.tr\/index.php\/wp-json\/wp\/v2\/product_cat?post=758842"},{"taxonomy":"product_tag","embeddable":true,"href":"https:\/\/roveyayinevi.com.tr\/index.php\/wp-json\/wp\/v2\/product_tag?post=758842"}],"curies":[{"name":"wp","href":"https:\/\/api.w.org\/{rel}","templated":true}]}}