{"id":758837,"date":"2025-08-28T08:17:04","date_gmt":"2025-08-28T05:17:04","guid":{"rendered":"https:\/\/roveyayinevi.com.tr\/index.php\/urun\/mahrem-icinde-mahrem\/"},"modified":"2026-04-16T03:11:48","modified_gmt":"2026-04-16T00:11:48","slug":"mahrem-icinde-mahrem","status":"publish","type":"product","link":"https:\/\/roveyayinevi.com.tr\/index.php\/urun\/mahrem-icinde-mahrem\/","title":{"rendered":"Mahrem \u0130\u00e7inde Mahrem"},"content":{"rendered":"<p>FET\u00d6-M\u0130T Mahrem Yap\u0131lanmas\u0131   15 Temmuz gecesi i\u015fledi\u011fi su\u00e7lar sebebiyle FET\u00d6\u2019y\u00fc \u201cter\u00f6r \u00f6rg\u00fct\u00fc\u201d olarak adland\u0131rmak yeterli olsa da \u201cter\u00f6r \u00f6rg\u00fct\u00fc\u201d tan\u0131m\u0131 FET\u00d6\u2019y\u00fc tan\u0131mlamaya yetmez. FET\u00d6 bir istihbarat ve ihanet yap\u0131lanmas\u0131d\u0131r.   Fetullah\u00e7\u0131 Ter\u00f6r \u00d6rg\u00fct\u00fc (FET\u00d6) kumpas kuran, cinayet i\u015fleyen, soru \u00e7alan, sahte belge d\u00fczenleyen, yalan s\u00f6yleyen, iftira atan, darbeye kalk\u0131\u015f\u0131p TBMM\u2019yi bombalayan, 252 insan\u0131m\u0131z\u0131 tank ve F-16\u2019larla katleden, devlete ve millete ihanet eden; t\u00fcm bunlar\u0131 yapt\u0131\u011f\u0131 halde ink\u00e2r edip i\u015fledi\u011fi insanl\u0131k su\u00e7lar\u0131n\u0131 ba\u015fkalar\u0131n\u0131n \u00fczerine atan, her k\u0131l\u0131\u011fa giren mankurtla\u015fm\u0131\u015f beyinlilerden olu\u015fan bir \u015febekedir.   FET\u00d6, hizmet etti\u011fi ABD istihbarat\u0131 CIA\u2019in kanatlar\u0131 alt\u0131nda kurulan, onun \u00e7\u0131karlar\u0131 i\u00e7in kullan\u0131lan ve halen onun taraf\u0131ndan ABD topraklar\u0131nda korunan bir istihbarat ve operasyon arac\u0131d\u0131r.   \u0130\u015fledi\u011fi su\u00e7lardan yola \u00e7\u0131karak FET\u00d6\u2019n\u00fcn nas\u0131l bir ihanet \u015febekesi oldu\u011funu anlayabilirsiniz, ama \u201cmahrem i\u00e7inde mahrem\u201d olan FET\u00d6-M\u0130T Mahrem Yap\u0131lanmas\u0131 bilinmeden nas\u0131l bir istihbarat ve operasyon \u00f6rg\u00fct\u00fc oldu\u011fu anla\u015f\u0131lamaz.   \u00d6rg\u00fct\u00fcn en gizli ve karanl\u0131k, en kirli ve operatif y\u00f6nlerini ortaya koyan FET\u00d6-M\u0130T Mahrem Yap\u0131lanmas\u0131-Mahrem \u0130\u00e7inde Mahrem kitab\u0131; cemaat, tarikat diye faaliyetine ba\u015flayan  ve hareket ad\u0131 alt\u0131nda geni\u015fleyen ihanet \u015febekesi FET\u00d6\u2019n\u00fcn legal yap\u0131lanmas\u0131n\u0131n arkas\u0131ndaki illegal yap\u0131lanmay\u0131, illegal yap\u0131 alt\u0131nda M\u0130T-Mahrem Yap\u0131lanmas\u0131\u2019n\u0131, bunun alt\u0131nda FET\u00d6-Siyaset Yap\u0131lanmas\u0131 ve FET\u00d6-Mason Yap\u0131lanmas\u0131\u2019n\u0131, mahkeme belgeleri ve mahrem imamlar\u0131n ifadeleriyle ortaya koyuyor. <\/p>\n","protected":false},"excerpt":{"rendered":"<p>FET\u00d6-M\u0130T Mahrem Yap\u0131lanmas\u0131 15 Temmuz gecesi i\u015fledi\u011fi su\u00e7lar sebebiyle FET\u00d6\u2019y\u00fc \u201cter\u00f6r \u00f6rg\u00fct\u00fc\u201d olarak adland\u0131rmak yeterli olsa da \u201cter\u00f6r \u00f6rg\u00fct\u00fc\u201d tan\u0131m\u0131 FET\u00d6\u2019y\u00fc tan\u0131mlamaya yetmez. FET\u00d6 bir istihbarat<span class=\"excerpt-hellip\"> [\u2026]<\/span><\/p>\n","protected":false},"featured_media":0,"template":"","meta":{"_monsterinsights_skip_tracking":false,"_monsterinsights_sitenote_active":false,"_monsterinsights_sitenote_note":"","_monsterinsights_sitenote_category":0},"product_brand":[],"product_cat":[13590,12337],"product_tag":[],"class_list":{"0":"post-758837","1":"product","2":"type-product","3":"status-publish","5":"product_cat-arastirma-inceleme-politika-siyaset","6":"product_cat-politika-siyaset","7":"pa_cilt-ciltsiz","8":"pa_tur-kitap","9":"pa_yayinevi-destek-yayinlari","10":"pa_yazar-nedim-sener","12":"first","13":"instock","14":"sale","15":"shipping-taxable","16":"purchasable","17":"product-type-simple"},"_links":{"self":[{"href":"https:\/\/roveyayinevi.com.tr\/index.php\/wp-json\/wp\/v2\/product\/758837","targetHints":{"allow":["GET"]}}],"collection":[{"href":"https:\/\/roveyayinevi.com.tr\/index.php\/wp-json\/wp\/v2\/product"}],"about":[{"href":"https:\/\/roveyayinevi.com.tr\/index.php\/wp-json\/wp\/v2\/types\/product"}],"wp:attachment":[{"href":"https:\/\/roveyayinevi.com.tr\/index.php\/wp-json\/wp\/v2\/media?parent=758837"}],"wp:term":[{"taxonomy":"product_brand","embeddable":true,"href":"https:\/\/roveyayinevi.com.tr\/index.php\/wp-json\/wp\/v2\/product_brand?post=758837"},{"taxonomy":"product_cat","embeddable":true,"href":"https:\/\/roveyayinevi.com.tr\/index.php\/wp-json\/wp\/v2\/product_cat?post=758837"},{"taxonomy":"product_tag","embeddable":true,"href":"https:\/\/roveyayinevi.com.tr\/index.php\/wp-json\/wp\/v2\/product_tag?post=758837"}],"curies":[{"name":"wp","href":"https:\/\/api.w.org\/{rel}","templated":true}]}}