{"id":758835,"date":"2025-08-28T08:17:00","date_gmt":"2025-08-28T05:17:00","guid":{"rendered":"https:\/\/roveyayinevi.com.tr\/index.php\/urun\/elo-ve-moni-ile-finansal-okuryazarlik\/"},"modified":"2026-04-16T03:11:48","modified_gmt":"2026-04-16T00:11:48","slug":"elo-ve-moni-ile-finansal-okuryazarlik","status":"publish","type":"product","link":"https:\/\/roveyayinevi.com.tr\/index.php\/urun\/elo-ve-moni-ile-finansal-okuryazarlik\/","title":{"rendered":"Elo ve Moni ile Finansal Okuryazarl\u0131k"},"content":{"rendered":"<p>Elo ve Moni ile finansal okuryazarl\u0131k maceras\u0131na kat\u0131lmak ister misin? Para y\u00f6netimi, tasarruf ve b\u00fct\u00e7eleme gibi finansal konular\u0131 g\u00fcnl\u00fck hayattan \u00f6rneklerle anlatan bu macerada hem \u00e7ok e\u011fleneceksiniz hem de bir\u00e7ok \u015fey \u00f6\u011freneceksiniz. Haydi ba\u015flayal\u0131m!   Bu Kitap Ne Anlat\u0131yor: Bu kitapla paran\u0131n tarihini \u00f6\u011frenecek, ak\u0131ll\u0131 al\u0131\u015fveri\u015f, b\u00fct\u00e7e y\u00f6netimi gibi finansal okuryazarl\u0131k konular\u0131nda e\u011flenceli bir \u015fekilde bilgileneceksiniz. \u00b7         B\u00fct\u00e7e y\u00f6netimi \u00b7         Bilin\u00e7li t\u00fcketici \u00b7         Matematiksel d\u00fc\u015f\u00fcnme \u00b7         Tarihsel d\u00fc\u015f\u00fcnme \u00b7         Finansal Okuryazarl\u0131k <\/p>\n","protected":false},"excerpt":{"rendered":"<p>Elo ve Moni ile finansal okuryazarl\u0131k maceras\u0131na kat\u0131lmak ister misin? Para y\u00f6netimi, tasarruf ve b\u00fct\u00e7eleme gibi finansal konular\u0131 g\u00fcnl\u00fck hayattan \u00f6rneklerle anlatan bu macerada hem \u00e7ok<span class=\"excerpt-hellip\"> [\u2026]<\/span><\/p>\n","protected":false},"featured_media":0,"template":"","meta":{"_monsterinsights_skip_tracking":false,"_monsterinsights_sitenote_active":false,"_monsterinsights_sitenote_note":"","_monsterinsights_sitenote_category":0},"product_brand":[],"product_cat":[12274,15842],"product_tag":[],"class_list":{"0":"post-758835","1":"product","2":"type-product","3":"status-publish","5":"product_cat-cocuk-ve-genclik-kitaplari","6":"product_cat-egitici-kitaplar","7":"pa_cilt-ciltsiz","8":"pa_tur-kitap","9":"pa_yayinevi-abm-yayinevi","10":"pa_yazar-hale-gunes","12":"first","13":"instock","14":"sale","15":"shipping-taxable","16":"purchasable","17":"product-type-simple"},"_links":{"self":[{"href":"https:\/\/roveyayinevi.com.tr\/index.php\/wp-json\/wp\/v2\/product\/758835","targetHints":{"allow":["GET"]}}],"collection":[{"href":"https:\/\/roveyayinevi.com.tr\/index.php\/wp-json\/wp\/v2\/product"}],"about":[{"href":"https:\/\/roveyayinevi.com.tr\/index.php\/wp-json\/wp\/v2\/types\/product"}],"wp:attachment":[{"href":"https:\/\/roveyayinevi.com.tr\/index.php\/wp-json\/wp\/v2\/media?parent=758835"}],"wp:term":[{"taxonomy":"product_brand","embeddable":true,"href":"https:\/\/roveyayinevi.com.tr\/index.php\/wp-json\/wp\/v2\/product_brand?post=758835"},{"taxonomy":"product_cat","embeddable":true,"href":"https:\/\/roveyayinevi.com.tr\/index.php\/wp-json\/wp\/v2\/product_cat?post=758835"},{"taxonomy":"product_tag","embeddable":true,"href":"https:\/\/roveyayinevi.com.tr\/index.php\/wp-json\/wp\/v2\/product_tag?post=758835"}],"curies":[{"name":"wp","href":"https:\/\/api.w.org\/{rel}","templated":true}]}}