{"id":758832,"date":"2025-08-28T08:16:54","date_gmt":"2025-08-28T05:16:54","guid":{"rendered":"https:\/\/roveyayinevi.com.tr\/index.php\/urun\/cadilarin-cenneti-3\/"},"modified":"2026-04-16T03:11:48","modified_gmt":"2026-04-16T00:11:48","slug":"cadilarin-cenneti-3","status":"publish","type":"product","link":"https:\/\/roveyayinevi.com.tr\/index.php\/urun\/cadilarin-cenneti-3\/","title":{"rendered":"Cad\u0131lar\u0131n Cenneti 3"},"content":{"rendered":"<p>Do\u011fan\u0131n terk etti\u011fi bir d\u00fcnyada insanl\u0131\u011f\u0131n t\u00fcm umudu cad\u0131lard\u0131r!   Amurlar\u0131n seslerini takip eden Pilly ve Oak, da\u011flarda cad\u0131lar\u0131n sakl\u0131 bir yerini bulmu\u015ftur. Ancak orada ya\u015fayan kad\u0131nlar, \u201cCennet\u201d hakk\u0131nda bilgiye sahip de\u011fillerdir. Pilly ve Oak, yola \u00e7\u0131kmaya haz\u0131rlan\u0131rken babas\u0131n\u0131 arayan Hina, onlar\u0131 takip etmek ister. Ama korkun\u00e7 bir ger\u00e7e\u011fi \u00f6\u011frenir.   O esnada Oak, uzaktan ayak sesleri duyar. Askerler s\u0131\u011f\u0131na\u011fa do\u011fru geliyordur. Fakat Pilly\u2019nin bir plan\u0131 vard\u0131r. Herkes ka\u00e7ana kadar kendini bir yem gibi sunacakt\u0131r. Acaba buradan sa\u011f \u00e7\u0131kabilecek midir?   \u0130nce ve narin \u00e7izgisiyle Yumeji, kara fantastik du\u0308nyas\u0131na \u015fiirsel bir imza at\u0131yor! Felakete u\u011fram\u0131\u015f bir du\u0308nyada Pilly, insanlar ve bitkiler aras\u0131ndaki mu\u0308cadelenin tam ortas\u0131nda bir maceraya at\u0131l\u0131yor. <\/p>\n","protected":false},"excerpt":{"rendered":"<p>Do\u011fan\u0131n terk etti\u011fi bir d\u00fcnyada insanl\u0131\u011f\u0131n t\u00fcm umudu cad\u0131lard\u0131r! Amurlar\u0131n seslerini takip eden Pilly ve Oak, da\u011flarda cad\u0131lar\u0131n sakl\u0131 bir yerini bulmu\u015ftur. Ancak orada ya\u015fayan kad\u0131nlar,<span class=\"excerpt-hellip\"> [\u2026]<\/span><\/p>\n","protected":false},"featured_media":0,"template":"","meta":{"_monsterinsights_skip_tracking":false,"_monsterinsights_sitenote_active":false,"_monsterinsights_sitenote_note":"","_monsterinsights_sitenote_category":0},"product_brand":[],"product_cat":[12416,12291],"product_tag":[],"class_list":{"0":"post-758832","1":"product","2":"type-product","3":"status-publish","5":"product_cat-cizgi-roman","6":"product_cat-edebiyat","7":"pa_cilt-ciltsiz","8":"pa_tur-kitap","9":"pa_yayinevi-athica-yayinlari","10":"pa_yazar-yumeji","12":"first","13":"instock","14":"sale","15":"shipping-taxable","16":"purchasable","17":"product-type-simple"},"_links":{"self":[{"href":"https:\/\/roveyayinevi.com.tr\/index.php\/wp-json\/wp\/v2\/product\/758832","targetHints":{"allow":["GET"]}}],"collection":[{"href":"https:\/\/roveyayinevi.com.tr\/index.php\/wp-json\/wp\/v2\/product"}],"about":[{"href":"https:\/\/roveyayinevi.com.tr\/index.php\/wp-json\/wp\/v2\/types\/product"}],"wp:attachment":[{"href":"https:\/\/roveyayinevi.com.tr\/index.php\/wp-json\/wp\/v2\/media?parent=758832"}],"wp:term":[{"taxonomy":"product_brand","embeddable":true,"href":"https:\/\/roveyayinevi.com.tr\/index.php\/wp-json\/wp\/v2\/product_brand?post=758832"},{"taxonomy":"product_cat","embeddable":true,"href":"https:\/\/roveyayinevi.com.tr\/index.php\/wp-json\/wp\/v2\/product_cat?post=758832"},{"taxonomy":"product_tag","embeddable":true,"href":"https:\/\/roveyayinevi.com.tr\/index.php\/wp-json\/wp\/v2\/product_tag?post=758832"}],"curies":[{"name":"wp","href":"https:\/\/api.w.org\/{rel}","templated":true}]}}