{"id":758831,"date":"2025-08-28T08:16:52","date_gmt":"2025-08-28T05:16:52","guid":{"rendered":"https:\/\/roveyayinevi.com.tr\/index.php\/urun\/disaridaki-kiz-1\/"},"modified":"2026-04-16T03:11:48","modified_gmt":"2026-04-16T00:11:48","slug":"disaridaki-kiz-1","status":"publish","type":"product","link":"https:\/\/roveyayinevi.com.tr\/index.php\/urun\/disaridaki-kiz-1\/","title":{"rendered":"D\u0131\u015far\u0131\u2019daki K\u0131z 1"},"content":{"rendered":"<p>B\u0130R ZAMANLAR UZAK B\u0130R D\u0130YARDA&#8230;   \u0130ki \u00fclke varm\u0131\u015f: Dokunursan\u0131z sizi lanetleyebilecek tuhaf yarat\u0131klar\u0131n ya\u015fad\u0131\u011f\u0131 D\u0131\u015far\u0131s\u0131 ve insanlar\u0131n ya\u015fad\u0131\u011f\u0131 \u0130\u00e7erisi. Bir araya gelmemesi gereken iki ki\u015fi kar\u015f\u0131la\u015ft\u0131\u011f\u0131nda bir masal ger\u00e7e\u011fe d\u00f6n\u00fc\u015fmeye ba\u015flam\u0131\u015f.   Bu, gece ve g\u00fcnd\u00fcz\u00fc\u0308 birbirinden ay\u0131ran o belirsiz anda ortaya \u00e7\u0131kan ikilinin destans\u0131 hik\u00e2yesi.   <\/p>\n","protected":false},"excerpt":{"rendered":"<p>B\u0130R ZAMANLAR UZAK B\u0130R D\u0130YARDA&#8230; \u0130ki \u00fclke varm\u0131\u015f: Dokunursan\u0131z sizi lanetleyebilecek tuhaf yarat\u0131klar\u0131n ya\u015fad\u0131\u011f\u0131 D\u0131\u015far\u0131s\u0131 ve insanlar\u0131n ya\u015fad\u0131\u011f\u0131 \u0130\u00e7erisi. Bir araya gelmemesi gereken iki ki\u015fi kar\u015f\u0131la\u015ft\u0131\u011f\u0131nda<span class=\"excerpt-hellip\"> [\u2026]<\/span><\/p>\n","protected":false},"featured_media":0,"template":"","meta":{"_monsterinsights_skip_tracking":false,"_monsterinsights_sitenote_active":false,"_monsterinsights_sitenote_note":"","_monsterinsights_sitenote_category":0},"product_brand":[],"product_cat":[12416,12291],"product_tag":[],"class_list":{"0":"post-758831","1":"product","2":"type-product","3":"status-publish","5":"product_cat-cizgi-roman","6":"product_cat-edebiyat","7":"pa_cilt-ciltsiz","8":"pa_tur-kitap","9":"pa_yayinevi-athica-yayinlari","10":"pa_yazar-nagabe","12":"first","13":"instock","14":"sale","15":"shipping-taxable","16":"purchasable","17":"product-type-simple"},"_links":{"self":[{"href":"https:\/\/roveyayinevi.com.tr\/index.php\/wp-json\/wp\/v2\/product\/758831","targetHints":{"allow":["GET"]}}],"collection":[{"href":"https:\/\/roveyayinevi.com.tr\/index.php\/wp-json\/wp\/v2\/product"}],"about":[{"href":"https:\/\/roveyayinevi.com.tr\/index.php\/wp-json\/wp\/v2\/types\/product"}],"wp:attachment":[{"href":"https:\/\/roveyayinevi.com.tr\/index.php\/wp-json\/wp\/v2\/media?parent=758831"}],"wp:term":[{"taxonomy":"product_brand","embeddable":true,"href":"https:\/\/roveyayinevi.com.tr\/index.php\/wp-json\/wp\/v2\/product_brand?post=758831"},{"taxonomy":"product_cat","embeddable":true,"href":"https:\/\/roveyayinevi.com.tr\/index.php\/wp-json\/wp\/v2\/product_cat?post=758831"},{"taxonomy":"product_tag","embeddable":true,"href":"https:\/\/roveyayinevi.com.tr\/index.php\/wp-json\/wp\/v2\/product_tag?post=758831"}],"curies":[{"name":"wp","href":"https:\/\/api.w.org\/{rel}","templated":true}]}}