{"id":758826,"date":"2025-08-28T08:15:50","date_gmt":"2025-08-28T05:15:50","guid":{"rendered":"https:\/\/roveyayinevi.com.tr\/index.php\/urun\/ahmarubi\/"},"modified":"2026-04-16T03:11:48","modified_gmt":"2026-04-16T00:11:48","slug":"ahmarubi","status":"publish","type":"product","link":"https:\/\/roveyayinevi.com.tr\/index.php\/urun\/ahmarubi\/","title":{"rendered":"Ahmarubi"},"content":{"rendered":"<p>Bir ikindi vakti k\u0131y\u0131ya vuran denizine\u011fi, \u015fehirdeki b\u00fct\u00fcn hayvanlar\u0131n kaderini de\u011fi\u015ftirecek, halk, ba\u015f\u0131na geleceklerden habersiz yepyeni bir d\u00fczene ge\u00e7ecektir.Hik\u00e2yelerinin kurgular\u0131yla kedi fare oyunu oynayan Fatih Selvi, Ferit\u2019in ordusuyla birlikte E\u015fek K\u00f6y\u2019den ald\u0131\u011f\u0131 b\u00fcy\u00fck intikam\u0131 anlat\u0131yor. Akdeniz\u2019in dalgalar\u0131 aras\u0131nda \u00f6l\u00fcm kal\u0131m m\u00fccadelesi veren g\u00f6\u00e7men k\u0131z Ahmarubi\u2019yle, s\u00f6ylenmemi\u015f s\u00f6zlerin yorgunu Nihat\u2019la, A\u011fz\u0131yla \u00c7ivi \u00c7akan Adam\u2019la bizi tan\u0131\u015ft\u0131r\u0131rken manevra kabiliyeti y\u00fcksek c\u00fcmleleriyle bir kelime sihirbaz\u0131 oldu\u011funu kan\u0131tl\u0131yor. Sizi Pazardaki Zaman Makinesi\u2019ne bindirip Hakk\u00e2ri\u2019ye g\u00f6t\u00fcr\u00fcyor, S\u00fcmb\u00fcl\u2019e yasl\u0131 bir pencerede b\u00fcy\u00fcyen yaln\u0131zl\u0131klar\u0131 g\u00fcnl\u00fcklere ge\u00e7iriyor.Tekd\u00fczeli\u011fe itiraz\u0131 olan bu metinler toplumsal sorunlara da bireysel ac\u0131lara da e\u015fit d\u00fczeyde duyarl\u0131 bir zihnin \u00fcr\u00fcn\u00fc. <\/p>\n","protected":false},"excerpt":{"rendered":"<p>Bir ikindi vakti k\u0131y\u0131ya vuran denizine\u011fi, \u015fehirdeki b\u00fct\u00fcn hayvanlar\u0131n kaderini de\u011fi\u015ftirecek, halk, ba\u015f\u0131na geleceklerden habersiz yepyeni bir d\u00fczene ge\u00e7ecektir.Hik\u00e2yelerinin kurgular\u0131yla kedi fare oyunu oynayan Fatih Selvi,<span class=\"excerpt-hellip\"> [\u2026]<\/span><\/p>\n","protected":false},"featured_media":0,"template":"","meta":{"_monsterinsights_skip_tracking":false,"_monsterinsights_sitenote_active":false,"_monsterinsights_sitenote_note":"","_monsterinsights_sitenote_category":0},"product_brand":[],"product_cat":[12291,18202],"product_tag":[],"class_list":{"0":"post-758826","1":"product","2":"type-product","3":"status-publish","5":"product_cat-edebiyat","6":"product_cat-hikaye","7":"pa_cilt-ciltsiz","8":"pa_tur-kitap","9":"pa_yayinevi-otuken-nesriyat","10":"pa_yazar-fatih-selvi","12":"first","13":"instock","14":"sale","15":"shipping-taxable","16":"purchasable","17":"product-type-simple"},"_links":{"self":[{"href":"https:\/\/roveyayinevi.com.tr\/index.php\/wp-json\/wp\/v2\/product\/758826","targetHints":{"allow":["GET"]}}],"collection":[{"href":"https:\/\/roveyayinevi.com.tr\/index.php\/wp-json\/wp\/v2\/product"}],"about":[{"href":"https:\/\/roveyayinevi.com.tr\/index.php\/wp-json\/wp\/v2\/types\/product"}],"wp:attachment":[{"href":"https:\/\/roveyayinevi.com.tr\/index.php\/wp-json\/wp\/v2\/media?parent=758826"}],"wp:term":[{"taxonomy":"product_brand","embeddable":true,"href":"https:\/\/roveyayinevi.com.tr\/index.php\/wp-json\/wp\/v2\/product_brand?post=758826"},{"taxonomy":"product_cat","embeddable":true,"href":"https:\/\/roveyayinevi.com.tr\/index.php\/wp-json\/wp\/v2\/product_cat?post=758826"},{"taxonomy":"product_tag","embeddable":true,"href":"https:\/\/roveyayinevi.com.tr\/index.php\/wp-json\/wp\/v2\/product_tag?post=758826"}],"curies":[{"name":"wp","href":"https:\/\/api.w.org\/{rel}","templated":true}]}}