{"id":758825,"date":"2025-08-28T08:15:49","date_gmt":"2025-08-28T05:15:49","guid":{"rendered":"https:\/\/roveyayinevi.com.tr\/index.php\/urun\/para-hakkinda-size-ogretilmeyen-seyler\/"},"modified":"2026-04-16T03:11:48","modified_gmt":"2026-04-16T00:11:48","slug":"para-hakkinda-size-ogretilmeyen-seyler","status":"publish","type":"product","link":"https:\/\/roveyayinevi.com.tr\/index.php\/urun\/para-hakkinda-size-ogretilmeyen-seyler\/","title":{"rendered":"Para Hakk\u0131nda Size \u00d6\u011fretilmeyen \u015eeyler"},"content":{"rendered":"<p>&#8220;B\u00fct\u00fcn param nereye gitti anlamad\u0131m!&#8221; Siz de bu c\u00fcmleyi s\u0131k kuranlardan m\u0131s\u0131n\u0131z? \u00d6yleyse kul\u00fcbe ho\u015f geldiniz! Ay sonunda ekstrelerinize bakmak kalbinizi mi s\u0131k\u0131\u015ft\u0131r\u0131yor. Yaln\u0131z de\u011filsiniz\u2026 Kendinizi s\u0131k s\u0131k \u201c\u015fimdi al sonra \u00f6de\u201d kampanyalar\u0131n\u0131n oltas\u0131nda m\u0131 buluyorsunuz? Demek ki do\u011fru yerdesiniz\u2026 D\u00fcnyan\u0131n en karma\u015f\u0131k ili\u015fkilerinden biri parayla olan ili\u015fkimiz. Cebimizdeki paray\u0131 ustal\u0131kla alan t\u00fcketim sistemi ise bu durumu hi\u00e7 de kolayla\u015ft\u0131rm\u0131yor. Bu kitab\u0131 elinize ald\u0131\u011f\u0131n\u0131za g\u00f6re sizin de art\u0131k parayla ili\u015fkinizi sa\u011flam bir zemine oturtman\u0131z\u0131n zaman\u0131 gelmi\u015f demektir. Para Hakk\u0131nda Size \u00d6\u011fretilmeyen \u015eeyler g\u00fcc\u00fcn\u00fcz\u00fc geri kazanmak ve paran\u0131z\u0131n sizin i\u00e7in \u00e7al\u0131\u015fmas\u0131n\u0131 sa\u011flamak i\u00e7in bir silahlanma \u00e7a\u011fr\u0131s\u0131! Mali tablonuzla ilgili durum ne olursa olsun \u00f6nce parayla olan duygusal ili\u015fkinizin haritas\u0131n\u0131 \u00e7\u0131karacak, ard\u0131ndan sizi paran\u0131z\u0131 daha iyi y\u00f6netmeye g\u00f6t\u00fcrecek bir yol haritas\u0131. \u0130ngiltere\u2019de televizyondaki finans programlar\u0131n\u0131n Uzman Teyzesi ve Financial Times k\u00f6\u015fe yazar\u0131 Claer Barrett, cehaletimizden b\u00fcy\u00fck kazan\u00e7 sa\u011flayan dev \u015firketler taraf\u0131ndan s\u00fcrd\u00fcr\u00fclen para mitlerini tek tek \u00e7\u00fcr\u00fct\u00fcyor. Bizi daha fazla harcamaya y\u00f6nlendiren hileleri ortaya \u00e7\u0131kar\u0131yor. Kriptodan kolayca para kazanabilece\u011fimiz yalan\u0131n\u0131 de\u015fifre ediyor. Yani para hakk\u0131nda bize \u00f6\u011fretilmeyen \u015feyleri b\u00fcy\u00fck bir cesaretle ama ayn\u0131 zamanda en e\u011flenceli bi\u00e7imde anlat\u0131yor. Yapman\u0131z gereken ilk \u015fey \u00f6nce finansal ki\u015fili\u011finizi bulmak. Acaba sizin finansal ki\u015fili\u011finiz hangisi? Parayla ili\u015fkinizde nas\u0131l bir insans\u0131n\u0131z? \u00b7 Deveku\u015fu \u00b7 Savurgan \u00b7 Risksever \u00b7 \u0130stif\u00e7i \u00b7 Hesap Tablosu K\u00f6lesi \u00b7 Tedirgin Yat\u0131r\u0131mc\u0131\u2026 \u0130kinci ad\u0131m ise finansal \u00f6zg\u00fcrl\u00fc\u011fe giden yolda en b\u00fcy\u00fck rehberiniz olacak YED\u0130 ALI\u015eKANLI\u011eI benimsemek. \u00d6d\u00fcl\u00fcn\u00fcz, g\u00f6z korkutan ekstreler yerine kartopu gibi b\u00fcy\u00fcyen birikimler, kendinizi daha g\u00fc\u00e7l\u00fc, daha mutlu ve endi\u015fesiz hissetmek olacak\u2026 <\/p>\n","protected":false},"excerpt":{"rendered":"<p>&#8220;B\u00fct\u00fcn param nereye gitti anlamad\u0131m!&#8221; Siz de bu c\u00fcmleyi s\u0131k kuranlardan m\u0131s\u0131n\u0131z? \u00d6yleyse kul\u00fcbe ho\u015f geldiniz! Ay sonunda ekstrelerinize bakmak kalbinizi mi s\u0131k\u0131\u015ft\u0131r\u0131yor. Yaln\u0131z de\u011filsiniz\u2026 Kendinizi<span class=\"excerpt-hellip\"> [\u2026]<\/span><\/p>\n","protected":false},"featured_media":0,"template":"","meta":{"_monsterinsights_skip_tracking":false,"_monsterinsights_sitenote_active":false,"_monsterinsights_sitenote_note":"","_monsterinsights_sitenote_category":0},"product_brand":[],"product_cat":[13043,17647],"product_tag":[],"class_list":{"0":"post-758825","1":"product","2":"type-product","3":"status-publish","5":"product_cat-ekonomi","6":"product_cat-is-dunyasi","7":"pa_cilt-ciltsiz","8":"pa_tur-kitap","9":"pa_yayinevi-butik-yayinlari","10":"pa_yazar-claer-barrett","12":"first","13":"instock","14":"sale","15":"shipping-taxable","16":"purchasable","17":"product-type-simple"},"_links":{"self":[{"href":"https:\/\/roveyayinevi.com.tr\/index.php\/wp-json\/wp\/v2\/product\/758825","targetHints":{"allow":["GET"]}}],"collection":[{"href":"https:\/\/roveyayinevi.com.tr\/index.php\/wp-json\/wp\/v2\/product"}],"about":[{"href":"https:\/\/roveyayinevi.com.tr\/index.php\/wp-json\/wp\/v2\/types\/product"}],"wp:attachment":[{"href":"https:\/\/roveyayinevi.com.tr\/index.php\/wp-json\/wp\/v2\/media?parent=758825"}],"wp:term":[{"taxonomy":"product_brand","embeddable":true,"href":"https:\/\/roveyayinevi.com.tr\/index.php\/wp-json\/wp\/v2\/product_brand?post=758825"},{"taxonomy":"product_cat","embeddable":true,"href":"https:\/\/roveyayinevi.com.tr\/index.php\/wp-json\/wp\/v2\/product_cat?post=758825"},{"taxonomy":"product_tag","embeddable":true,"href":"https:\/\/roveyayinevi.com.tr\/index.php\/wp-json\/wp\/v2\/product_tag?post=758825"}],"curies":[{"name":"wp","href":"https:\/\/api.w.org\/{rel}","templated":true}]}}