{"id":758824,"date":"2025-08-28T08:15:47","date_gmt":"2025-08-28T05:15:47","guid":{"rendered":"https:\/\/roveyayinevi.com.tr\/index.php\/urun\/yesil-cadi\/"},"modified":"2026-04-16T03:11:48","modified_gmt":"2026-04-16T00:11:48","slug":"yesil-cadi","status":"publish","type":"product","link":"https:\/\/roveyayinevi.com.tr\/index.php\/urun\/yesil-cadi\/","title":{"rendered":"Ye\u015fil Cad\u0131"},"content":{"rendered":"<p>Tamamen Do\u011fal Sihir! Ye\u015fil Cad\u0131 bir do\u011fa bilimci, bir bitki uzman\u0131, bir bilge kad\u0131n ve bir \u015fifac\u0131d\u0131r. Do\u011fan\u0131n gu\u0308cu\u0308nu\u0308 benimser ve enerjisini topraktan ve evrenden al\u0131r. Toprakla ileti\u015fim kurmak i\u00e7in ta\u015flar ve mu\u0308cevherler gibi do\u011fal nesnelere ba\u015fvurur. \u015eifa \u00e7al\u0131\u015fmalar\u0131 i\u00e7in bitkiler, \u00e7i\u00e7ekler, ya\u011flar ve otlar kullan\u0131r. Rehberlik i\u00e7in do\u011fay\u0131 \u00e7a\u011f\u0131r\u0131r ve ne kadar ku\u0308\u00e7u\u0308k olursa olsun ya\u015fayan her varl\u0131\u011fa sayg\u0131 duyar.   Bu kitap size Ye\u015fil Cad\u0131\u2019n\u0131n yolunda rehberlik edecek&#8230; Otlar\u0131, bitkileri ve \u00e7i\u00e7ekleri gu\u0308nlu\u0308k \u015fifa i\u00e7in iksir ve ya\u011f yap\u0131m\u0131nda nas\u0131l kullanaca\u011f\u0131n\u0131z\u0131 \u00f6\u011freneceksiniz. Ayr\u0131ca kristal, mu\u0308cevher ve ta\u015flar\u0131n ve hatta dallar\u0131n i\u00e7inizdeki dengeyi bulman\u0131za nas\u0131l yard\u0131mc\u0131 olabilece\u011fini \u00f6\u011freneceksiniz. Du\u0308nyan\u0131n harika elementlerinde nas\u0131l uyum bulaca\u011f\u0131n\u0131z\u0131 ke\u015ffedecek ve b\u00f6ylece ruhunuzu ya\u015fayan her canl\u0131ya ba\u011flayabileceksiniz. Elinizdeki bu k\u0131lavuz ayn\u0131 zamanda bitkisel kar\u0131\u015f\u0131mlar\u0131n ve iksirlerin nas\u0131l haz\u0131rland\u0131\u011f\u0131na dair talimatlar da i\u00e7eriyor. Sihirli ritu\u0308eller ve kutsal g\u0131dalar i\u00e7in tarifler hakk\u0131nda \u00f6neriler alacaks\u0131n\u0131z. Do\u011fay\u0131 nas\u0131l dinleyece\u011finizi ve b\u00f6ylece onunla nas\u0131l ileti\u015fim kuraca\u011f\u0131n\u0131z\u0131 \u00f6\u011freneceksiniz. Ye\u015fil Cad\u0131 du\u0308nyas\u0131n\u0131 kucaklay\u0131n ve do\u011fan\u0131n gu\u0308cu\u0308nu\u0308n sizin i\u00e7in neler saklad\u0131\u011f\u0131n\u0131 ke\u015ffedin <\/p>\n","protected":false},"excerpt":{"rendered":"<p>Tamamen Do\u011fal Sihir! Ye\u015fil Cad\u0131 bir do\u011fa bilimci, bir bitki uzman\u0131, bir bilge kad\u0131n ve bir \u015fifac\u0131d\u0131r. Do\u011fan\u0131n gu\u0308cu\u0308nu\u0308 benimser ve enerjisini topraktan ve evrenden al\u0131r.<span class=\"excerpt-hellip\"> [\u2026]<\/span><\/p>\n","protected":false},"featured_media":0,"template":"","meta":{"_monsterinsights_skip_tracking":false,"_monsterinsights_sitenote_active":false,"_monsterinsights_sitenote_note":"","_monsterinsights_sitenote_category":0},"product_brand":[],"product_cat":[13397,13365],"product_tag":[],"class_list":{"0":"post-758824","1":"product","2":"type-product","3":"status-publish","5":"product_cat-alternatif-tip-sifali-bitkiler","6":"product_cat-saglik","7":"pa_cilt-ciltsiz","8":"pa_tur-kitap","9":"pa_yayinevi-butik-yayinlari","10":"pa_yazar-arin-murphy-hiscock","12":"first","13":"instock","14":"sale","15":"shipping-taxable","16":"purchasable","17":"product-type-simple"},"_links":{"self":[{"href":"https:\/\/roveyayinevi.com.tr\/index.php\/wp-json\/wp\/v2\/product\/758824","targetHints":{"allow":["GET"]}}],"collection":[{"href":"https:\/\/roveyayinevi.com.tr\/index.php\/wp-json\/wp\/v2\/product"}],"about":[{"href":"https:\/\/roveyayinevi.com.tr\/index.php\/wp-json\/wp\/v2\/types\/product"}],"wp:attachment":[{"href":"https:\/\/roveyayinevi.com.tr\/index.php\/wp-json\/wp\/v2\/media?parent=758824"}],"wp:term":[{"taxonomy":"product_brand","embeddable":true,"href":"https:\/\/roveyayinevi.com.tr\/index.php\/wp-json\/wp\/v2\/product_brand?post=758824"},{"taxonomy":"product_cat","embeddable":true,"href":"https:\/\/roveyayinevi.com.tr\/index.php\/wp-json\/wp\/v2\/product_cat?post=758824"},{"taxonomy":"product_tag","embeddable":true,"href":"https:\/\/roveyayinevi.com.tr\/index.php\/wp-json\/wp\/v2\/product_tag?post=758824"}],"curies":[{"name":"wp","href":"https:\/\/api.w.org\/{rel}","templated":true}]}}