{"id":758823,"date":"2025-08-28T08:15:46","date_gmt":"2025-08-28T05:15:46","guid":{"rendered":"https:\/\/roveyayinevi.com.tr\/index.php\/urun\/ben-2\/"},"modified":"2026-04-16T03:11:48","modified_gmt":"2026-04-16T00:11:48","slug":"ben-2","status":"publish","type":"product","link":"https:\/\/roveyayinevi.com.tr\/index.php\/urun\/ben-2\/","title":{"rendered":"Ben"},"content":{"rendered":"<p>Ben kitab\u0131, kritik insan anlay\u0131\u015f\u0131nda uzun zamand\u0131r \u00f6ng\u00f6r\u00fclen b\u00fcy\u00fck bir ilerlemenin sunumunu tamaml\u0131yor. Eser, bilincin alt katmanlar\u0131n\u0131 ve \u00f6z\u00fcn\u00fc a\u00e7\u0131klamaktad\u0131r; bilin\u00e7 d\u00fcnya \u00fczerinde ya\u015fam olarak ilk ortaya \u00e7\u0131k\u0131\u015f\u0131ndan itibaren insan egosu olarak evrimle\u015fmi\u015ftir, ancak sonu\u00e7ta bu katman\u0131 da a\u015farak Ayd\u0131nlanman\u0131n Spirit\u00fcel Ger\u00e7ekli\u011fine ve Tanr\u0131sall\u0131\u011f\u0131n Varolu\u015funa tan\u0131k olacakt\u0131r. Hakikat seviyelerini 1&#8217;den 1,000&#8217;e kadar kalibre eden Bilin\u00e7 Seviyeleri \u00d6l\u00e7e\u011fi&#8217;ne g\u00f6re; G\u00fcce Kar\u015f\u0131 Kuvvet kitab\u0131 850, Ben&#8217;in G\u00f6z\u00fc 980 ve \u00fc\u00e7lemenin son cildi olan Ben ise 999.8 olarak kalibre edilmi\u015ftir. Bu kitapta ileri d\u00fczeydeki konular\u0131n dikkat \u00e7ekici bir a\u00e7\u0131kl\u0131k ve berrakl\u0131kla sunulmas\u0131, okuyucunun bunlar\u0131 kavrama ve anlama yetene\u011fini b\u00fcy\u00fck \u00f6l\u00e7\u00fcde art\u0131rmaktad\u0131r.   T\u0131pk\u0131 G\u00fcce Kar\u015f\u0131 Kuvvet veya Ben&#8217;in G\u00f6z\u00fc&#8217;n\u00fc okurken oldu\u011fu gibi, bu eserdeki i\u00e7eri\u011fe tan\u0131kl\u0131k etmek okuyucunun bilin\u00e7 d\u00fczeyini \u00f6nemli \u00f6l\u00e7\u00fcde y\u00fckseltmektedir. \u0130\u00e7erik, bilin\u00e7te \u00f6l\u00e7\u00fclebilir art\u0131\u015flara yol a\u00e7an katalitik ve g\u00fc\u00e7l\u00fc bir ba\u011flamsal \u00e7er\u00e7eve i\u00e7inde sunulmaktad\u0131r. \u00c7at\u0131\u015fman\u0131n \u00e7\u00f6z\u00fcm\u00fc, ikilemi etkili bir \u015fekilde ele alan yeniden-ba\u011flamsalla\u015ft\u0131rma yoluyla ger\u00e7ekle\u015fir. \u0130nsan\u0131n ac\u0131 \u00e7ekmesinin alt\u0131nda yatan ego konumsall\u0131klar\u0131n\u0131n tan\u0131mlanmas\u0131, \u00f6\u011frencinin zihnindeki tart\u0131\u015fmalar\u0131n ve olumsuzluklar\u0131n \u00e7\u00f6z\u00fclmesini sa\u011flar.   David R. Hawkins, M.D., Ph.D., \u0130leri Spirit\u00fcel Ara\u015ft\u0131rmalar Enstit\u00fcs\u00fc Direkt\u00f6r\u00fc olarak g\u00f6rev yapmaktad\u0131r. Bilin\u00e7 ara\u015ft\u0131rmalar\u0131 ve spirit\u00fcellik alanlar\u0131nda \u00f6nemli bir itibara sahiptir. Dr. Hawkins, klinisyen, bilim insan\u0131 ve mistik olarak edindi\u011fi kapsaml\u0131 deneyimlerinden yararlanarak benzersiz bir bak\u0131\u015f a\u00e7\u0131s\u0131 sunmaktad\u0131r. &#8220;Ayd\u0131nlanman\u0131n En \u00d6nde Gelen \u00d6\u011fretmeni&#8221; ve &#8220;Bodhisattva&#8221; gibi \u00fcnvanlar da d\u00e2hil olmak \u00fczere d\u00fcnya \u00e7ap\u0131nda tan\u0131nm\u0131\u015f ve takdir edilmi\u015ftir. Kapsaml\u0131 \u00f6zge\u00e7mi\u015fi Who&#8217;s Who in the World&#8217;de belgelenmi\u015ftir. Dr. Hawkins, Westminster Abbey&#8217;den Katolik, Protestan ve Budist manast\u0131rlar\u0131na kadar \u00e7ok say\u0131da \u00fcniversite, kurum ve spirit\u00fcel etkinlikte konferanslar vermi\u015ftir. Hayat\u0131n\u0131 insanl\u0131\u011f\u0131n spirit\u00fcel evrimini ilerletmeye adam\u0131\u015ft\u0131r. Ki\u015fisel spirit\u00fcel yolculu\u011fu daha \u00f6nceki \u00e7al\u0131\u015fmalar\u0131nda incelenmi\u015f ve bu kitab\u0131n sonundaki &#8220;Yazar Hakk\u0131nda&#8221; b\u00f6l\u00fcm\u00fcnde k\u0131saca \u00f6zetlenmi\u015ftir. <\/p>\n","protected":false},"excerpt":{"rendered":"<p>Ben kitab\u0131, kritik insan anlay\u0131\u015f\u0131nda uzun zamand\u0131r \u00f6ng\u00f6r\u00fclen b\u00fcy\u00fck bir ilerlemenin sunumunu tamaml\u0131yor. Eser, bilincin alt katmanlar\u0131n\u0131 ve \u00f6z\u00fcn\u00fc a\u00e7\u0131klamaktad\u0131r; bilin\u00e7 d\u00fcnya \u00fczerinde ya\u015fam olarak ilk<span class=\"excerpt-hellip\"> [\u2026]<\/span><\/p>\n","protected":false},"featured_media":0,"template":"","meta":{"_monsterinsights_skip_tracking":false,"_monsterinsights_sitenote_active":false,"_monsterinsights_sitenote_note":"","_monsterinsights_sitenote_category":0},"product_brand":[],"product_cat":[12358,12357],"product_tag":[],"class_list":{"0":"post-758823","1":"product","2":"type-product","3":"status-publish","5":"product_cat-genel-psikoloji","6":"product_cat-psikoloji","7":"pa_cilt-ciltsiz","8":"pa_tur-kitap","9":"pa_yayinevi-butik-yayinlari","10":"pa_yazar-david-r-hawkins","12":"first","13":"instock","14":"sale","15":"shipping-taxable","16":"purchasable","17":"product-type-simple"},"_links":{"self":[{"href":"https:\/\/roveyayinevi.com.tr\/index.php\/wp-json\/wp\/v2\/product\/758823","targetHints":{"allow":["GET"]}}],"collection":[{"href":"https:\/\/roveyayinevi.com.tr\/index.php\/wp-json\/wp\/v2\/product"}],"about":[{"href":"https:\/\/roveyayinevi.com.tr\/index.php\/wp-json\/wp\/v2\/types\/product"}],"wp:attachment":[{"href":"https:\/\/roveyayinevi.com.tr\/index.php\/wp-json\/wp\/v2\/media?parent=758823"}],"wp:term":[{"taxonomy":"product_brand","embeddable":true,"href":"https:\/\/roveyayinevi.com.tr\/index.php\/wp-json\/wp\/v2\/product_brand?post=758823"},{"taxonomy":"product_cat","embeddable":true,"href":"https:\/\/roveyayinevi.com.tr\/index.php\/wp-json\/wp\/v2\/product_cat?post=758823"},{"taxonomy":"product_tag","embeddable":true,"href":"https:\/\/roveyayinevi.com.tr\/index.php\/wp-json\/wp\/v2\/product_tag?post=758823"}],"curies":[{"name":"wp","href":"https:\/\/api.w.org\/{rel}","templated":true}]}}