{"id":758822,"date":"2025-08-28T08:15:45","date_gmt":"2025-08-28T05:15:45","guid":{"rendered":"https:\/\/roveyayinevi.com.tr\/index.php\/urun\/bilincli-vip-ebeveynlik\/"},"modified":"2026-04-16T03:11:47","modified_gmt":"2026-04-16T00:11:47","slug":"bilincli-vip-ebeveynlik","status":"publish","type":"product","link":"https:\/\/roveyayinevi.com.tr\/index.php\/urun\/bilincli-vip-ebeveynlik\/","title":{"rendered":"Bilin\u00e7li VIP Ebeveynlik"},"content":{"rendered":"<p>Sen iyi bir ebeveynsin!\u201cEbeveynlik\u201d dedi\u011fimiz bu yolculukta kendimizden \u015fu\u0308phe etmek kolayd\u0131r. Geleneksel ebeveynlik yakla\u015f\u0131mlar\u0131 i\u015feyaramad\u0131\u011f\u0131nda, hem kendimizi hem de \u00e7ocuklar\u0131m\u0131z\u0131 yu\u0308zu\u0308stu\u0308b\u0131rak\u0131yormu\u015fuz gibi hissedebiliriz. Ebeveynlik ko\u00e7u Destini Ann Davis, gu\u0308\u00e7lu\u0308 bir ebeveyn olmak i\u00e7in mu\u0308kemmel olman\u0131zagerek olmad\u0131\u011f\u0131n\u0131, yaln\u0131zca \u00e7ocu\u011funuzun yan\u0131nda olman\u0131zgerekti\u011fini bilmenizi istiyor. Bilin\u00e7li VIP Ebeveynlik\u2019te Destini Ann, hepimizin i\u00e7indeki o huzurlu ebeveyni bulman\u0131za ve\u00e7ocu\u011funuzla daha i\u015fbirlik\u00e7i, gu\u0308ven dolu ve kar\u015f\u0131l\u0131kl\u0131 sayg\u0131yadayal\u0131 bir ili\u015fki geli\u015ftirmenize yard\u0131mc\u0131 olacak.Bu kitapta ke\u015ffedecekleriniz:\u00b7 Ki\u015fisel \u00e7ocukluk deneyimlerinize ve bu deneyimlerin kendi ebeveynlik tarz\u0131n\u0131z u\u0308zerinde nas\u0131l \u00f6nemli bir etkiyesahip olabilece\u011fine dair ki\u015fisel bir ke\u015fif. Destini Ann, daha \u015fefkatli ve ilgili bir ebeveyn olabilmeniz i\u00e7ininand\u0131\u011f\u0131n\u0131z \u015feyleri yeniden de\u011ferlendirmenize yetecek kadar derine inmenize yard\u0131mc\u0131 olacak.\u00b7 \u0130li\u015fkinizde hem sizin oynad\u0131\u011f\u0131n\u0131z rol hem de \u00e7ocu\u011funuzun rolu\u0308 hakk\u0131nda du\u0308\u015fu\u0308nme \u015feklinizi de\u011fi\u015ftirmenizisa\u011flayacak pratik bir y\u00f6nlendirme.\u00b7 Ebeveynli\u011fe bak\u0131\u015f\u0131n\u0131z\u0131 de\u011fi\u015ftirecek niyetli ebeveynli\u011fin d\u00f6rt temel ilkesi. Ebeveyn olarak u\u0308stlendi\u011finiz bir\u00e7okrolde hayatta kalmaktan ba\u015far\u0131l\u0131 olmaya uzanacaks\u0131n\u0131z.\u00b7 \u00c7at\u0131\u015fmalar\u0131 bar\u0131\u015f\u00e7\u0131l bir \u015fekilde \u00e7\u00f6zmek, \u00e7ocu\u011funuzun daha gu\u0308venli hissetmesine ve kendi duygular\u0131n\u0131 sakincey\u00f6netebilmesi i\u00e7in beceri geli\u015ftirmesine yard\u0131mc\u0131 olmak ad\u0131na niyetli ebeveynli\u011fin alt\u0131 arac\u0131.<\/p>\n","protected":false},"excerpt":{"rendered":"<p>Sen iyi bir ebeveynsin!\u201cEbeveynlik\u201d dedi\u011fimiz bu yolculukta kendimizden \u015fu\u0308phe etmek kolayd\u0131r. Geleneksel ebeveynlik yakla\u015f\u0131mlar\u0131 i\u015feyaramad\u0131\u011f\u0131nda, hem kendimizi hem de \u00e7ocuklar\u0131m\u0131z\u0131 yu\u0308zu\u0308stu\u0308b\u0131rak\u0131yormu\u015fuz gibi hissedebiliriz. Ebeveynlik ko\u00e7u Destini<span class=\"excerpt-hellip\"> [\u2026]<\/span><\/p>\n","protected":false},"featured_media":0,"template":"","meta":{"_monsterinsights_skip_tracking":false,"_monsterinsights_sitenote_active":false,"_monsterinsights_sitenote_note":"","_monsterinsights_sitenote_category":0},"product_brand":[],"product_cat":[12831,12324],"product_tag":[],"class_list":{"0":"post-758822","1":"product","2":"type-product","3":"status-publish","5":"product_cat-aile-ve-cocuk","6":"product_cat-sosyoloji","7":"pa_cilt-ciltsiz","8":"pa_tur-kitap","9":"pa_yayinevi-butik-yayinlari","10":"pa_yazar-destini-ann-davis","12":"first","13":"instock","14":"sale","15":"shipping-taxable","16":"purchasable","17":"product-type-simple"},"_links":{"self":[{"href":"https:\/\/roveyayinevi.com.tr\/index.php\/wp-json\/wp\/v2\/product\/758822","targetHints":{"allow":["GET"]}}],"collection":[{"href":"https:\/\/roveyayinevi.com.tr\/index.php\/wp-json\/wp\/v2\/product"}],"about":[{"href":"https:\/\/roveyayinevi.com.tr\/index.php\/wp-json\/wp\/v2\/types\/product"}],"wp:attachment":[{"href":"https:\/\/roveyayinevi.com.tr\/index.php\/wp-json\/wp\/v2\/media?parent=758822"}],"wp:term":[{"taxonomy":"product_brand","embeddable":true,"href":"https:\/\/roveyayinevi.com.tr\/index.php\/wp-json\/wp\/v2\/product_brand?post=758822"},{"taxonomy":"product_cat","embeddable":true,"href":"https:\/\/roveyayinevi.com.tr\/index.php\/wp-json\/wp\/v2\/product_cat?post=758822"},{"taxonomy":"product_tag","embeddable":true,"href":"https:\/\/roveyayinevi.com.tr\/index.php\/wp-json\/wp\/v2\/product_tag?post=758822"}],"curies":[{"name":"wp","href":"https:\/\/api.w.org\/{rel}","templated":true}]}}