{"id":758821,"date":"2025-08-28T08:15:43","date_gmt":"2025-08-28T05:15:43","guid":{"rendered":"https:\/\/roveyayinevi.com.tr\/index.php\/urun\/fantom-etkisi-ciltli\/"},"modified":"2025-08-31T20:13:15","modified_gmt":"2025-08-31T17:13:15","slug":"fantom-etkisi-ciltli","status":"publish","type":"product","link":"https:\/\/roveyayinevi.com.tr\/index.php\/urun\/fantom-etkisi-ciltli\/","title":{"rendered":"Fantom Etkisi (Ciltli)"},"content":{"rendered":"<p>Piyanonun, ruhu dansa iteleyen notalar\u0131 bir ipe s\u0131ralanm\u0131\u015f gibi havaya kar\u0131\u015ft\u0131. Sihirli bir parmak tu\u015flara can \u00fcfl\u00fcyor, ka\u00e7k\u0131n notalar\u0131 dize getiriyordu. M\u00fcphem \u00e7evremde bir tur att\u0131. Ad\u0131mlar\u0131 ac\u0131 verecek kadar aheste, asaletinden k\u00f6r edecek ahenkte zarifti. Bu, ayn\u0131 zamanda bir oda dolusu oksijenin ci\u011ferlerime yetemedi\u011fi ilk and\u0131. Alessia, yirmili ya\u015flarda g\u00f6r\u00fcnse de asl\u0131nda binlerce y\u0131l \u00f6nce do\u011fmu\u015f Ya\u015fam Kan\u0131\u2019d\u0131r. G\u00fcn\u00fcn birinde onu Do\u011fa Ana yapan b\u00fcy\u00fcs\u00fcn\u00fc ke\u015ffeder ve evinin zemininde a\u00e7\u0131lan bir delikten a\u015fa\u011f\u0131 kirli, sefil ve kurtar\u0131lmaya muhta\u00e7 olan Araf\u2019a d\u00fc\u015fer. Bu topraklara ait oldu\u011funu ve as\u0131rlard\u0131r b\u00fcy\u00fcl\u00fc evrenlerde tutsak edildi\u011fini \u00f6\u011frenmeden \u00f6nce kaderi, imk\u00e2ns\u0131z a\u015fk\u0131 M\u00fcphem\u2019le birle\u015fir. M\u00fcphem, Ambrose\u2019un g\u00fcnl\u00fc\u011f\u00fcn\u00fc bulup Araf\u2019\u0131 kurtarmaya yemin etmi\u015f \u00f6l\u00fcmc\u00fcl dokunu\u015flu Azrail\u2019dir ve bu y\u00fczden eldivenlerini asla \u00e7\u0131karmamaktad\u0131r. Alessia\u2019n\u0131n teniyse eldivenleri yokken dokunabildi\u011fi tek tendir. Araf, ruh yiyen bir imparatorun elindedir. \u00dcstelik as\u0131rlard\u0131r hi\u00e7bir ruh cennet veya cehenneme gidememi\u015ftir \u00e7\u00fcnk\u00fc imparator ruhlarla besleniyordur. Her biri Ya\u015fam Kan\u0131\u2019n\u0131n, yani Alessia\u2019n\u0131n bir g\u00fcn bu topraklara hayat getirmesini bekliyordur. Araf\u2019\u0131n kaderi, Ambrose\u2019un kay\u0131p g\u00fcnl\u00fc\u011f\u00fcne ba\u011fl\u0131d\u0131r. Kurtulu\u015fu arzulayan herkes bu g\u00fcnl\u00fck i\u00e7in seferber olurken, i\u00e7inde yazanlar\u0131 okuyabilecek tek ki\u015fi Alessia\u2019d\u0131r. Alessia \u00f6l\u00fc diyar\u0131n \u00f6l\u00fc topraklar\u0131n\u0131 M\u00fcphem\u2019le birlikte k\u00f6t\u00fc kaderinden kurtaracak m\u0131d\u0131r yoksa bu mahk\u00fbmiyeti sessizce izlemek zorunda m\u0131 kalacakt\u0131r?<\/p>\n","protected":false},"excerpt":{"rendered":"<p>Piyanonun, ruhu dansa iteleyen notalar\u0131 bir ipe s\u0131ralanm\u0131\u015f gibi havaya kar\u0131\u015ft\u0131. Sihirli bir parmak tu\u015flara can \u00fcfl\u00fcyor, ka\u00e7k\u0131n notalar\u0131 dize getiriyordu. M\u00fcphem \u00e7evremde bir tur att\u0131.<span class=\"excerpt-hellip\"> [\u2026]<\/span><\/p>\n","protected":false},"featured_media":0,"template":"","meta":{"_monsterinsights_skip_tracking":false,"_monsterinsights_sitenote_active":false,"_monsterinsights_sitenote_note":"","_monsterinsights_sitenote_category":0},"product_brand":[],"product_cat":[12291,12711],"product_tag":[],"class_list":{"0":"post-758821","1":"product","2":"type-product","3":"status-publish","5":"product_cat-edebiyat","6":"product_cat-roman-oyku","7":"pa_cilt-ciltli","8":"pa_tur-kitap","9":"pa_yayinevi-artemis-yayinlari","10":"pa_yazar-selin-solaris","12":"first","13":"instock","14":"sale","15":"shipping-taxable","16":"purchasable","17":"product-type-simple"},"_links":{"self":[{"href":"https:\/\/roveyayinevi.com.tr\/index.php\/wp-json\/wp\/v2\/product\/758821","targetHints":{"allow":["GET"]}}],"collection":[{"href":"https:\/\/roveyayinevi.com.tr\/index.php\/wp-json\/wp\/v2\/product"}],"about":[{"href":"https:\/\/roveyayinevi.com.tr\/index.php\/wp-json\/wp\/v2\/types\/product"}],"wp:attachment":[{"href":"https:\/\/roveyayinevi.com.tr\/index.php\/wp-json\/wp\/v2\/media?parent=758821"}],"wp:term":[{"taxonomy":"product_brand","embeddable":true,"href":"https:\/\/roveyayinevi.com.tr\/index.php\/wp-json\/wp\/v2\/product_brand?post=758821"},{"taxonomy":"product_cat","embeddable":true,"href":"https:\/\/roveyayinevi.com.tr\/index.php\/wp-json\/wp\/v2\/product_cat?post=758821"},{"taxonomy":"product_tag","embeddable":true,"href":"https:\/\/roveyayinevi.com.tr\/index.php\/wp-json\/wp\/v2\/product_tag?post=758821"}],"curies":[{"name":"wp","href":"https:\/\/api.w.org\/{rel}","templated":true}]}}