{"id":758819,"date":"2025-08-28T08:15:40","date_gmt":"2025-08-28T05:15:40","guid":{"rendered":"https:\/\/roveyayinevi.com.tr\/index.php\/urun\/enis-batura-mektuplar-ve-ankara-yazilari\/"},"modified":"2026-04-16T03:11:47","modified_gmt":"2026-04-16T00:11:47","slug":"enis-batura-mektuplar-ve-ankara-yazilari","status":"publish","type":"product","link":"https:\/\/roveyayinevi.com.tr\/index.php\/urun\/enis-batura-mektuplar-ve-ankara-yazilari\/","title":{"rendered":"Enis Batur\u2019a Mektuplar ve Ankara Yaz\u0131lar\u0131"},"content":{"rendered":"<p>Enis Batur ile Bilge Karasu 1971 y\u0131l\u0131nda tan\u0131\u015f\u0131yorlar. Batur\u2019un 1973\u2019te Paris\u2019e gidi\u015fine kadar geli\u015fen dostluklar\u0131n\u0131n ard\u0131ndan, ayn\u0131 \u015fehirde olmad\u0131klar\u0131 y\u0131llarda s\u00fcrekli yaz\u0131\u015f\u0131yorlar. Bu kitapta Bilge Karasu\u2019nun Enis Batur\u2019a 1973-76 ve 1985-94 y\u0131llar\u0131 aras\u0131nda yazd\u0131\u011f\u0131 mektuplar\u0131, Mesut Varl\u0131k\u2019\u0131n Karasu\u2019yla dostlu\u011fa d\u00f6n\u00fc\u015fm\u00fc\u015f usta-\u00e7\u0131rak ili\u015fkileri hakk\u0131nda Batur ile yapt\u0131\u011f\u0131 bir s\u00f6yle\u015fiyi, Batur\u2019un \u201cBilge Karasu\u2019nun Ankara&#8217;s\u0131\u201d adl\u0131 yaz\u0131s\u0131n\u0131 ve Karasu\u2019nun radyo i\u00e7in yazd\u0131\u011f\u0131 Ankara metninin dergi yaz\u0131s\u0131 halini okuyacaks\u0131n\u0131z. \u201cAnkara\u2019da yazd\u0131\u011f\u0131m zaman nas\u0131l \u0130stanbul\u2019u d\u00fc\u015f\u00fcnerek yaz\u0131yorsam, d\u0131\u015far\u0131da yazd\u0131\u011f\u0131m zaman da yine \u0130stanbul\u2019u d\u00fc\u015f\u00fcnerek yaz\u0131yordum,\u201d diyen Karasu&#8217;nun Ankara\u2019da, Ankara\u2019n\u0131n da Karasu\u2019da nice iz b\u0131rakt\u0131\u011f\u0131na dair bir\u00e7ok ipucu bulacaks\u0131n\u0131z bu metinlerde.  <\/p>\n","protected":false},"excerpt":{"rendered":"<p>Enis Batur ile Bilge Karasu 1971 y\u0131l\u0131nda tan\u0131\u015f\u0131yorlar. Batur\u2019un 1973\u2019te Paris\u2019e gidi\u015fine kadar geli\u015fen dostluklar\u0131n\u0131n ard\u0131ndan, ayn\u0131 \u015fehirde olmad\u0131klar\u0131 y\u0131llarda s\u00fcrekli yaz\u0131\u015f\u0131yorlar. Bu kitapta Bilge Karasu\u2019nun<span class=\"excerpt-hellip\"> [\u2026]<\/span><\/p>\n","protected":false},"featured_media":0,"template":"","meta":{"_monsterinsights_skip_tracking":false,"_monsterinsights_sitenote_active":false,"_monsterinsights_sitenote_note":"","_monsterinsights_sitenote_category":0},"product_brand":[],"product_cat":[13701,12291],"product_tag":[],"class_list":{"0":"post-758819","1":"product","2":"type-product","3":"status-publish","5":"product_cat-ani-mektup-gunluk","6":"product_cat-edebiyat","7":"pa_cilt-ciltsiz","8":"pa_tur-kitap","9":"pa_yayinevi-metis-yayinlari","10":"pa_yazar-bilge-karasu","12":"first","13":"instock","14":"sale","15":"shipping-taxable","16":"purchasable","17":"product-type-simple"},"_links":{"self":[{"href":"https:\/\/roveyayinevi.com.tr\/index.php\/wp-json\/wp\/v2\/product\/758819","targetHints":{"allow":["GET"]}}],"collection":[{"href":"https:\/\/roveyayinevi.com.tr\/index.php\/wp-json\/wp\/v2\/product"}],"about":[{"href":"https:\/\/roveyayinevi.com.tr\/index.php\/wp-json\/wp\/v2\/types\/product"}],"wp:attachment":[{"href":"https:\/\/roveyayinevi.com.tr\/index.php\/wp-json\/wp\/v2\/media?parent=758819"}],"wp:term":[{"taxonomy":"product_brand","embeddable":true,"href":"https:\/\/roveyayinevi.com.tr\/index.php\/wp-json\/wp\/v2\/product_brand?post=758819"},{"taxonomy":"product_cat","embeddable":true,"href":"https:\/\/roveyayinevi.com.tr\/index.php\/wp-json\/wp\/v2\/product_cat?post=758819"},{"taxonomy":"product_tag","embeddable":true,"href":"https:\/\/roveyayinevi.com.tr\/index.php\/wp-json\/wp\/v2\/product_tag?post=758819"}],"curies":[{"name":"wp","href":"https:\/\/api.w.org\/{rel}","templated":true}]}}