{"id":758818,"date":"2025-08-28T08:15:38","date_gmt":"2025-08-28T05:15:38","guid":{"rendered":"https:\/\/roveyayinevi.com.tr\/index.php\/urun\/elektronik-sigarayi-birakmanin-kolay-yolu\/"},"modified":"2026-04-16T03:11:47","modified_gmt":"2026-04-16T00:11:47","slug":"elektronik-sigarayi-birakmanin-kolay-yolu","status":"publish","type":"product","link":"https:\/\/roveyayinevi.com.tr\/index.php\/urun\/elektronik-sigarayi-birakmanin-kolay-yolu\/","title":{"rendered":"Elektronik Sigaray\u0131 B\u0131rakman\u0131n Kolay Yolu"},"content":{"rendered":"<p>Sigaray\u0131 b\u0131rakay\u0131m derken kendinizi elektronik sigaraya veya ba\u015fka bir nikotin u\u0308ru\u0308nu\u0308ne ba\u011f\u0131ml\u0131 m\u0131 buldunuz? Bar ve restoranlar\u0131n d\u0131\u015f\u0131nda elektronik sigara i\u00e7mek i\u00e7in so\u011fukta beklemek zorunda m\u0131 kal\u0131yorsunuz? Arkada\u015flar\u0131n\u0131z\u0131, ailenizi ve hatta yabanc\u0131lar\u0131 elektronik sigaran\u0131z\u0131n duman\u0131yla rahats\u0131z m\u0131 ediyorsunuz? Allen Carr\u2019\u0131n Easyway y\u00f6ntemi, irade gu\u0308cu\u0308 gerektirmeden sizi elektronik sigara veya herhangi bir nikotin u\u0308ru\u0308nu\u0308nu\u0308n pen\u00e7esinden kurtarabilir. \u00dcstelik hi\u00e7bir tats\u0131z yoksunluk ya da a\u015ferme ya\u015faman\u0131za gerek kalmadan!   JUUL, IQOS, tek kullan\u0131ml\u0131k u\u0308ru\u0308nler, kartu\u015flar veya di\u011fer nikotin u\u0308ru\u0308nlerinden nas\u0131l kurtulaca\u011f\u0131n\u0131z\u0131 g\u00f6steren bu ola\u011fanu\u0308stu\u0308 ba\u015far\u0131l\u0131 y\u00f6ntemde:   \u2022 Sizi i\u00e7meye iten psikolojik ihtiyac\u0131n\u0131z\u0131 bu kitapla bitirmeyi \u00f6\u011frenene kadar, kitab\u0131 okurken elektronik sigaray\u0131 i\u00e7meye devam edebileceksiniz. Ancak psikolojik ihtiyac\u0131n\u0131z tamamen ortadan kalkacak \u2022 Anksiyete, depresyon veya di\u011fer naho\u015f yoksunluk belirtileri ya\u015famadan b\u0131rakacaks\u0131n\u0131z \u2022 Nikotin bag\u0131ml\u0131l\u0131\u011f\u0131ndan kilo almadan kurtulacaks\u0131n\u0131z \u2022 Son nikotin dozunuzu bitirdi\u011finiz andan itibaren kendinizi \u00f6zgu\u0308r ve cesur hissedeceksiniz.<\/p>\n","protected":false},"excerpt":{"rendered":"<p>Sigaray\u0131 b\u0131rakay\u0131m derken kendinizi elektronik sigaraya veya ba\u015fka bir nikotin u\u0308ru\u0308nu\u0308ne ba\u011f\u0131ml\u0131 m\u0131 buldunuz? Bar ve restoranlar\u0131n d\u0131\u015f\u0131nda elektronik sigara i\u00e7mek i\u00e7in so\u011fukta beklemek zorunda m\u0131<span class=\"excerpt-hellip\"> [\u2026]<\/span><\/p>\n","protected":false},"featured_media":0,"template":"","meta":{"_monsterinsights_skip_tracking":false,"_monsterinsights_sitenote_active":false,"_monsterinsights_sitenote_note":"","_monsterinsights_sitenote_category":0},"product_brand":[],"product_cat":[20313,13365],"product_tag":[],"class_list":{"0":"post-758818","1":"product","2":"type-product","3":"status-publish","5":"product_cat-basvuru-kitaplari-saglik","6":"product_cat-saglik","7":"pa_cilt-ciltsiz","8":"pa_tur-kitap","9":"pa_yayinevi-butik-yayinlari","10":"pa_yazar-allen-carr-john-dicey","12":"first","13":"instock","14":"sale","15":"shipping-taxable","16":"purchasable","17":"product-type-simple"},"_links":{"self":[{"href":"https:\/\/roveyayinevi.com.tr\/index.php\/wp-json\/wp\/v2\/product\/758818","targetHints":{"allow":["GET"]}}],"collection":[{"href":"https:\/\/roveyayinevi.com.tr\/index.php\/wp-json\/wp\/v2\/product"}],"about":[{"href":"https:\/\/roveyayinevi.com.tr\/index.php\/wp-json\/wp\/v2\/types\/product"}],"wp:attachment":[{"href":"https:\/\/roveyayinevi.com.tr\/index.php\/wp-json\/wp\/v2\/media?parent=758818"}],"wp:term":[{"taxonomy":"product_brand","embeddable":true,"href":"https:\/\/roveyayinevi.com.tr\/index.php\/wp-json\/wp\/v2\/product_brand?post=758818"},{"taxonomy":"product_cat","embeddable":true,"href":"https:\/\/roveyayinevi.com.tr\/index.php\/wp-json\/wp\/v2\/product_cat?post=758818"},{"taxonomy":"product_tag","embeddable":true,"href":"https:\/\/roveyayinevi.com.tr\/index.php\/wp-json\/wp\/v2\/product_tag?post=758818"}],"curies":[{"name":"wp","href":"https:\/\/api.w.org\/{rel}","templated":true}]}}