{"id":758817,"date":"2025-08-28T08:15:37","date_gmt":"2025-08-28T05:15:37","guid":{"rendered":"https:\/\/roveyayinevi.com.tr\/index.php\/urun\/dunya-denen-defter\/"},"modified":"2026-04-16T03:11:47","modified_gmt":"2026-04-16T00:11:47","slug":"dunya-denen-defter","status":"publish","type":"product","link":"https:\/\/roveyayinevi.com.tr\/index.php\/urun\/dunya-denen-defter\/","title":{"rendered":"D\u00fcnya Denen Defter"},"content":{"rendered":"<p>\ufffc80\u2019ler \u015fiirinin \u00f6nemli imzalar\u0131ndan biri olan Turgay Kantu\u0308rk, 1991\u2019de yay\u0131mlanan ilk kitab\u0131yla Beh\u00e7et Necatigil \u015eiir \u00d6du\u0308lu\u0308\u2019ne de\u011fer g\u00f6ru\u0308lmu\u0308\u015ftu\u0308. Sonras\u0131nda Siyah E\u015fya (1994), \u00d6teki Sahne (1996), Ay \u0130\u00e7in Ku\u0308\u00e7u\u0308k \u015eeyler (1996), G\u00f6l Felaketleri (1997), Tuzak Kitap (2000), Ve \u015eah (2017), \u00d6vgu\u0308ler Kitab\u0131 (2019) adl\u0131 \u015fiir kitaplar\u0131, \u015fiir u\u0308zerine yaz\u0131lar\u0131n\u0131 toplad\u0131\u011f\u0131 Yanl\u0131\u015f At (2005) ve \u2019k\u0131sa, \u00e7ok k\u0131sa\u2019 \u00f6yku\u0308lerini bar\u0131nd\u0131ran Hayat Siyah \u00d6lu\u0308m Beyaz (2005) okura ula\u015ft\u0131. 2011\u2019de Bu\u0308tu\u0308n Sihirler; Peri \u00c7\u0131kmaz\u0131 ad\u0131 alt\u0131nda toplu \u015fiirlerini ilk kez bir arada yay\u0131mlam\u0131\u015ft\u0131. \u0130\u00e7inde bulundu\u011fumuz y\u0131lda toplu \u015fiirlerinin geni\u015fletilmi\u015f yeni bask\u0131s\u0131 olan Ku\u0308lden S\u00f6zler\u2019le \u015fiirde k\u0131rk be\u015finci y\u0131l\u0131na do\u011fru ilerlerken, daha \u00f6nce \u0130lk Gibi Son ve \u00d6teki Sahne\u2019nin yeni bask\u0131lar\u0131yla kat\u0131ld\u0131\u011f\u0131 Yitik \u00dclke Yay\u0131nlar\u0131\u2019yla yolculu\u011funa devam ederek, iki yepyeni \u015fiir kitab\u0131yla, \u201cParla &amp; Yan\u201d ve \u201cDu\u0308nya Denen Defter: 100 Ku\u0308\u00e7u\u0308k \u015eiir\u201dle 2024\u2019e g\u00f6rkemli bir ba\u015flang\u0131\u00e7 yap\u0131yor.   Kimi es ge\u00e7timiz an\u2019lar\u0131n, k\u0131sa da olsa \u015fiirsel bir ezginin pe\u015finden ko\u015fan, nicedir unutulan incelikli ve derinlikli s\u00f6z s\u00f6ylemenin unutuldu\u011fu yerden kalbimize f\u0131s\u0131ldanan \u2018ku\u0308\u00e7u\u0308k\u2019 ve \u2018al\u00e7akg\u00f6nu\u0308llu\u0308\u2019 s\u00f6zcu\u0308kler toplam\u0131 da diyebiliriz Du\u0308nya Denen Defter\u2019de yer alan \u015fiirlere.   Anadilim; g\u00f6zya\u015f\u0131 anadilim; kurtlar kuzular anadilim; kuru ekmek anadilim; seken mermi anadilim; ya\u011fl\u0131 urgan anadilim; yok gibi&#8230; <\/p>\n","protected":false},"excerpt":{"rendered":"<p>\ufffc80\u2019ler \u015fiirinin \u00f6nemli imzalar\u0131ndan biri olan Turgay Kantu\u0308rk, 1991\u2019de yay\u0131mlanan ilk kitab\u0131yla Beh\u00e7et Necatigil \u015eiir \u00d6du\u0308lu\u0308\u2019ne de\u011fer g\u00f6ru\u0308lmu\u0308\u015ftu\u0308. Sonras\u0131nda Siyah E\u015fya (1994), \u00d6teki Sahne (1996), Ay<span class=\"excerpt-hellip\"> [\u2026]<\/span><\/p>\n","protected":false},"featured_media":0,"template":"","meta":{"_monsterinsights_skip_tracking":false,"_monsterinsights_sitenote_active":false,"_monsterinsights_sitenote_note":"","_monsterinsights_sitenote_category":0},"product_brand":[],"product_cat":[12291,12509],"product_tag":[],"class_list":{"0":"post-758817","1":"product","2":"type-product","3":"status-publish","5":"product_cat-edebiyat","6":"product_cat-siir","7":"pa_cilt-ciltsiz","8":"pa_tur-kitap","9":"pa_yayinevi-yitik-ulke-yayinlari","10":"pa_yazar-turgay-kanturk","12":"first","13":"instock","14":"sale","15":"shipping-taxable","16":"purchasable","17":"product-type-simple"},"_links":{"self":[{"href":"https:\/\/roveyayinevi.com.tr\/index.php\/wp-json\/wp\/v2\/product\/758817","targetHints":{"allow":["GET"]}}],"collection":[{"href":"https:\/\/roveyayinevi.com.tr\/index.php\/wp-json\/wp\/v2\/product"}],"about":[{"href":"https:\/\/roveyayinevi.com.tr\/index.php\/wp-json\/wp\/v2\/types\/product"}],"wp:attachment":[{"href":"https:\/\/roveyayinevi.com.tr\/index.php\/wp-json\/wp\/v2\/media?parent=758817"}],"wp:term":[{"taxonomy":"product_brand","embeddable":true,"href":"https:\/\/roveyayinevi.com.tr\/index.php\/wp-json\/wp\/v2\/product_brand?post=758817"},{"taxonomy":"product_cat","embeddable":true,"href":"https:\/\/roveyayinevi.com.tr\/index.php\/wp-json\/wp\/v2\/product_cat?post=758817"},{"taxonomy":"product_tag","embeddable":true,"href":"https:\/\/roveyayinevi.com.tr\/index.php\/wp-json\/wp\/v2\/product_tag?post=758817"}],"curies":[{"name":"wp","href":"https:\/\/api.w.org\/{rel}","templated":true}]}}