{"id":758815,"date":"2025-08-28T08:15:34","date_gmt":"2025-08-28T05:15:34","guid":{"rendered":"https:\/\/roveyayinevi.com.tr\/index.php\/urun\/spirituel-yol\/"},"modified":"2026-04-16T03:11:47","modified_gmt":"2026-04-16T00:11:47","slug":"spirituel-yol","status":"publish","type":"product","link":"https:\/\/roveyayinevi.com.tr\/index.php\/urun\/spirituel-yol\/","title":{"rendered":"Spirit\u00fcel Yol"},"content":{"rendered":"<p>\u201cHakikat seni ku\u015fat\u0131r. Havada hakikat vard\u0131r, \u00e7i\u00e7eklerin kokusunda hakikat vard\u0131r. Nehrin ak\u0131\u015f\u0131ndad\u0131r hakikat. Ye\u015fil yapraklarda, y\u0131ld\u0131zlarda ve tozdad\u0131r\u2026 Senin i\u00e7indedir hakikat.\u201d   \u201c\u0130nsanl\u0131\u011f\u0131n kar\u015f\u0131s\u0131ndaki en \u00f6nemli sorulardan biri bilginin do\u011fas\u0131na dair olmu\u015ftur. Do\u011fmu\u015f do\u011facak her insan\u0131 kar\u015f\u0131layan soru da budur: Ger\u00e7ek anlamda bilmek nedir? \u0130nsan sadece bilmek yoluyla \u00f6zgu\u0308rlu\u0308\u011fe ula\u015fabilir, sadece bu yolla ki\u015fi kendini bilebilir. Sadece bilerek hakikat or taya \u00e7\u0131kar.\u201d OSHO<\/p>\n","protected":false},"excerpt":{"rendered":"<p>\u201cHakikat seni ku\u015fat\u0131r. Havada hakikat vard\u0131r, \u00e7i\u00e7eklerin kokusunda hakikat vard\u0131r. Nehrin ak\u0131\u015f\u0131ndad\u0131r hakikat. Ye\u015fil yapraklarda, y\u0131ld\u0131zlarda ve tozdad\u0131r\u2026 Senin i\u00e7indedir hakikat.\u201d \u201c\u0130nsanl\u0131\u011f\u0131n kar\u015f\u0131s\u0131ndaki en \u00f6nemli sorulardan<span class=\"excerpt-hellip\"> [\u2026]<\/span><\/p>\n","protected":false},"featured_media":0,"template":"","meta":{"_monsterinsights_skip_tracking":false,"_monsterinsights_sitenote_active":false,"_monsterinsights_sitenote_note":"","_monsterinsights_sitenote_category":0},"product_brand":[],"product_cat":[12364,12376],"product_tag":[],"class_list":{"0":"post-758815","1":"product","2":"type-product","3":"status-publish","5":"product_cat-genel-konular","6":"product_cat-kisisel-gelisim","7":"pa_cilt-ciltsiz","8":"pa_tur-kitap","9":"pa_yayinevi-butik-yayinlari","10":"pa_yazar-osho","12":"first","13":"instock","14":"sale","15":"shipping-taxable","16":"purchasable","17":"product-type-simple"},"_links":{"self":[{"href":"https:\/\/roveyayinevi.com.tr\/index.php\/wp-json\/wp\/v2\/product\/758815","targetHints":{"allow":["GET"]}}],"collection":[{"href":"https:\/\/roveyayinevi.com.tr\/index.php\/wp-json\/wp\/v2\/product"}],"about":[{"href":"https:\/\/roveyayinevi.com.tr\/index.php\/wp-json\/wp\/v2\/types\/product"}],"wp:attachment":[{"href":"https:\/\/roveyayinevi.com.tr\/index.php\/wp-json\/wp\/v2\/media?parent=758815"}],"wp:term":[{"taxonomy":"product_brand","embeddable":true,"href":"https:\/\/roveyayinevi.com.tr\/index.php\/wp-json\/wp\/v2\/product_brand?post=758815"},{"taxonomy":"product_cat","embeddable":true,"href":"https:\/\/roveyayinevi.com.tr\/index.php\/wp-json\/wp\/v2\/product_cat?post=758815"},{"taxonomy":"product_tag","embeddable":true,"href":"https:\/\/roveyayinevi.com.tr\/index.php\/wp-json\/wp\/v2\/product_tag?post=758815"}],"curies":[{"name":"wp","href":"https:\/\/api.w.org\/{rel}","templated":true}]}}