{"id":758814,"date":"2025-08-28T08:15:32","date_gmt":"2025-08-28T05:15:32","guid":{"rendered":"https:\/\/roveyayinevi.com.tr\/index.php\/urun\/kurulus-gok-kubbenin-altinda\/"},"modified":"2026-04-16T03:11:47","modified_gmt":"2026-04-16T00:11:47","slug":"kurulus-gok-kubbenin-altinda","status":"publish","type":"product","link":"https:\/\/roveyayinevi.com.tr\/index.php\/urun\/kurulus-gok-kubbenin-altinda\/","title":{"rendered":"Kurulu\u015f G\u00f6k Kubbenin Alt\u0131nda"},"content":{"rendered":"<p>Kaderin \u00e7etin y\u00fcz\u00fcn\u00fc g\u00f6sterdi\u011fi ancak yazg\u0131s\u0131na boyun e\u011fmeyen kahramanlar&#8230; \u00c7\u00f6ken bir imparatorlu\u011fun ard\u0131ndan kurulan gen\u00e7 cumhuriyet ve onun kurulu\u015f y\u0131llar\u0131nda ya\u015fanan sorunlar ve yoksulluklar&#8230;  \u0130stanbul\u2019da bir Rum k\u0131z\u0131na duyulan masumane bir a\u015fk\u0131n 6-7 Eyl\u00fcl Olaylar\u0131\u2019na kurban olu\u015fu&#8230; 60 \u0130htilali\u2019nin Anadolu insan\u0131ndaki yans\u0131malar\u0131 ve seven bir kad\u0131n\u0131n, bir erke\u011fi yeniden in\u015fa edi\u015fi&#8230; Nihayet 12 Eyl\u00fcl \u00f6ncesi T\u00fcrkiye\u2019sinde yazg\u0131s\u0131na direnen bir \u00fclke ve iki gencin birbirine olan derin ve ger\u00e7ek a\u015fk\u0131&#8230; Kurulu\u015f-G\u00f6k Kubbenin Alt\u0131nda, 1925-1980 y\u0131llar\u0131 aras\u0131nda kesi\u015fen hayatlar\u0131n roman\u0131d\u0131r. <\/p>\n","protected":false},"excerpt":{"rendered":"<p>Kaderin \u00e7etin y\u00fcz\u00fcn\u00fc g\u00f6sterdi\u011fi ancak yazg\u0131s\u0131na boyun e\u011fmeyen kahramanlar&#8230; \u00c7\u00f6ken bir imparatorlu\u011fun ard\u0131ndan kurulan gen\u00e7 cumhuriyet ve onun kurulu\u015f y\u0131llar\u0131nda ya\u015fanan sorunlar ve yoksulluklar&#8230; \u0130stanbul\u2019da bir<span class=\"excerpt-hellip\"> [\u2026]<\/span><\/p>\n","protected":false},"featured_media":0,"template":"","meta":{"_monsterinsights_skip_tracking":false,"_monsterinsights_sitenote_active":false,"_monsterinsights_sitenote_note":"","_monsterinsights_sitenote_category":0},"product_brand":[],"product_cat":[12291,12711],"product_tag":[],"class_list":{"0":"post-758814","1":"product","2":"type-product","3":"status-publish","5":"product_cat-edebiyat","6":"product_cat-roman-oyku","7":"pa_cilt-ciltsiz","8":"pa_tur-kitap","9":"pa_yayinevi-cinaralti-yayinlari","10":"pa_yazar-cavit-kirci","12":"first","13":"instock","14":"sale","15":"shipping-taxable","16":"purchasable","17":"product-type-simple"},"_links":{"self":[{"href":"https:\/\/roveyayinevi.com.tr\/index.php\/wp-json\/wp\/v2\/product\/758814","targetHints":{"allow":["GET"]}}],"collection":[{"href":"https:\/\/roveyayinevi.com.tr\/index.php\/wp-json\/wp\/v2\/product"}],"about":[{"href":"https:\/\/roveyayinevi.com.tr\/index.php\/wp-json\/wp\/v2\/types\/product"}],"wp:attachment":[{"href":"https:\/\/roveyayinevi.com.tr\/index.php\/wp-json\/wp\/v2\/media?parent=758814"}],"wp:term":[{"taxonomy":"product_brand","embeddable":true,"href":"https:\/\/roveyayinevi.com.tr\/index.php\/wp-json\/wp\/v2\/product_brand?post=758814"},{"taxonomy":"product_cat","embeddable":true,"href":"https:\/\/roveyayinevi.com.tr\/index.php\/wp-json\/wp\/v2\/product_cat?post=758814"},{"taxonomy":"product_tag","embeddable":true,"href":"https:\/\/roveyayinevi.com.tr\/index.php\/wp-json\/wp\/v2\/product_tag?post=758814"}],"curies":[{"name":"wp","href":"https:\/\/api.w.org\/{rel}","templated":true}]}}