{"id":758813,"date":"2025-08-28T08:15:31","date_gmt":"2025-08-28T05:15:31","guid":{"rendered":"https:\/\/roveyayinevi.com.tr\/index.php\/urun\/emek-varsa-kiymet-de-olmali\/"},"modified":"2026-04-16T03:11:47","modified_gmt":"2026-04-16T00:11:47","slug":"emek-varsa-kiymet-de-olmali","status":"publish","type":"product","link":"https:\/\/roveyayinevi.com.tr\/index.php\/urun\/emek-varsa-kiymet-de-olmali\/","title":{"rendered":"Emek Varsa K\u0131ymet de Olmal\u0131!"},"content":{"rendered":"<p>Emek ve k\u0131ymet s\u00f6z konusu oldu\u011funda bu co\u011frafyan\u0131n insanlar\u0131n\u0131n iki konuda ciddi eksi\u011fi\/ihmali var: \u0130lki, bir \u015feyin\/ki\u015finin varl\u0131\u011f\u0131n\u0131n k\u0131ymetini onu kaybettikten sonra anlamak\u2026 \u0130kincisi ise sorunun \u00e7\u00f6z\u00fcm\u00fcn\u00fc, eme\u011fin hakk\u0131n\u0131n teslimini hep \u00f6telemek\u2026 Oysa insana, topluma, devlete dair kaybedi\u015flerin telafisi yok. Kaybedilenler bir daha geri gelmez, getirilemez. \u00c7\u00fcnk\u00fc hem ki\u015fi hem toplum hem de devlet olarak bu ya\u015fanm\u0131\u015fl\u0131klar ve deneyimler biricik ve \u00f6zel; dolay\u0131s\u0131yla tekrar edilemez, tekrar ya\u015fanamaz. Konuya getirdi\u011fi farkl\u0131 yakla\u015f\u0131mlar ve cesur ele\u015ftiriler ile infaz hizmetleri personelinin hak etti\u011fi de\u011feri g\u00f6rmesi gayesine matuf yap\u0131lan bu s\u00f6yle\u015fi; yazar\u0131n\u0131n k\u0131rk y\u0131ll\u0131k kamu hizmeti ve y\u00f6neticili\u011fi deneyimi ile kurumsal ili\u015fkilere, y\u00f6netim\/karar verme s\u00fcre\u00e7lerine ve kurum k\u00fclt\u00fcr\u00fcne \u00f6nemli katk\u0131lar verecektir. <\/p>\n","protected":false},"excerpt":{"rendered":"<p>Emek ve k\u0131ymet s\u00f6z konusu oldu\u011funda bu co\u011frafyan\u0131n insanlar\u0131n\u0131n iki konuda ciddi eksi\u011fi\/ihmali var: \u0130lki, bir \u015feyin\/ki\u015finin varl\u0131\u011f\u0131n\u0131n k\u0131ymetini onu kaybettikten sonra anlamak\u2026 \u0130kincisi ise sorunun<span class=\"excerpt-hellip\"> [\u2026]<\/span><\/p>\n","protected":false},"featured_media":0,"template":"","meta":{"_monsterinsights_skip_tracking":false,"_monsterinsights_sitenote_active":false,"_monsterinsights_sitenote_note":"","_monsterinsights_sitenote_category":0},"product_brand":[],"product_cat":[13043,19008],"product_tag":[],"class_list":{"0":"post-758813","1":"product","2":"type-product","3":"status-publish","5":"product_cat-ekonomi","6":"product_cat-yonetim","7":"pa_cilt-ciltsiz","8":"pa_tur-kitap","9":"pa_yayinevi-cinaralti-yayinlari","10":"pa_yazar-bekir-alanoglu-idris-koc","12":"first","13":"instock","14":"sale","15":"shipping-taxable","16":"purchasable","17":"product-type-simple"},"_links":{"self":[{"href":"https:\/\/roveyayinevi.com.tr\/index.php\/wp-json\/wp\/v2\/product\/758813","targetHints":{"allow":["GET"]}}],"collection":[{"href":"https:\/\/roveyayinevi.com.tr\/index.php\/wp-json\/wp\/v2\/product"}],"about":[{"href":"https:\/\/roveyayinevi.com.tr\/index.php\/wp-json\/wp\/v2\/types\/product"}],"wp:attachment":[{"href":"https:\/\/roveyayinevi.com.tr\/index.php\/wp-json\/wp\/v2\/media?parent=758813"}],"wp:term":[{"taxonomy":"product_brand","embeddable":true,"href":"https:\/\/roveyayinevi.com.tr\/index.php\/wp-json\/wp\/v2\/product_brand?post=758813"},{"taxonomy":"product_cat","embeddable":true,"href":"https:\/\/roveyayinevi.com.tr\/index.php\/wp-json\/wp\/v2\/product_cat?post=758813"},{"taxonomy":"product_tag","embeddable":true,"href":"https:\/\/roveyayinevi.com.tr\/index.php\/wp-json\/wp\/v2\/product_tag?post=758813"}],"curies":[{"name":"wp","href":"https:\/\/api.w.org\/{rel}","templated":true}]}}