{"id":758811,"date":"2025-08-28T08:15:29","date_gmt":"2025-08-28T05:15:29","guid":{"rendered":"https:\/\/roveyayinevi.com.tr\/index.php\/urun\/namazdaki-huzur\/"},"modified":"2026-04-13T03:19:28","modified_gmt":"2026-04-13T00:19:28","slug":"namazdaki-huzur","status":"publish","type":"product","link":"https:\/\/roveyayinevi.com.tr\/index.php\/urun\/namazdaki-huzur\/","title":{"rendered":"Namazdaki Huzur"},"content":{"rendered":"<p>\u0130nsan\u0131n d\u00fc\u015f\u00fcncesini davran\u0131\u015flar\u0131 belirler. Davran\u0131\u015flar\u0131n merkezi kalp oldu\u011fu i\u00e7in herkes, kalbindekini ya\u015far. Kimse; \u201cBen, Allah\u2019\u0131 \u00e7ok seviyorum ama namaz k\u0131lam\u0131yorum.\u201d diye kendini aklamaya \u00e7al\u0131\u015fmas\u0131n. B\u00f6yle bir aklama giri\u015fiminde bulunman halinde, i\u00e7indeki rahman\u00ee ses bunun do\u011fru olmad\u0131\u011f\u0131n\u0131 hayk\u0131racakt\u0131r. L\u00e2kin insan, bu sesi bast\u0131rarak h\u00e2l\u00e2 kendini kand\u0131rmaya devam edecektir. Gelin, kendimizi kand\u0131rmay\u0131 b\u0131rak\u0131p Rabbimizin emrine r\u00e2m olal\u0131m. Namazla bulu\u015fal\u0131m, namazda bulu\u015fal\u0131m. <\/p>\n","protected":false},"excerpt":{"rendered":"<p>\u0130nsan\u0131n d\u00fc\u015f\u00fcncesini davran\u0131\u015flar\u0131 belirler. Davran\u0131\u015flar\u0131n merkezi kalp oldu\u011fu i\u00e7in herkes, kalbindekini ya\u015far. Kimse; \u201cBen, Allah\u2019\u0131 \u00e7ok seviyorum ama namaz k\u0131lam\u0131yorum.\u201d diye kendini aklamaya \u00e7al\u0131\u015fmas\u0131n. B\u00f6yle bir<span class=\"excerpt-hellip\"> [\u2026]<\/span><\/p>\n","protected":false},"featured_media":0,"template":"","meta":{"_monsterinsights_skip_tracking":false,"_monsterinsights_sitenote_active":false,"_monsterinsights_sitenote_note":"","_monsterinsights_sitenote_category":0},"product_brand":[],"product_cat":[12364,12376],"product_tag":[],"class_list":{"0":"post-758811","1":"product","2":"type-product","3":"status-publish","5":"product_cat-genel-konular","6":"product_cat-kisisel-gelisim","7":"pa_cilt-ciltsiz","8":"pa_tur-kitap","9":"pa_yayinevi-cinaralti-yayinlari","10":"pa_yazar-haci-ali-senturk","12":"first","13":"instock","14":"sale","15":"shipping-taxable","16":"purchasable","17":"product-type-simple"},"_links":{"self":[{"href":"https:\/\/roveyayinevi.com.tr\/index.php\/wp-json\/wp\/v2\/product\/758811","targetHints":{"allow":["GET"]}}],"collection":[{"href":"https:\/\/roveyayinevi.com.tr\/index.php\/wp-json\/wp\/v2\/product"}],"about":[{"href":"https:\/\/roveyayinevi.com.tr\/index.php\/wp-json\/wp\/v2\/types\/product"}],"wp:attachment":[{"href":"https:\/\/roveyayinevi.com.tr\/index.php\/wp-json\/wp\/v2\/media?parent=758811"}],"wp:term":[{"taxonomy":"product_brand","embeddable":true,"href":"https:\/\/roveyayinevi.com.tr\/index.php\/wp-json\/wp\/v2\/product_brand?post=758811"},{"taxonomy":"product_cat","embeddable":true,"href":"https:\/\/roveyayinevi.com.tr\/index.php\/wp-json\/wp\/v2\/product_cat?post=758811"},{"taxonomy":"product_tag","embeddable":true,"href":"https:\/\/roveyayinevi.com.tr\/index.php\/wp-json\/wp\/v2\/product_tag?post=758811"}],"curies":[{"name":"wp","href":"https:\/\/api.w.org\/{rel}","templated":true}]}}