{"id":758810,"date":"2025-08-28T08:15:28","date_gmt":"2025-08-28T05:15:28","guid":{"rendered":"https:\/\/roveyayinevi.com.tr\/index.php\/urun\/the-secret-hayalleri-gerceklestirme-kartlari\/"},"modified":"2026-04-16T03:11:47","modified_gmt":"2026-04-16T00:11:47","slug":"the-secret-hayalleri-gerceklestirme-kartlari","status":"publish","type":"product","link":"https:\/\/roveyayinevi.com.tr\/index.php\/urun\/the-secret-hayalleri-gerceklestirme-kartlari\/","title":{"rendered":"The Secret Hayalleri Ger\u00e7ekle\u015ftirme Kartlar\u0131"},"content":{"rendered":"<p>\u201cKendiniz i\u00e7in yaratabileceklerinizin s\u0131n\u0131r\u0131 yoktur, \u00e7u\u0308nku\u0308 du\u0308\u015fu\u0308nme yetene\u011finiz s\u0131n\u0131rs\u0131zd\u0131r. -Rhonda Byrne Du\u0308nya u\u0308zerindeki her birey do\u011fu\u015ftan gelen yarat\u0131c\u0131 bir gu\u0308ce sahiptir; bu gu\u0308\u00e7, \u00f6l\u00e7e\u011fi ne olursa olsun hayallerinizi ger\u00e7e\u011fe d\u00f6nu\u0308\u015ftu\u0308rmenizi sa\u011flayan bir gu\u0308\u00e7tu\u0308r. Bu ola\u011fanu\u0308stu\u0308 yetenek, arzu etti\u011finiz her \u015feyi elde etmenizi, kazanman\u0131z\u0131 ya da olman\u0131z\u0131 sa\u011flar. Bu ola\u011fanu\u0308stu\u0308 potansiyel, S\u0131r olarak bilinmektedir. The Secret Hayalleri Ger\u00e7ekle\u015ftirme Kartlar\u0131 hayat\u0131n\u0131z\u0131 de\u011fi\u015ftirecek bu bilgiyi kendi ya\u015fam\u0131n\u0131za uygularken ilham alman\u0131z\u0131, zorlu anlarda moral bulman\u0131z\u0131 ve yolunuzdan \u015fa\u015fmaman\u0131z\u0131 sa\u011flamak i\u00e7in \u00f6zenle tasarlanm\u0131\u015ft\u0131r. Altm\u0131\u015f be\u015f kart, S\u0131r\u2019\u0131n, hayalleri ger\u00e7e\u011fe d\u00f6nu\u0308\u015ftu\u0308rmeye y\u00f6nelik en \u00f6nemli \u00f6\u011fretileriyle donat\u0131lm\u0131\u015f olup, hayatta istedi\u011finiz her \u015feyi \u2013mutluluk, sa\u011fl\u0131k, zenginlik ya da hayal edebilece\u011finiz herhangi bir \u015fey\u2013 yaratman\u0131z\u0131 sa\u011flayacak baz\u0131 basit ama gu\u0308\u00e7lu\u0308 y\u00f6ntemleri de i\u00e7ermektedir. <\/p>\n","protected":false},"excerpt":{"rendered":"<p>\u201cKendiniz i\u00e7in yaratabileceklerinizin s\u0131n\u0131r\u0131 yoktur, \u00e7u\u0308nku\u0308 du\u0308\u015fu\u0308nme yetene\u011finiz s\u0131n\u0131rs\u0131zd\u0131r. -Rhonda Byrne Du\u0308nya u\u0308zerindeki her birey do\u011fu\u015ftan gelen yarat\u0131c\u0131 bir gu\u0308ce sahiptir; bu gu\u0308\u00e7, \u00f6l\u00e7e\u011fi ne olursa<span class=\"excerpt-hellip\"> [\u2026]<\/span><\/p>\n","protected":false},"featured_media":0,"template":"","meta":{"_monsterinsights_skip_tracking":false,"_monsterinsights_sitenote_active":false,"_monsterinsights_sitenote_note":"","_monsterinsights_sitenote_category":0},"product_brand":[],"product_cat":[18082,15563],"product_tag":[],"class_list":{"0":"post-758810","1":"product","2":"type-product","3":"status-publish","5":"product_cat-astroloji-fal-ruya","6":"product_cat-hobi","7":"pa_cilt-ciltsiz","8":"pa_tur-kitap","9":"pa_yayinevi-butik-yayinlari","10":"pa_yazar-rhonda-byrne","12":"first","13":"instock","14":"sale","15":"shipping-taxable","16":"purchasable","17":"product-type-simple"},"_links":{"self":[{"href":"https:\/\/roveyayinevi.com.tr\/index.php\/wp-json\/wp\/v2\/product\/758810","targetHints":{"allow":["GET"]}}],"collection":[{"href":"https:\/\/roveyayinevi.com.tr\/index.php\/wp-json\/wp\/v2\/product"}],"about":[{"href":"https:\/\/roveyayinevi.com.tr\/index.php\/wp-json\/wp\/v2\/types\/product"}],"wp:attachment":[{"href":"https:\/\/roveyayinevi.com.tr\/index.php\/wp-json\/wp\/v2\/media?parent=758810"}],"wp:term":[{"taxonomy":"product_brand","embeddable":true,"href":"https:\/\/roveyayinevi.com.tr\/index.php\/wp-json\/wp\/v2\/product_brand?post=758810"},{"taxonomy":"product_cat","embeddable":true,"href":"https:\/\/roveyayinevi.com.tr\/index.php\/wp-json\/wp\/v2\/product_cat?post=758810"},{"taxonomy":"product_tag","embeddable":true,"href":"https:\/\/roveyayinevi.com.tr\/index.php\/wp-json\/wp\/v2\/product_tag?post=758810"}],"curies":[{"name":"wp","href":"https:\/\/api.w.org\/{rel}","templated":true}]}}