{"id":758809,"date":"2025-08-28T08:15:27","date_gmt":"2025-08-28T05:15:27","guid":{"rendered":"https:\/\/roveyayinevi.com.tr\/index.php\/urun\/insirah\/"},"modified":"2026-04-16T03:11:47","modified_gmt":"2026-04-16T00:11:47","slug":"insirah","status":"publish","type":"product","link":"https:\/\/roveyayinevi.com.tr\/index.php\/urun\/insirah\/","title":{"rendered":"\u0130n\u015firah"},"content":{"rendered":"<p>G\u00d6\u011eS\u00dcN\u00dcN DARALDI\u011eINI B\u0130L\u0130YORUZ H\u0130CR\/97   Pablo Picasso\u2019nun tablosuna hurdac\u0131lar \u00e7ar\u015f\u0131s\u0131nda ka\u00e7 para verirlerdi?  Uzaya roket g\u00f6nderme teknolojisinin yaz\u0131l\u0131mlar\u0131n\u0131, mahalledeki kasaba uzatsan acaba seni ne diyerek d\u00fckk\u00e2ndan kovard\u0131? \u0130nsan olarak senin de de\u011ferinin bilindi\u011fi ve bilinmedi\u011fi yerler var. De\u011ferinden anlayan, sana anlay\u0131\u015f g\u00f6steren insanlar var. Ancak \u015funu unutma, de\u011ferini bilen insanlar\u0131 bulup onlarla yak\u0131nl\u0131k kursan da o insanlar senin ve benim gibi aciz insanlar. Yani de\u011ferini bilseler de devaml\u0131 de\u011fer vermeye kudretleri yok. \u00d6l\u00fcm\u00fc \u00f6ld\u00fcremezler. Seni s\u0131rat k\u00f6pr\u00fcs\u00fcnden ge\u00e7iremezler. Ebedi bir hayat\u0131 vaat edemezler.   O halde k\u0131ymetini bilecek olan kimsenin, kudreti de olmal\u0131. K\u0131ymet verenlerin k\u0131yamet ile d\u00fcmd\u00fcz oldu\u011fu bir gelecekte, yok olmayan ve ebedi \u00e2lemleri yaratmaya muktedir olan bir Allah var.    Senin de\u011ferin O\u2019nun yan\u0131nda. <\/p>\n","protected":false},"excerpt":{"rendered":"<p>G\u00d6\u011eS\u00dcN\u00dcN DARALDI\u011eINI B\u0130L\u0130YORUZ H\u0130CR\/97 Pablo Picasso\u2019nun tablosuna hurdac\u0131lar \u00e7ar\u015f\u0131s\u0131nda ka\u00e7 para verirlerdi? Uzaya roket g\u00f6nderme teknolojisinin yaz\u0131l\u0131mlar\u0131n\u0131, mahalledeki kasaba uzatsan acaba seni ne diyerek d\u00fckk\u00e2ndan kovard\u0131?<span class=\"excerpt-hellip\"> [\u2026]<\/span><\/p>\n","protected":false},"featured_media":0,"template":"","meta":{"_monsterinsights_skip_tracking":false,"_monsterinsights_sitenote_active":false,"_monsterinsights_sitenote_note":"","_monsterinsights_sitenote_category":0},"product_brand":[],"product_cat":[12718,18102,12719],"product_tag":[],"class_list":{"0":"post-758809","1":"product","2":"type-product","3":"status-publish","5":"product_cat-din","6":"product_cat-edebiyat-roman","7":"product_cat-islam","8":"pa_cilt-ciltsiz","9":"pa_tur-kitap","10":"pa_yayinevi-indigo-kitap","11":"pa_yazar-fatih-yagci","13":"first","14":"instock","15":"sale","16":"shipping-taxable","17":"purchasable","18":"product-type-simple"},"_links":{"self":[{"href":"https:\/\/roveyayinevi.com.tr\/index.php\/wp-json\/wp\/v2\/product\/758809","targetHints":{"allow":["GET"]}}],"collection":[{"href":"https:\/\/roveyayinevi.com.tr\/index.php\/wp-json\/wp\/v2\/product"}],"about":[{"href":"https:\/\/roveyayinevi.com.tr\/index.php\/wp-json\/wp\/v2\/types\/product"}],"wp:attachment":[{"href":"https:\/\/roveyayinevi.com.tr\/index.php\/wp-json\/wp\/v2\/media?parent=758809"}],"wp:term":[{"taxonomy":"product_brand","embeddable":true,"href":"https:\/\/roveyayinevi.com.tr\/index.php\/wp-json\/wp\/v2\/product_brand?post=758809"},{"taxonomy":"product_cat","embeddable":true,"href":"https:\/\/roveyayinevi.com.tr\/index.php\/wp-json\/wp\/v2\/product_cat?post=758809"},{"taxonomy":"product_tag","embeddable":true,"href":"https:\/\/roveyayinevi.com.tr\/index.php\/wp-json\/wp\/v2\/product_tag?post=758809"}],"curies":[{"name":"wp","href":"https:\/\/api.w.org\/{rel}","templated":true}]}}