{"id":758808,"date":"2025-08-28T08:15:25","date_gmt":"2025-08-28T05:15:25","guid":{"rendered":"https:\/\/roveyayinevi.com.tr\/index.php\/urun\/pembe-bir-renk-degildir\/"},"modified":"2026-04-16T03:11:47","modified_gmt":"2026-04-16T00:11:47","slug":"pembe-bir-renk-degildir","status":"publish","type":"product","link":"https:\/\/roveyayinevi.com.tr\/index.php\/urun\/pembe-bir-renk-degildir\/","title":{"rendered":"Pembe Bir Renk De\u011fildir"},"content":{"rendered":"<p>Pembe, oyuncak dinazorundan filamingosu Phil&#8217;e kadar pembe pespembe d\u00fcnyas\u0131n\u0131 \u00e7ok sevmektedir. Ama ana ve ara renklerin G\u00f6kku\u015fa\u011f\u0131 Partisi&#8217;ne haz\u0131rland\u0131\u011f\u0131n\u0131 g\u00f6r\u00fcnce kendinin neden g\u00f6kku\u015fa\u011f\u0131nda yer almad\u0131\u011f\u0131n\u0131 merak eder ya da ger\u00e7ekten bir renk olup olmad\u0131\u011f\u0131n\u0131. Sonra renk tonlar\u0131yla tan\u0131\u015f\u0131r ve kafas\u0131 iyice kar\u0131\u015f\u0131r.  Neyse ki bir arkada\u015f\u0131 ona d\u00fcnyaya ne kadar ne\u015fe sa\u00e7t\u0131\u011f\u0131n\u0131 g\u00f6sterir, ger\u00e7ekten e\u015fsiz oldu\u011funu an\u0131msat\u0131r. G\u00f6kku\u015fa\u011f\u0131nda olsa da olmasa da&#8230; Bu Kitap Gri kitab\u0131n\u0131n yazar\u0131ndan yine \u00e7ocuklar\u0131 d\u00fc\u015f\u00fcnmeye ve sorgulamaya y\u00f6nlendiren, renklerle ilgili temel bilgileri i\u015fleyen sevimli bir kitap.<\/p>\n","protected":false},"excerpt":{"rendered":"<p>Pembe, oyuncak dinazorundan filamingosu Phil&#8217;e kadar pembe pespembe d\u00fcnyas\u0131n\u0131 \u00e7ok sevmektedir. Ama ana ve ara renklerin G\u00f6kku\u015fa\u011f\u0131 Partisi&#8217;ne haz\u0131rland\u0131\u011f\u0131n\u0131 g\u00f6r\u00fcnce kendinin neden g\u00f6kku\u015fa\u011f\u0131nda yer almad\u0131\u011f\u0131n\u0131 merak<span class=\"excerpt-hellip\"> [\u2026]<\/span><\/p>\n","protected":false},"featured_media":0,"template":"","meta":{"_monsterinsights_skip_tracking":false,"_monsterinsights_sitenote_active":false,"_monsterinsights_sitenote_note":"","_monsterinsights_sitenote_category":0},"product_brand":[],"product_cat":[12274,12518],"product_tag":[],"class_list":{"0":"post-758808","1":"product","2":"type-product","3":"status-publish","5":"product_cat-cocuk-ve-genclik-kitaplari","6":"product_cat-okul-oncesi-kitaplar","7":"pa_cilt-ciltli","8":"pa_tur-kitap","9":"pa_yayinevi-bilgi-yayinevi-cocuk","10":"pa_yazar-lindsay-ward","12":"first","13":"instock","14":"sale","15":"shipping-taxable","16":"purchasable","17":"product-type-simple"},"_links":{"self":[{"href":"https:\/\/roveyayinevi.com.tr\/index.php\/wp-json\/wp\/v2\/product\/758808","targetHints":{"allow":["GET"]}}],"collection":[{"href":"https:\/\/roveyayinevi.com.tr\/index.php\/wp-json\/wp\/v2\/product"}],"about":[{"href":"https:\/\/roveyayinevi.com.tr\/index.php\/wp-json\/wp\/v2\/types\/product"}],"wp:attachment":[{"href":"https:\/\/roveyayinevi.com.tr\/index.php\/wp-json\/wp\/v2\/media?parent=758808"}],"wp:term":[{"taxonomy":"product_brand","embeddable":true,"href":"https:\/\/roveyayinevi.com.tr\/index.php\/wp-json\/wp\/v2\/product_brand?post=758808"},{"taxonomy":"product_cat","embeddable":true,"href":"https:\/\/roveyayinevi.com.tr\/index.php\/wp-json\/wp\/v2\/product_cat?post=758808"},{"taxonomy":"product_tag","embeddable":true,"href":"https:\/\/roveyayinevi.com.tr\/index.php\/wp-json\/wp\/v2\/product_tag?post=758808"}],"curies":[{"name":"wp","href":"https:\/\/api.w.org\/{rel}","templated":true}]}}