{"id":758807,"date":"2025-08-28T08:15:23","date_gmt":"2025-08-28T05:15:23","guid":{"rendered":"https:\/\/roveyayinevi.com.tr\/index.php\/urun\/renklenme-gunu-ciltli\/"},"modified":"2026-04-16T03:11:47","modified_gmt":"2026-04-16T00:11:47","slug":"renklenme-gunu-ciltli","status":"publish","type":"product","link":"https:\/\/roveyayinevi.com.tr\/index.php\/urun\/renklenme-gunu-ciltli\/","title":{"rendered":"Renklenme G\u00fcn\u00fc (Ciltli)"},"content":{"rendered":"<p>S\u0131n\u0131fta \u00e7ocuklar\u0131n boyama saatiydi \u00d6\u011fretmenleri onlara \u00c7e\u015fit \u00e7e\u015fit tavuklar\u0131n oldu\u011fu k\u00e2\u011f\u0131tlar verdi Masalar\u0131n \u00fcst\u00fcndeki kalemler de Reng\u00e2renkti   Ba\u015fl\u0131yor renklenmeler. Sar\u0131, mor, pembe, mavi\u2026 Hatta g\u00f6kku\u015fa\u011f\u0131 renginde tavuklardan biri.   Can\u0131 boyama yapmak istemeyip de Son dakikalarda acele edince Selin Eyvah! Talihsiz tavuk! Ke\u00e7eli bir kalemle karalan\u0131verdi t\u00fcylerin\u2026   Dur, \u00fcz\u00fclme! \u00c7\u00f6z\u00fcm\u00fc vard\u0131r her \u015feyin Sevgili \u00c7ocuklar, G\u00f6rmek i\u00e7in bu \u00e7\u00f6z\u00fcm\u00fc sayfalar\u0131 \u00e7eviriverin!   Nuri Kurucu\u2019nun yaz\u0131p resimledi\u011fi renklerle dolu e\u011flenceli bir kitap. <\/p>\n","protected":false},"excerpt":{"rendered":"<p>S\u0131n\u0131fta \u00e7ocuklar\u0131n boyama saatiydi \u00d6\u011fretmenleri onlara \u00c7e\u015fit \u00e7e\u015fit tavuklar\u0131n oldu\u011fu k\u00e2\u011f\u0131tlar verdi Masalar\u0131n \u00fcst\u00fcndeki kalemler de Reng\u00e2renkti Ba\u015fl\u0131yor renklenmeler. Sar\u0131, mor, pembe, mavi\u2026 Hatta g\u00f6kku\u015fa\u011f\u0131 renginde<span class=\"excerpt-hellip\"> [\u2026]<\/span><\/p>\n","protected":false},"featured_media":0,"template":"","meta":{"_monsterinsights_skip_tracking":false,"_monsterinsights_sitenote_active":false,"_monsterinsights_sitenote_note":"","_monsterinsights_sitenote_category":0},"product_brand":[],"product_cat":[12274,12518],"product_tag":[],"class_list":{"0":"post-758807","1":"product","2":"type-product","3":"status-publish","5":"product_cat-cocuk-ve-genclik-kitaplari","6":"product_cat-okul-oncesi-kitaplar","7":"pa_cilt-ciltli","8":"pa_tur-kitap","9":"pa_yayinevi-bilgi-yayinevi-cocuk","10":"pa_yazar-nuri-kurucu","12":"first","13":"instock","14":"sale","15":"shipping-taxable","16":"purchasable","17":"product-type-simple"},"_links":{"self":[{"href":"https:\/\/roveyayinevi.com.tr\/index.php\/wp-json\/wp\/v2\/product\/758807","targetHints":{"allow":["GET"]}}],"collection":[{"href":"https:\/\/roveyayinevi.com.tr\/index.php\/wp-json\/wp\/v2\/product"}],"about":[{"href":"https:\/\/roveyayinevi.com.tr\/index.php\/wp-json\/wp\/v2\/types\/product"}],"wp:attachment":[{"href":"https:\/\/roveyayinevi.com.tr\/index.php\/wp-json\/wp\/v2\/media?parent=758807"}],"wp:term":[{"taxonomy":"product_brand","embeddable":true,"href":"https:\/\/roveyayinevi.com.tr\/index.php\/wp-json\/wp\/v2\/product_brand?post=758807"},{"taxonomy":"product_cat","embeddable":true,"href":"https:\/\/roveyayinevi.com.tr\/index.php\/wp-json\/wp\/v2\/product_cat?post=758807"},{"taxonomy":"product_tag","embeddable":true,"href":"https:\/\/roveyayinevi.com.tr\/index.php\/wp-json\/wp\/v2\/product_tag?post=758807"}],"curies":[{"name":"wp","href":"https:\/\/api.w.org\/{rel}","templated":true}]}}