{"id":758805,"date":"2025-08-28T08:15:20","date_gmt":"2025-08-28T05:15:20","guid":{"rendered":"https:\/\/roveyayinevi.com.tr\/index.php\/urun\/baron-istilasi\/"},"modified":"2026-04-16T03:11:47","modified_gmt":"2026-04-16T00:11:47","slug":"baron-istilasi","status":"publish","type":"product","link":"https:\/\/roveyayinevi.com.tr\/index.php\/urun\/baron-istilasi\/","title":{"rendered":"Baron \u0130stilas\u0131"},"content":{"rendered":"<p>T\u00fcrkiye nas\u0131l d\u00fcnya mafyas\u0131n\u0131n \u00fcss\u00fcne d\u00f6n\u00fc\u015ft\u00fc? D\u00fc\u015fmanlar\u0131n\u0131 \u00f6ld\u00fcr\u00fcp k\u0131yma makinesinden ge\u00e7iren ve kebap yapan S\u0131rp mafya babas\u0131 \u0130stanbul\u2019a neden geldi? Balkan mafyas\u0131n\u0131n i\u015fkence ve cinayet villas\u0131 neredeydi? Ded Hasan, R\u00f6v\u015fan Caniyev ve Lotu Quli aras\u0131nda Rusya\u2019da ba\u015flayan sava\u015f, T\u00fcrkiye\u2019ye nas\u0131l s\u0131\u00e7rad\u0131? \u201cKanuni H\u0131rs\u0131z\u201dlar\u0131 kimler koruyordu? Avrupa\u2019n\u0131n en \u00e7ok aranan Hollandal\u0131 uyu\u015fturucu baronuna oturum iznini kimler verdi? S\u0131rp as\u0131ll\u0131 \u0130sve\u00e7 vatanda\u015f\u0131 uyu\u015fturucu ka\u00e7ak\u00e7\u0131s\u0131, Bulgaristan pasaportuyla nas\u0131l T\u00fcrk vatanda\u015f\u0131 yap\u0131ld\u0131? Avustralya\u2019daki motosiklet \u00e7etesinin liderleri, T\u00fcrkiye\u2019den d\u00fcnya uyu\u015fturucu trafi\u011fini nas\u0131l y\u00f6netti? Yeni Zelandal\u0131 ve Avustralyal\u0131 uyu\u015fturucu baronlar\u0131, T\u00fcrk vatanda\u015fl\u0131\u011f\u0131n\u0131 nas\u0131l pazarlad\u0131? \u0130sve\u00e7li \u00e7etelerin T\u00fcrk vatanda\u015fl\u0131\u011f\u0131 alan liderleri \u0130stanbul\u2019da kiminle ve neden \u00e7at\u0131\u015ft\u0131? K\u0131rm\u0131z\u0131 B\u00fclten\u2019le aranan uyu\u015fturucu baronlar\u0131na, \u00e7ete liderlerine, silah ka\u00e7ak\u00e7\u0131lar\u0131na vatanda\u015fl\u0131\u011f\u0131 kimler sat\u0131yor? Tonlarca kokain y\u00fckl\u00fc gemiler, keskin ni\u015fanc\u0131lar, silikon maskeli tetik\u00e7iler, zehirli planlar, m\u0131knat\u0131sl\u0131 bombalarla suikastlar, cani mafya babalar\u0131, kravatl\u0131 \u00e7eteler, yeralt\u0131 d\u00fcnyas\u0131 ile yer\u00fcst\u00fcn\u00fcn karde\u015fli\u011fi&#8230; Hepsi Baron \u0130stilas\u0131\u2019nda&#8230; <\/p>\n","protected":false},"excerpt":{"rendered":"<p>T\u00fcrkiye nas\u0131l d\u00fcnya mafyas\u0131n\u0131n \u00fcss\u00fcne d\u00f6n\u00fc\u015ft\u00fc? D\u00fc\u015fmanlar\u0131n\u0131 \u00f6ld\u00fcr\u00fcp k\u0131yma makinesinden ge\u00e7iren ve kebap yapan S\u0131rp mafya babas\u0131 \u0130stanbul\u2019a neden geldi? Balkan mafyas\u0131n\u0131n i\u015fkence ve cinayet villas\u0131<span class=\"excerpt-hellip\"> [\u2026]<\/span><\/p>\n","protected":false},"featured_media":0,"template":"","meta":{"_monsterinsights_skip_tracking":false,"_monsterinsights_sitenote_active":false,"_monsterinsights_sitenote_note":"","_monsterinsights_sitenote_category":0},"product_brand":[],"product_cat":[13590,12337],"product_tag":[],"class_list":{"0":"post-758805","1":"product","2":"type-product","3":"status-publish","5":"product_cat-arastirma-inceleme-politika-siyaset","6":"product_cat-politika-siyaset","7":"pa_cilt-ciltsiz","8":"pa_tur-kitap","9":"pa_yayinevi-kirmizi-kedi-yayinevi","10":"pa_yazar-timur-soykan","12":"first","13":"instock","14":"sale","15":"shipping-taxable","16":"purchasable","17":"product-type-simple"},"_links":{"self":[{"href":"https:\/\/roveyayinevi.com.tr\/index.php\/wp-json\/wp\/v2\/product\/758805","targetHints":{"allow":["GET"]}}],"collection":[{"href":"https:\/\/roveyayinevi.com.tr\/index.php\/wp-json\/wp\/v2\/product"}],"about":[{"href":"https:\/\/roveyayinevi.com.tr\/index.php\/wp-json\/wp\/v2\/types\/product"}],"wp:attachment":[{"href":"https:\/\/roveyayinevi.com.tr\/index.php\/wp-json\/wp\/v2\/media?parent=758805"}],"wp:term":[{"taxonomy":"product_brand","embeddable":true,"href":"https:\/\/roveyayinevi.com.tr\/index.php\/wp-json\/wp\/v2\/product_brand?post=758805"},{"taxonomy":"product_cat","embeddable":true,"href":"https:\/\/roveyayinevi.com.tr\/index.php\/wp-json\/wp\/v2\/product_cat?post=758805"},{"taxonomy":"product_tag","embeddable":true,"href":"https:\/\/roveyayinevi.com.tr\/index.php\/wp-json\/wp\/v2\/product_tag?post=758805"}],"curies":[{"name":"wp","href":"https:\/\/api.w.org\/{rel}","templated":true}]}}