{"id":758803,"date":"2025-08-28T08:15:16","date_gmt":"2025-08-28T05:15:16","guid":{"rendered":"https:\/\/roveyayinevi.com.tr\/index.php\/urun\/golge-serisi-2-gecenin-golgesinde-ciltli\/"},"modified":"2026-04-16T03:11:47","modified_gmt":"2026-04-16T00:11:47","slug":"golge-serisi-2-gecenin-golgesinde-ciltli","status":"publish","type":"product","link":"https:\/\/roveyayinevi.com.tr\/index.php\/urun\/golge-serisi-2-gecenin-golgesinde-ciltli\/","title":{"rendered":"G\u00f6lge Serisi 2: Gecenin G\u00f6lgesinde (Ciltli)"},"content":{"rendered":"<p>S\u0131n\u0131rlarda ya\u015fayan korkusuz bir adam&#8230; Tutkuyu hi\u00e7 tatmam\u0131\u015f hayat dolu bir kad\u0131n&#8230; Ve iki z\u0131t insan\u0131 bir araya getiren \u00f6l\u00fcmc\u00fcl bir ser\u00fcven!   Her zorlu\u011fa ra\u011fmen gecenin en koyu g\u00f6lgesini bile ayd\u0131nlatan engellenemez g\u00fc\u00e7te \u00f6zel bir a\u015fk!   H\u0131zl\u0131 temposuyla ba\u015f\u0131n\u0131z\u0131 d\u00f6nd\u00fcrecek, her ortamda a\u015fk\u0131n filizlenebilece\u011fini hissettirecek bir FMArsal roman\u0131 daha!   Serinin ilk kitab\u0131 Yalan\u0131n G\u00f6lgesinde ile kalplere dokunan FAT\u0130H MURAT ARSAL, yeni roman\u0131 Gecenin G\u00f6lgesinde ile g\u00f6n\u00fclleri yeniden fethedecek! <\/p>\n","protected":false},"excerpt":{"rendered":"<p>S\u0131n\u0131rlarda ya\u015fayan korkusuz bir adam&#8230; Tutkuyu hi\u00e7 tatmam\u0131\u015f hayat dolu bir kad\u0131n&#8230; Ve iki z\u0131t insan\u0131 bir araya getiren \u00f6l\u00fcmc\u00fcl bir ser\u00fcven! Her zorlu\u011fa ra\u011fmen gecenin<span class=\"excerpt-hellip\"> [\u2026]<\/span><\/p>\n","protected":false},"featured_media":0,"template":"","meta":{"_monsterinsights_skip_tracking":false,"_monsterinsights_sitenote_active":false,"_monsterinsights_sitenote_note":"","_monsterinsights_sitenote_category":0},"product_brand":[],"product_cat":[12291,12711],"product_tag":[],"class_list":{"0":"post-758803","1":"product","2":"type-product","3":"status-publish","5":"product_cat-edebiyat","6":"product_cat-roman-oyku","7":"pa_cilt-ciltli","8":"pa_tur-kitap","9":"pa_yayinevi-ephesus-yayinlari","10":"pa_yazar-fatih-murat-arsal","12":"first","13":"instock","14":"sale","15":"shipping-taxable","16":"purchasable","17":"product-type-simple"},"_links":{"self":[{"href":"https:\/\/roveyayinevi.com.tr\/index.php\/wp-json\/wp\/v2\/product\/758803","targetHints":{"allow":["GET"]}}],"collection":[{"href":"https:\/\/roveyayinevi.com.tr\/index.php\/wp-json\/wp\/v2\/product"}],"about":[{"href":"https:\/\/roveyayinevi.com.tr\/index.php\/wp-json\/wp\/v2\/types\/product"}],"wp:attachment":[{"href":"https:\/\/roveyayinevi.com.tr\/index.php\/wp-json\/wp\/v2\/media?parent=758803"}],"wp:term":[{"taxonomy":"product_brand","embeddable":true,"href":"https:\/\/roveyayinevi.com.tr\/index.php\/wp-json\/wp\/v2\/product_brand?post=758803"},{"taxonomy":"product_cat","embeddable":true,"href":"https:\/\/roveyayinevi.com.tr\/index.php\/wp-json\/wp\/v2\/product_cat?post=758803"},{"taxonomy":"product_tag","embeddable":true,"href":"https:\/\/roveyayinevi.com.tr\/index.php\/wp-json\/wp\/v2\/product_tag?post=758803"}],"curies":[{"name":"wp","href":"https:\/\/api.w.org\/{rel}","templated":true}]}}