{"id":758797,"date":"2025-08-28T08:15:05","date_gmt":"2025-08-28T05:15:05","guid":{"rendered":"https:\/\/roveyayinevi.com.tr\/index.php\/urun\/medici-ii-gucun-efendisi-muhtesem-lorenzo\/"},"modified":"2026-04-16T03:11:47","modified_gmt":"2026-04-16T00:11:47","slug":"medici-ii-gucun-efendisi-muhtesem-lorenzo","status":"publish","type":"product","link":"https:\/\/roveyayinevi.com.tr\/index.php\/urun\/medici-ii-gucun-efendisi-muhtesem-lorenzo\/","title":{"rendered":"Medici II: G\u00fcc\u00fcn Efendisi Muhte\u015fem Lorenzo"},"content":{"rendered":"<p>MED\u0130C\u0130 EFSANES\u0130, MUHTE\u015eEM LORENZO\u2019NUNH\u0130K\u00c2YES\u0130YLE GER\u0130 D\u00d6N\u00dcYOR.G\u00dc\u00c7 VE \u0130HANET\u0130N \u00d6RT\u00dcS\u00dc ARALANIRKENFLORANSA\u2019NIN KADER\u0130 BEL\u0130RLEN\u0130YOR.          Floransa, 1469. Medici hanedan\u0131n\u0131n gen\u00e7 efendisi Lorenzo de\u2019 Medici, yeni gelini Clarice Orsini\u2019yi kar\u015f\u0131lama haz\u0131rl\u0131\u011f\u0131 i\u00e7indedir. Kalbinin, ger\u00e7ek a\u015fk\u0131 Lucrezia Donati\u2019ye ait oldu\u011funu bilse de g\u00fc\u00e7l\u00fc bir Roma ailesiyle kuraca\u011f\u0131 ittifak i\u00e7in buna mecburdur. Ne var ki Floransa\u2019n\u0131n tuzaklarla dolu politik arenas\u0131, Lorenzo\u2019yu zorlu se\u00e7imlerle beraber entrikan\u0131n ve ihanetin dolamba\u00e7l\u0131 labirentleriylede y\u00fczle\u015ftirecektir. \u00d6yle ki en yak\u0131n dostu Leonardo da Vinci bile kendisine y\u00fcz \u00e7evirecektir. \u00dcstelik ezeli d\u00fc\u015fmanlar\u0131n\u0131n hain komplolar\u0131ndan habersizdir.  \u015eehir, ihanetin ve intikam\u0131n pen\u00e7esine d\u00fc\u015ferken Medici haneda-n\u0131n\u0131n iktidar\u0131 bir kez daha zorlu bir s\u0131navdan ge\u00e7ecek ve tarihin en unutulmaz isyan\u0131na sahne olacakt\u0131r. Matteo Strukul, R\u00f6nesans d\u00f6neminin zengin atmosferiyle \u00f6rd\u00fc\u011f\u00fc bu romanda a\u015fk\u0131n ve entrikan\u0131n karanl\u0131k dokusunu ustaca i\u015fleyerek okurlar\u0131n\u0131 unutulmaz bir yolculu\u011fa davet ediyor. <\/p>\n","protected":false},"excerpt":{"rendered":"<p>MED\u0130C\u0130 EFSANES\u0130, MUHTE\u015eEM LORENZO\u2019NUNH\u0130K\u00c2YES\u0130YLE GER\u0130 D\u00d6N\u00dcYOR.G\u00dc\u00c7 VE \u0130HANET\u0130N \u00d6RT\u00dcS\u00dc ARALANIRKENFLORANSA\u2019NIN KADER\u0130 BEL\u0130RLEN\u0130YOR. Floransa, 1469. Medici hanedan\u0131n\u0131n gen\u00e7 efendisi Lorenzo de\u2019 Medici, yeni gelini Clarice Orsini\u2019yi kar\u015f\u0131lama<span class=\"excerpt-hellip\"> [\u2026]<\/span><\/p>\n","protected":false},"featured_media":0,"template":"","meta":{"_monsterinsights_skip_tracking":false,"_monsterinsights_sitenote_active":false,"_monsterinsights_sitenote_note":"","_monsterinsights_sitenote_category":0},"product_brand":[],"product_cat":[12291,50487],"product_tag":[],"class_list":{"0":"post-758797","1":"product","2":"type-product","3":"status-publish","5":"product_cat-edebiyat","6":"product_cat-kurgu","7":"pa_cilt-ciltsiz","8":"pa_tur-kitap","9":"pa_yayinevi-epsilon-yayinlari","10":"pa_yazar-matteo-strukul","12":"first","13":"instock","14":"sale","15":"shipping-taxable","16":"purchasable","17":"product-type-simple"},"_links":{"self":[{"href":"https:\/\/roveyayinevi.com.tr\/index.php\/wp-json\/wp\/v2\/product\/758797","targetHints":{"allow":["GET"]}}],"collection":[{"href":"https:\/\/roveyayinevi.com.tr\/index.php\/wp-json\/wp\/v2\/product"}],"about":[{"href":"https:\/\/roveyayinevi.com.tr\/index.php\/wp-json\/wp\/v2\/types\/product"}],"wp:attachment":[{"href":"https:\/\/roveyayinevi.com.tr\/index.php\/wp-json\/wp\/v2\/media?parent=758797"}],"wp:term":[{"taxonomy":"product_brand","embeddable":true,"href":"https:\/\/roveyayinevi.com.tr\/index.php\/wp-json\/wp\/v2\/product_brand?post=758797"},{"taxonomy":"product_cat","embeddable":true,"href":"https:\/\/roveyayinevi.com.tr\/index.php\/wp-json\/wp\/v2\/product_cat?post=758797"},{"taxonomy":"product_tag","embeddable":true,"href":"https:\/\/roveyayinevi.com.tr\/index.php\/wp-json\/wp\/v2\/product_tag?post=758797"}],"curies":[{"name":"wp","href":"https:\/\/api.w.org\/{rel}","templated":true}]}}