{"id":758796,"date":"2025-08-28T08:15:04","date_gmt":"2025-08-28T05:15:04","guid":{"rendered":"https:\/\/roveyayinevi.com.tr\/index.php\/urun\/kedim-gozbebeklerimi-yer-mi\/"},"modified":"2026-04-16T03:11:47","modified_gmt":"2026-04-16T00:11:47","slug":"kedim-gozbebeklerimi-yer-mi","status":"publish","type":"product","link":"https:\/\/roveyayinevi.com.tr\/index.php\/urun\/kedim-gozbebeklerimi-yer-mi\/","title":{"rendered":"Kedim G\u00f6zbebeklerimi Yer mi?"},"content":{"rendered":"<p>\u00d6L\u00dcM E\u011eLENCEL\u0130DE\u011e\u0130LD\u0130R&#8230;YA DA \u00d6YLE M\u0130D\u0130R?  Uzayda bir astronotun bedenine ne olur?\u00d6ld\u00fc\u011f\u00fcmde kaka yapacak m\u0131y\u0131m?Aptal bir ifade tak\u0131nm\u0131\u015f h\u00e2lde \u00f6l\u00fcrsem, sonsuza kadar \u00f6yle mi kal\u0131r\u0131m? Herkesin \u00f6l\u00fcmle ilgili sorular\u0131 vard\u0131r. \u00c7oksatan yazar ve cenaze levaz\u0131mat\u00e7\u0131s\u0131 Caitlin Doughty, Kedim G\u00f6zbebeklerimi Yer mi? adl\u0131 bu kitab\u0131nda, \u00f6ld\u00fc\u011f\u00fcm\u00fczde bedenlerimize ne oldu\u011funa dair \u00e7ocuklar taraf\u0131ndan kendisine y\u00f6neltilen birbirinden ilgin\u00e7 ve komik sorular\u0131 yan\u0131tl\u0131yor. Ak\u0131c\u0131, bilgilendirici ve bir o kadar da komik bir \u00fcslupla kaleme al\u0131nm\u0131\u015f bu kitapta Doughty, eski M\u0131s\u0131r \u00f6l\u00fcm rit\u00fcellerinden iskelet bilimine, et yiyen b\u00f6ceklerden \u00f6ld\u00fckten sonra hamster\u2019\u0131m\u0131zla g\u00f6m\u00fcl\u00fcp g\u00f6m\u00fclemeyece\u011fimize kadar \u00f6l\u00fcmle ilgili pek \u00e7ok konuyu mercek alt\u0131na al\u0131yor. Yazar, geride b\u0131rakt\u0131\u011f\u0131m\u0131z bedeni nelerin bekledi\u011fine dair birbirinden ilgin\u00e7 bilgiler sunarken bizleri \u00f6l\u00fcm korkumuzla y\u00fczle\u015fmeye davet ediyor.   \u201cKomik, karanl\u0131k ve yer yer \u015fa\u015f\u0131rt\u0131c\u0131 derecede varolu\u015fsal.\u201d \u0336   Guardian \u201cBilim ve mizah\u0131n keyifli bir kar\u0131\u015f\u0131m\u0131&#8230; Son derece e\u011flenceli.\u201d \u0336   Library Journal<\/p>\n","protected":false},"excerpt":{"rendered":"<p>\u00d6L\u00dcM E\u011eLENCEL\u0130DE\u011e\u0130LD\u0130R&#8230;YA DA \u00d6YLE M\u0130D\u0130R? Uzayda bir astronotun bedenine ne olur?\u00d6ld\u00fc\u011f\u00fcmde kaka yapacak m\u0131y\u0131m?Aptal bir ifade tak\u0131nm\u0131\u015f h\u00e2lde \u00f6l\u00fcrsem, sonsuza kadar \u00f6yle mi kal\u0131r\u0131m? Herkesin \u00f6l\u00fcmle<span class=\"excerpt-hellip\"> [\u2026]<\/span><\/p>\n","protected":false},"featured_media":0,"template":"","meta":{"_monsterinsights_skip_tracking":false,"_monsterinsights_sitenote_active":false,"_monsterinsights_sitenote_note":"","_monsterinsights_sitenote_category":0},"product_brand":[],"product_cat":[13005,13006],"product_tag":[],"class_list":{"0":"post-758796","1":"product","2":"type-product","3":"status-publish","5":"product_cat-bilim-muhendislik","6":"product_cat-populer-bilim","7":"pa_cilt-ciltsiz","8":"pa_tur-kitap","9":"pa_yayinevi-epsilon-yayinlari","10":"pa_yazar-caitlin-doughty","12":"first","13":"instock","14":"sale","15":"shipping-taxable","16":"purchasable","17":"product-type-simple"},"_links":{"self":[{"href":"https:\/\/roveyayinevi.com.tr\/index.php\/wp-json\/wp\/v2\/product\/758796","targetHints":{"allow":["GET"]}}],"collection":[{"href":"https:\/\/roveyayinevi.com.tr\/index.php\/wp-json\/wp\/v2\/product"}],"about":[{"href":"https:\/\/roveyayinevi.com.tr\/index.php\/wp-json\/wp\/v2\/types\/product"}],"wp:attachment":[{"href":"https:\/\/roveyayinevi.com.tr\/index.php\/wp-json\/wp\/v2\/media?parent=758796"}],"wp:term":[{"taxonomy":"product_brand","embeddable":true,"href":"https:\/\/roveyayinevi.com.tr\/index.php\/wp-json\/wp\/v2\/product_brand?post=758796"},{"taxonomy":"product_cat","embeddable":true,"href":"https:\/\/roveyayinevi.com.tr\/index.php\/wp-json\/wp\/v2\/product_cat?post=758796"},{"taxonomy":"product_tag","embeddable":true,"href":"https:\/\/roveyayinevi.com.tr\/index.php\/wp-json\/wp\/v2\/product_tag?post=758796"}],"curies":[{"name":"wp","href":"https:\/\/api.w.org\/{rel}","templated":true}]}}