{"id":758795,"date":"2025-08-28T08:15:02","date_gmt":"2025-08-28T05:15:02","guid":{"rendered":"https:\/\/roveyayinevi.com.tr\/index.php\/urun\/minecraft-2\/"},"modified":"2026-02-03T03:25:57","modified_gmt":"2026-02-03T00:25:57","slug":"minecraft-2","status":"publish","type":"product","link":"https:\/\/roveyayinevi.com.tr\/index.php\/urun\/minecraft-2\/","title":{"rendered":"Minecraft 2"},"content":{"rendered":"<p>minecraft ikinci \u00e7izgi roman\u0131ylah\u0131z kesmeden devam ediyor&#8230; \u00c7etenin bir okyanus an\u0131t\u0131na do\u011fru son maceralar\u0131n\u0131 planlad\u0131klar\u0131SonsuzDiyar\u2019a tekrar ho\u015f geldiniz! Ancak b\u00fcy\u00fck maceralar\u0131 hem oyundaki hem de ger\u00e7ek hayattaki zorbalar taraf\u0131ndan sekteye u\u011frat\u0131l\u0131nca Evan, Tyler, Tobi, Candace ve Grace tekrar yola koyulmak i\u00e7in bir plan yapmak zorunda kal\u0131r! Korsanlar\u0131n sald\u0131r\u0131s\u0131na u\u011frayan ve ard\u0131ndan daha da b\u00fcy\u00fck bir tehdidi hesaba katmak zorunda kalan t\u00fcm oyuncular, zorluklarla y\u00fczle\u015fmek i\u00e7in birbirlerine g\u00fcvenmeyi \u00f6\u011frenmeleri gerekti\u011fini fark ederler. <\/p>\n","protected":false},"excerpt":{"rendered":"<p>minecraft ikinci \u00e7izgi roman\u0131ylah\u0131z kesmeden devam ediyor&#8230; \u00c7etenin bir okyanus an\u0131t\u0131na do\u011fru son maceralar\u0131n\u0131 planlad\u0131klar\u0131SonsuzDiyar\u2019a tekrar ho\u015f geldiniz! Ancak b\u00fcy\u00fck maceralar\u0131 hem oyundaki hem de ger\u00e7ek<span class=\"excerpt-hellip\"> [\u2026]<\/span><\/p>\n","protected":false},"featured_media":0,"template":"","meta":{"_monsterinsights_skip_tracking":false,"_monsterinsights_sitenote_active":false,"_monsterinsights_sitenote_note":"","_monsterinsights_sitenote_category":0},"product_brand":[],"product_cat":[12689,12274],"product_tag":[],"class_list":{"0":"post-758795","1":"product","2":"type-product","3":"status-publish","5":"product_cat-cizgi-roman-cocuk-ve-genclik-kitaplari","6":"product_cat-cocuk-ve-genclik-kitaplari","7":"pa_cilt-ciltsiz","8":"pa_tur-kitap","9":"pa_yayinevi-epsilon-yayinlari","10":"pa_yazar-sfe-r-monster","12":"first","13":"instock","14":"sale","15":"shipping-taxable","16":"purchasable","17":"product-type-simple"},"_links":{"self":[{"href":"https:\/\/roveyayinevi.com.tr\/index.php\/wp-json\/wp\/v2\/product\/758795","targetHints":{"allow":["GET"]}}],"collection":[{"href":"https:\/\/roveyayinevi.com.tr\/index.php\/wp-json\/wp\/v2\/product"}],"about":[{"href":"https:\/\/roveyayinevi.com.tr\/index.php\/wp-json\/wp\/v2\/types\/product"}],"wp:attachment":[{"href":"https:\/\/roveyayinevi.com.tr\/index.php\/wp-json\/wp\/v2\/media?parent=758795"}],"wp:term":[{"taxonomy":"product_brand","embeddable":true,"href":"https:\/\/roveyayinevi.com.tr\/index.php\/wp-json\/wp\/v2\/product_brand?post=758795"},{"taxonomy":"product_cat","embeddable":true,"href":"https:\/\/roveyayinevi.com.tr\/index.php\/wp-json\/wp\/v2\/product_cat?post=758795"},{"taxonomy":"product_tag","embeddable":true,"href":"https:\/\/roveyayinevi.com.tr\/index.php\/wp-json\/wp\/v2\/product_tag?post=758795"}],"curies":[{"name":"wp","href":"https:\/\/api.w.org\/{rel}","templated":true}]}}