{"id":758790,"date":"2025-08-28T08:14:54","date_gmt":"2025-08-28T05:14:54","guid":{"rendered":"https:\/\/roveyayinevi.com.tr\/index.php\/urun\/mutluluk-4\/"},"modified":"2026-04-13T03:19:27","modified_gmt":"2026-04-13T00:19:27","slug":"mutluluk-4","status":"publish","type":"product","link":"https:\/\/roveyayinevi.com.tr\/index.php\/urun\/mutluluk-4\/","title":{"rendered":"Mutluluk"},"content":{"rendered":"<p>Mutluluk, Osho\u2019nun \u00e7ok satan Yeni Bir Ya\u015fam Tarz\u0131 \u0130\u00e7in \u0130\u00e7g\u00f6ru\u0308ler serisinin on ikinci kitab\u0131 ve 2017\u2019den bu yana serinin ilk yeni kitab\u0131d\u0131r. Bu eserde Osho her zamankinden daha gu\u0308\u00e7lu\u0308 bir \u015fekilde geri d\u00f6nu\u0308yor ve zaman\u0131n sorunlar\u0131n\u0131 ele al\u0131yor. De\u011fi\u015fimin getirdi\u011fi kaosun hu\u0308ku\u0308m su\u0308rdu\u0308\u011fu\u0308 bir d\u00f6nemde dengemizi korumaya \u00e7al\u0131\u015f\u0131rken, \u00e7o\u011fu zaman art\u0131k dayanacak gu\u0308cu\u0308mu\u0308z kalmam\u0131\u015f gibi hissediyoruz. Ku\u0308resel bir salg\u0131n\u0131 atlatt\u0131k, hastal\u0131k ve \u00f6lu\u0308mle yu\u0308zle\u015ftik, toplumsal soyutlanmaya su\u0308ru\u0308klendik, ekonomik belirsizlikler ya\u015fad\u0131k ve \u201cBana, hayat\u0131ma, mutlulu\u011fuma ne olacak?\u201d gibi sorular sorduk. Tu\u0308m insan kalpleri ayn\u0131d\u0131r ve nihai arzular\u0131 da ayn\u0131d\u0131r: mutluluk. Herkes mu\u0308kemmel ve saf mutluluk ister, \u00e7u\u0308nku\u0308 ancak o zaman bu korku ve gu\u0308vensizlik hissi sona erecektir.   Osho do\u011frudan meselenin \u00f6zu\u0308ne iniyor: \u201cMaddi \u015feylerle mi mutlu oluyorsun yoksa bilincini mi geli\u015ftirmek istiyorsun bilmek isterim. Sadece d\u0131\u015f du\u0308nyadan doyum sa\u011flayan ki\u015fi temelde daima mutsuz olacakt\u0131r. Bu tu\u0308r bir ya\u015fam sadece rahatl\u0131\u011fa (kolayl\u0131\u011fa) hitap eder. Rahatl\u0131k yaln\u0131zca s\u0131k\u0131nt\u0131lar\u0131n yoklu\u011fu demektir, oysa ger\u00e7ek tatmin mutlulu\u011fun elde edilmesinden gelir. Su\u0308rekli olarak hazz\u0131 mutlulukla kar\u0131\u015ft\u0131r\u0131yoruz. Haz yaln\u0131zca bir g\u00f6lge, mutlulu\u011fun yaln\u0131zca bir yans\u0131mas\u0131d\u0131r. Oysa \u00e7o\u011fu insan hayat\u0131n bu mutluluk hayaletinden ibaret oldu\u011fu yan\u0131lsamas\u0131 i\u00e7inde ya\u015f\u0131yor.\u201d   Mutlulu\u011fa eri\u015fmek ancak \u00f6zgu\u0308n benli\u011finizle kar\u015f\u0131la\u015fma korkusuyla yu\u0308zle\u015fmekle, kendinizi oldu\u011funuz gibi kabul etme riskini almakla mu\u0308mku\u0308ndu\u0308r. Osho\u2019nun dedi\u011fi gibi, kendi ba\u015f\u0131n\u0131za durmak ve \u015fu s\u00f6zleri ilan etmek cesaret ister: \u201cBen kendimden ba\u015fka hi\u00e7 kimse olmayaca\u011f\u0131m. \u0130yi ya da k\u00f6tu\u0308, kabul edilebilir ya da edilemez, prestijli ya da prestijsiz, kesin olan bir \u015fey var ki o da sadece kendim olabilirim, ba\u015fka hi\u00e7 kimse olamam!\u201d Bu duru\u015f, ya\u015fama kar\u015f\u0131 devrimci bir yakla\u015f\u0131m gerektirir. Ya\u015fam\u0131n sefalet k\u0131s\u0131r d\u00f6ngu\u0308su\u0308nden kurtulmak isteyen her bireyin ihtiya\u00e7 duydu\u011fu dayanak i\u015fte budur. <\/p>\n","protected":false},"excerpt":{"rendered":"<p>Mutluluk, Osho\u2019nun \u00e7ok satan Yeni Bir Ya\u015fam Tarz\u0131 \u0130\u00e7in \u0130\u00e7g\u00f6ru\u0308ler serisinin on ikinci kitab\u0131 ve 2017\u2019den bu yana serinin ilk yeni kitab\u0131d\u0131r. Bu eserde Osho her<span class=\"excerpt-hellip\"> [\u2026]<\/span><\/p>\n","protected":false},"featured_media":0,"template":"","meta":{"_monsterinsights_skip_tracking":false,"_monsterinsights_sitenote_active":false,"_monsterinsights_sitenote_note":"","_monsterinsights_sitenote_category":0},"product_brand":[],"product_cat":[12364,12376],"product_tag":[],"class_list":{"0":"post-758790","1":"product","2":"type-product","3":"status-publish","5":"product_cat-genel-konular","6":"product_cat-kisisel-gelisim","7":"pa_cilt-ciltsiz","8":"pa_tur-kitap","9":"pa_yayinevi-butik-yayinlari","10":"pa_yazar-osho","12":"first","13":"instock","14":"sale","15":"shipping-taxable","16":"purchasable","17":"product-type-simple"},"_links":{"self":[{"href":"https:\/\/roveyayinevi.com.tr\/index.php\/wp-json\/wp\/v2\/product\/758790","targetHints":{"allow":["GET"]}}],"collection":[{"href":"https:\/\/roveyayinevi.com.tr\/index.php\/wp-json\/wp\/v2\/product"}],"about":[{"href":"https:\/\/roveyayinevi.com.tr\/index.php\/wp-json\/wp\/v2\/types\/product"}],"wp:attachment":[{"href":"https:\/\/roveyayinevi.com.tr\/index.php\/wp-json\/wp\/v2\/media?parent=758790"}],"wp:term":[{"taxonomy":"product_brand","embeddable":true,"href":"https:\/\/roveyayinevi.com.tr\/index.php\/wp-json\/wp\/v2\/product_brand?post=758790"},{"taxonomy":"product_cat","embeddable":true,"href":"https:\/\/roveyayinevi.com.tr\/index.php\/wp-json\/wp\/v2\/product_cat?post=758790"},{"taxonomy":"product_tag","embeddable":true,"href":"https:\/\/roveyayinevi.com.tr\/index.php\/wp-json\/wp\/v2\/product_tag?post=758790"}],"curies":[{"name":"wp","href":"https:\/\/api.w.org\/{rel}","templated":true}]}}